{"id":2015,"date":"2018-12-11T17:03:56","date_gmt":"2018-12-11T16:03:56","guid":{"rendered":"https:\/\/www.terraaquatica.com\/produits\/silicate-2\/"},"modified":"2026-01-05T11:27:37","modified_gmt":"2026-01-05T10:27:37","slug":"silicate-2","status":"publish","type":"product","link":"https:\/\/www.terraaquatica.com\/fr\/biostimulant-organique-universel\/silicate-2","title":{"rendered":"Silicate"},"content":{"rendered":"\n\n\n<p>Silicate, produit exclusif de Terra Aquatica, est issu de d\u00e9p\u00f4ts organiques anciens enrichis par des argiles contenant des silicates solubles. Cette formulation offre une concentration \u00e9lev\u00e9e en silice, un \u00e9l\u00e9ment essentiel pour la r\u00e9sistance structurelle des plantes et leur sant\u00e9 globale.<\/p>\n\n\n\n<p><br><strong>Caract\u00e9ristiques et avantages techniques :<\/strong><br>\u2022 Stabilit\u00e9 des solutions nutritives : Silicate stabilise le pH, ce qui assure un environnement de culture constant, r\u00e9duisant les variations qui causent du stress chez les plantes.<br>\u2022 Protection et r\u00e9silience : En limitant l\u2019absorption des m\u00e9taux lourds, Silicate prot\u00e8ge les plantes des toxicit\u00e9s et renforce leur tol\u00e9rance aux \u00e9l\u00e9ments ext\u00e9rieurs d\u00e9favorables.<br>\u2022 Enrichissement en micro\u00e9l\u00e9ments : compos\u00e9 de plus de 60 min\u00e9raux, il apporte des nutriments compl\u00e9mentaires cruciaux pour un d\u00e9veloppement harmonieux.<br>\u2022 Apport en calcium et en carbonates : En int\u00e9grant des carbonates pour une r\u00e9gulation durable du pH, Silicate se positionne comme un produit de pointe pour la sant\u00e9 des cultures.<\/p>\n\n\n\n<p>Silicate constitue un choix de premier plan pour les cultures en substrat, en hydroponie ou en pleine terre, et garantit des plantes plus robustes avec des rendements optimis\u00e9s.<\/p>\n\n\n\n<p>Points forts :<\/p>\n\n\n\n<p><\/p>\n\n\n\n<ul class=\"wp-block-list\">\n<li>Polyvalent et compatible<\/li>\n\n\n\n<li>Riche en calcium et en silice<\/li>\n\n\n\n<li>Renforce et prot\u00e8ge les plantes<\/li>\n<\/ul>\n","protected":false},"author":3,"template":"","meta":{"_acf_changed":true},"m_thode_de_culture":[31,32],"substrat":[302,299,300,301,303],"product_category":[224],"class_list":["post-2015","product","type-product","status-publish","has-post-thumbnail","hentry","m_thode_de_culture-mineral-en","m_thode_de_culture-organic-en","substrat-bioponics","substrat-coco","substrat-hydro","substrat-soil","substrat-spray","product_category-biostimulant-organique-universel"],"acf":[],"yoast_head":"<!-- This site is optimized with the Yoast SEO plugin v27.3 - https:\/\/yoast.com\/product\/yoast-seo-wordpress\/ -->\n<title>Silicate - Terra Aquatica<\/title>\n<meta name=\"robots\" content=\"index, follow, max-snippet:-1, max-image-preview:large, max-video-preview:-1\" \/>\n<link rel=\"canonical\" href=\"https:\/\/www.terraaquatica.com\/fr\/biostimulant-organique-universel\/silicate-2\/\" \/>\n<meta property=\"og:locale\" content=\"fr_FR\" \/>\n<meta property=\"og:type\" content=\"article\" \/>\n<meta property=\"og:title\" content=\"Silicate - Terra Aquatica\" \/>\n<meta property=\"og:description\" content=\"Silicate, produit exclusif de Terra Aquatica, est issu de d\u00e9p\u00f4ts organiques anciens enrichis par des argiles contenant des silicates solubles. [&hellip;]\" \/>\n<meta property=\"og:url\" content=\"https:\/\/www.terraaquatica.com\/fr\/biostimulant-organique-universel\/silicate-2\" \/>\n<meta property=\"og:site_name\" content=\"Terra Aquatica\" \/>\n<meta property=\"article:modified_time\" content=\"2026-01-05T10:27:37+00:00\" \/>\n<meta property=\"og:image\" content=\"https:\/\/www.terraaquatica.com\/wp-content\/uploads\/2019\/03\/silicate-1l.jpg\" \/>\n\t<meta property=\"og:image:width\" content=\"720\" \/>\n\t<meta property=\"og:image:height\" content=\"720\" \/>\n\t<meta property=\"og:image:type\" content=\"image\/jpeg\" \/>\n<meta name=\"twitter:card\" content=\"summary_large_image\" \/>\n<meta name=\"twitter:label1\" content=\"Dur\u00e9e de lecture estim\u00e9e\" \/>\n\t<meta name=\"twitter:data1\" content=\"1 minute\" \/>\n<script type=\"application\/ld+json\" class=\"yoast-schema-graph\">{\"@context\":\"https:\\\/\\\/schema.org\",\"@graph\":[{\"@type\":\"WebPage\",\"@id\":\"https:\\\/\\\/www.terraaquatica.com\\\/fr\\\/biostimulant-organique-universel\\\/silicate-2\",\"url\":\"https:\\\/\\\/www.terraaquatica.com\\\/fr\\\/biostimulant-organique-universel\\\/silicate-2\",\"name\":\"Silicate - Terra Aquatica\",\"isPartOf\":{\"@id\":\"https:\\\/\\\/www.terraaquatica.com\\\/#website\"},\"primaryImageOfPage\":{\"@id\":\"https:\\\/\\\/www.terraaquatica.com\\\/fr\\\/biostimulant-organique-universel\\\/silicate-2#primaryimage\"},\"image\":{\"@id\":\"https:\\\/\\\/www.terraaquatica.com\\\/fr\\\/biostimulant-organique-universel\\\/silicate-2#primaryimage\"},\"thumbnailUrl\":\"https:\\\/\\\/www.terraaquatica.com\\\/wp-content\\\/uploads\\\/2019\\\/03\\\/silicate-1l.jpg\",\"datePublished\":\"2018-12-11T16:03:56+00:00\",\"dateModified\":\"2026-01-05T10:27:37+00:00\",\"breadcrumb\":{\"@id\":\"https:\\\/\\\/www.terraaquatica.com\\\/fr\\\/biostimulant-organique-universel\\\/silicate-2#breadcrumb\"},\"inLanguage\":\"fr-FR\",\"potentialAction\":[{\"@type\":\"ReadAction\",\"target\":[\"https:\\\/\\\/www.terraaquatica.com\\\/fr\\\/biostimulant-organique-universel\\\/silicate-2\"]}]},{\"@type\":\"ImageObject\",\"inLanguage\":\"fr-FR\",\"@id\":\"https:\\\/\\\/www.terraaquatica.com\\\/fr\\\/biostimulant-organique-universel\\\/silicate-2#primaryimage\",\"url\":\"https:\\\/\\\/www.terraaquatica.com\\\/wp-content\\\/uploads\\\/2019\\\/03\\\/silicate-1l.jpg\",\"contentUrl\":\"https:\\\/\\\/www.terraaquatica.com\\\/wp-content\\\/uploads\\\/2019\\\/03\\\/silicate-1l.jpg\",\"width\":720,\"height\":720,\"caption\":\"Silicate\"},{\"@type\":\"BreadcrumbList\",\"@id\":\"https:\\\/\\\/www.terraaquatica.com\\\/fr\\\/biostimulant-organique-universel\\\/silicate-2#breadcrumb\",\"itemListElement\":[{\"@type\":\"ListItem\",\"position\":1,\"name\":\"Accueil\",\"item\":\"https:\\\/\\\/www.terraaquatica.com\\\/fr\\\/\"},{\"@type\":\"ListItem\",\"position\":2,\"name\":\"Products\",\"item\":\"https:\\\/\\\/www.terraaquatica.com\\\/fr\\\/product\\\/\"},{\"@type\":\"ListItem\",\"position\":3,\"name\":\"Silicate\"}]},{\"@type\":\"WebSite\",\"@id\":\"https:\\\/\\\/www.terraaquatica.com\\\/#website\",\"url\":\"https:\\\/\\\/www.terraaquatica.com\\\/\",\"name\":\"Terra Aquatica\",\"description\":\"Engrais et syst\u00e8mes de culture depuis 1995\",\"publisher\":{\"@id\":\"https:\\\/\\\/www.terraaquatica.com\\\/#organization\"},\"potentialAction\":[{\"@type\":\"SearchAction\",\"target\":{\"@type\":\"EntryPoint\",\"urlTemplate\":\"https:\\\/\\\/www.terraaquatica.com\\\/?s={search_term_string}\"},\"query-input\":{\"@type\":\"PropertyValueSpecification\",\"valueRequired\":true,\"valueName\":\"search_term_string\"}}],\"inLanguage\":\"fr-FR\"},{\"@type\":\"Organization\",\"@id\":\"https:\\\/\\\/www.terraaquatica.com\\\/#organization\",\"name\":\"Terra Aquatica\",\"url\":\"https:\\\/\\\/www.terraaquatica.com\\\/\",\"logo\":{\"@type\":\"ImageObject\",\"inLanguage\":\"fr-FR\",\"@id\":\"https:\\\/\\\/www.terraaquatica.com\\\/#\\\/schema\\\/logo\\\/image\\\/\",\"url\":\"https:\\\/\\\/www.terraaquatica.com\\\/wp-content\\\/uploads\\\/2022\\\/03\\\/favicon-transpa-big.png\",\"contentUrl\":\"https:\\\/\\\/www.terraaquatica.com\\\/wp-content\\\/uploads\\\/2022\\\/03\\\/favicon-transpa-big.png\",\"width\":512,\"height\":512,\"caption\":\"Terra Aquatica\"},\"image\":{\"@id\":\"https:\\\/\\\/www.terraaquatica.com\\\/#\\\/schema\\\/logo\\\/image\\\/\"}}]}<\/script>\n<!-- \/ Yoast SEO plugin. -->","yoast_head_json":{"title":"Silicate - Terra Aquatica","robots":{"index":"index","follow":"follow","max-snippet":"max-snippet:-1","max-image-preview":"max-image-preview:large","max-video-preview":"max-video-preview:-1"},"canonical":"https:\/\/www.terraaquatica.com\/fr\/biostimulant-organique-universel\/silicate-2\/","og_locale":"fr_FR","og_type":"article","og_title":"Silicate - Terra Aquatica","og_description":"Silicate, produit exclusif de Terra Aquatica, est issu de d\u00e9p\u00f4ts organiques anciens enrichis par des argiles contenant des silicates solubles. [&hellip;]","og_url":"https:\/\/www.terraaquatica.com\/fr\/biostimulant-organique-universel\/silicate-2","og_site_name":"Terra Aquatica","article_modified_time":"2026-01-05T10:27:37+00:00","og_image":[{"width":720,"height":720,"url":"https:\/\/www.terraaquatica.com\/wp-content\/uploads\/2019\/03\/silicate-1l.jpg","type":"image\/jpeg"}],"twitter_card":"summary_large_image","twitter_misc":{"Dur\u00e9e de lecture estim\u00e9e":"1 minute"},"schema":{"@context":"https:\/\/schema.org","@graph":[{"@type":"WebPage","@id":"https:\/\/www.terraaquatica.com\/fr\/biostimulant-organique-universel\/silicate-2","url":"https:\/\/www.terraaquatica.com\/fr\/biostimulant-organique-universel\/silicate-2","name":"Silicate - Terra Aquatica","isPartOf":{"@id":"https:\/\/www.terraaquatica.com\/#website"},"primaryImageOfPage":{"@id":"https:\/\/www.terraaquatica.com\/fr\/biostimulant-organique-universel\/silicate-2#primaryimage"},"image":{"@id":"https:\/\/www.terraaquatica.com\/fr\/biostimulant-organique-universel\/silicate-2#primaryimage"},"thumbnailUrl":"https:\/\/www.terraaquatica.com\/wp-content\/uploads\/2019\/03\/silicate-1l.jpg","datePublished":"2018-12-11T16:03:56+00:00","dateModified":"2026-01-05T10:27:37+00:00","breadcrumb":{"@id":"https:\/\/www.terraaquatica.com\/fr\/biostimulant-organique-universel\/silicate-2#breadcrumb"},"inLanguage":"fr-FR","potentialAction":[{"@type":"ReadAction","target":["https:\/\/www.terraaquatica.com\/fr\/biostimulant-organique-universel\/silicate-2"]}]},{"@type":"ImageObject","inLanguage":"fr-FR","@id":"https:\/\/www.terraaquatica.com\/fr\/biostimulant-organique-universel\/silicate-2#primaryimage","url":"https:\/\/www.terraaquatica.com\/wp-content\/uploads\/2019\/03\/silicate-1l.jpg","contentUrl":"https:\/\/www.terraaquatica.com\/wp-content\/uploads\/2019\/03\/silicate-1l.jpg","width":720,"height":720,"caption":"Silicate"},{"@type":"BreadcrumbList","@id":"https:\/\/www.terraaquatica.com\/fr\/biostimulant-organique-universel\/silicate-2#breadcrumb","itemListElement":[{"@type":"ListItem","position":1,"name":"Accueil","item":"https:\/\/www.terraaquatica.com\/fr\/"},{"@type":"ListItem","position":2,"name":"Products","item":"https:\/\/www.terraaquatica.com\/fr\/product\/"},{"@type":"ListItem","position":3,"name":"Silicate"}]},{"@type":"WebSite","@id":"https:\/\/www.terraaquatica.com\/#website","url":"https:\/\/www.terraaquatica.com\/","name":"Terra Aquatica","description":"Engrais et syst\u00e8mes de culture depuis 1995","publisher":{"@id":"https:\/\/www.terraaquatica.com\/#organization"},"potentialAction":[{"@type":"SearchAction","target":{"@type":"EntryPoint","urlTemplate":"https:\/\/www.terraaquatica.com\/?s={search_term_string}"},"query-input":{"@type":"PropertyValueSpecification","valueRequired":true,"valueName":"search_term_string"}}],"inLanguage":"fr-FR"},{"@type":"Organization","@id":"https:\/\/www.terraaquatica.com\/#organization","name":"Terra Aquatica","url":"https:\/\/www.terraaquatica.com\/","logo":{"@type":"ImageObject","inLanguage":"fr-FR","@id":"https:\/\/www.terraaquatica.com\/#\/schema\/logo\/image\/","url":"https:\/\/www.terraaquatica.com\/wp-content\/uploads\/2022\/03\/favicon-transpa-big.png","contentUrl":"https:\/\/www.terraaquatica.com\/wp-content\/uploads\/2022\/03\/favicon-transpa-big.png","width":512,"height":512,"caption":"Terra Aquatica"},"image":{"@id":"https:\/\/www.terraaquatica.com\/#\/schema\/logo\/image\/"}}]}},"_links":{"self":[{"href":"https:\/\/www.terraaquatica.com\/fr\/wp-json\/wp\/v2\/product\/2015","targetHints":{"allow":["GET"]}}],"collection":[{"href":"https:\/\/www.terraaquatica.com\/fr\/wp-json\/wp\/v2\/product"}],"about":[{"href":"https:\/\/www.terraaquatica.com\/fr\/wp-json\/wp\/v2\/types\/product"}],"author":[{"embeddable":true,"href":"https:\/\/www.terraaquatica.com\/fr\/wp-json\/wp\/v2\/users\/3"}],"wp:featuredmedia":[{"embeddable":true,"href":"https:\/\/www.terraaquatica.com\/fr\/wp-json\/wp\/v2\/media\/2013"}],"wp:attachment":[{"href":"https:\/\/www.terraaquatica.com\/fr\/wp-json\/wp\/v2\/media?parent=2015"}],"wp:term":[{"taxonomy":"m_thode_de_culture","embeddable":true,"href":"https:\/\/www.terraaquatica.com\/fr\/wp-json\/wp\/v2\/m_thode_de_culture?post=2015"},{"taxonomy":"substrat","embeddable":true,"href":"https:\/\/www.terraaquatica.com\/fr\/wp-json\/wp\/v2\/substrat?post=2015"},{"taxonomy":"product_category","embeddable":true,"href":"https:\/\/www.terraaquatica.com\/fr\/wp-json\/wp\/v2\/product_category?post=2015"}],"curies":[{"name":"wp","href":"https:\/\/api.w.org\/{rel}","templated":true}]}}