{"id":2023,"date":"2019-03-04T12:21:32","date_gmt":"2019-03-04T11:21:32","guid":{"rendered":"https:\/\/www.terraaquatica.com\/produits\/organic-soil-light-mix-2\/"},"modified":"2023-09-19T16:12:40","modified_gmt":"2023-09-19T14:12:40","slug":"organic-soil-light-mix-2","status":"publish","type":"product","link":"https:\/\/www.terraaquatica.com\/fr\/substrats-de-culture\/organic-soil-light-mix-2","title":{"rendered":"T.A. Organic soil light-mix"},"content":{"rendered":"<p><span class=\"fontstyle0\">L&#8217;extraction de la tourbe d\u00e9truit un des \u00e9cosyst\u00e8mes les plus pr\u00e9cieux contribuant \u00e0 capturer le carbone. Les tourbi\u00e8res abritent des esp\u00e8ces rares et menac\u00e9es d&#8217;extinction tout en filtrant l&#8217;air et l&#8217;eau ; il est temps de trouver une alternative aux substrats traditionnels: nous l&#8217;avons fait ! T.A Organic soil light-mix offre aux cultivateurs amateurs et professionnels :<\/span><\/p>\n<ul>\n<li><span class=\"fontstyle3\">Les qualit\u00e9s d&#8217;un terreau classique sans le co\u00fbt&nbsp;<\/span>environnemental de la tourbe.<\/li>\n<li><span class=\"fontstyle3\">Une r\u00e9tention optimale en eau et oxyg\u00e8ne.<\/span><\/li>\n<li><span class=\"fontstyle3\"><span class=\"fontstyle3\">Une r\u00e9traction minimale entre les arrosages<\/span><\/span><\/li>\n<\/ul>\n<p><span class=\"fontstyle4\">T.A.&nbsp;Organic soil light-mix est un terreau de qualit\u00e9 professionnelle de type light-mix, compatible avec le semis, le bouturage et les cultures longues fertilis\u00e9es en pot ainsi que pour l\u2019am\u00e9lioration du sol.&nbsp;<\/span><br \/>\nT.A.&nbsp;Organic soil light-mix est compos\u00e9 d\u2019\u00e9corces de pin maritime compost\u00e9es, de fibre de bois, de coco, il est riche en micro-organismes b\u00e9n\u00e9fiques, il est particuli\u00e8rement recommand\u00e9 pour les cultures organiques et convient aussi pour les cultures en fertilisation min\u00e9rale. Sa structure l\u00e9g\u00e8re et a\u00e9r\u00e9e, gr\u00e2ce \u00e0 la fibre coco et \u00e0 la perlite, en fait un substrat de haute qualit\u00e9 pour les cultures en int\u00e9rieur et en ext\u00e9rieur.<\/p>\n<p><span class=\"fontstyle4\">Enfin, pour la pr\u00e9servation des milieux vivants que sont les tourbi\u00e8res, T.A.&nbsp;Organic soil light-mix ne contient pas de tourbe.<\/span><\/p>\n","protected":false},"author":3,"template":"","meta":{"_acf_changed":false},"m_thode_de_culture":[31,32],"substrat":[],"product_category":[225],"class_list":["post-2023","product","type-product","status-publish","has-post-thumbnail","hentry","m_thode_de_culture-mineral-en","m_thode_de_culture-organic-en","product_category-substrats-de-culture"],"acf":[],"yoast_head":"<!-- This site is optimized with the Yoast SEO plugin v27.3 - https:\/\/yoast.com\/product\/yoast-seo-wordpress\/ -->\n<title>T.A. Organic soil light-mix - Terra Aquatica<\/title>\n<meta name=\"robots\" content=\"index, follow, max-snippet:-1, max-image-preview:large, max-video-preview:-1\" \/>\n<link rel=\"canonical\" href=\"https:\/\/www.terraaquatica.com\/fr\/substrats-de-culture\/organic-soil-light-mix-2\/\" \/>\n<meta property=\"og:locale\" content=\"fr_FR\" \/>\n<meta property=\"og:type\" content=\"article\" \/>\n<meta property=\"og:title\" content=\"T.A. Organic soil light-mix - Terra Aquatica\" \/>\n<meta property=\"og:description\" content=\"L&#8217;extraction de la tourbe d\u00e9truit un des \u00e9cosyst\u00e8mes les plus pr\u00e9cieux contribuant \u00e0 capturer le carbone. Les tourbi\u00e8res abritent des [&hellip;]\" \/>\n<meta property=\"og:url\" content=\"https:\/\/www.terraaquatica.com\/fr\/substrats-de-culture\/organic-soil-light-mix-2\" \/>\n<meta property=\"og:site_name\" content=\"Terra Aquatica\" \/>\n<meta property=\"article:modified_time\" content=\"2023-09-19T14:12:40+00:00\" \/>\n<meta property=\"og:image\" content=\"https:\/\/www.terraaquatica.com\/wp-content\/uploads\/2020\/05\/soil_v2_1.png\" \/>\n\t<meta property=\"og:image:width\" content=\"634\" \/>\n\t<meta property=\"og:image:height\" content=\"1158\" \/>\n\t<meta property=\"og:image:type\" content=\"image\/png\" \/>\n<meta name=\"twitter:card\" content=\"summary_large_image\" \/>\n<meta name=\"twitter:label1\" content=\"Dur\u00e9e de lecture estim\u00e9e\" \/>\n\t<meta name=\"twitter:data1\" content=\"1 minute\" \/>\n<script type=\"application\/ld+json\" class=\"yoast-schema-graph\">{\"@context\":\"https:\\\/\\\/schema.org\",\"@graph\":[{\"@type\":\"WebPage\",\"@id\":\"https:\\\/\\\/www.terraaquatica.com\\\/fr\\\/substrats-de-culture\\\/organic-soil-light-mix-2\",\"url\":\"https:\\\/\\\/www.terraaquatica.com\\\/fr\\\/substrats-de-culture\\\/organic-soil-light-mix-2\",\"name\":\"T.A. Organic soil light-mix - Terra Aquatica\",\"isPartOf\":{\"@id\":\"https:\\\/\\\/www.terraaquatica.com\\\/#website\"},\"primaryImageOfPage\":{\"@id\":\"https:\\\/\\\/www.terraaquatica.com\\\/fr\\\/substrats-de-culture\\\/organic-soil-light-mix-2#primaryimage\"},\"image\":{\"@id\":\"https:\\\/\\\/www.terraaquatica.com\\\/fr\\\/substrats-de-culture\\\/organic-soil-light-mix-2#primaryimage\"},\"thumbnailUrl\":\"https:\\\/\\\/www.terraaquatica.com\\\/wp-content\\\/uploads\\\/2020\\\/05\\\/soil_v2_1.png\",\"datePublished\":\"2019-03-04T11:21:32+00:00\",\"dateModified\":\"2023-09-19T14:12:40+00:00\",\"breadcrumb\":{\"@id\":\"https:\\\/\\\/www.terraaquatica.com\\\/fr\\\/substrats-de-culture\\\/organic-soil-light-mix-2#breadcrumb\"},\"inLanguage\":\"fr-FR\",\"potentialAction\":[{\"@type\":\"ReadAction\",\"target\":[\"https:\\\/\\\/www.terraaquatica.com\\\/fr\\\/substrats-de-culture\\\/organic-soil-light-mix-2\"]}]},{\"@type\":\"ImageObject\",\"inLanguage\":\"fr-FR\",\"@id\":\"https:\\\/\\\/www.terraaquatica.com\\\/fr\\\/substrats-de-culture\\\/organic-soil-light-mix-2#primaryimage\",\"url\":\"https:\\\/\\\/www.terraaquatica.com\\\/wp-content\\\/uploads\\\/2020\\\/05\\\/soil_v2_1.png\",\"contentUrl\":\"https:\\\/\\\/www.terraaquatica.com\\\/wp-content\\\/uploads\\\/2020\\\/05\\\/soil_v2_1.png\",\"width\":634,\"height\":1158,\"caption\":\"soil_v2\"},{\"@type\":\"BreadcrumbList\",\"@id\":\"https:\\\/\\\/www.terraaquatica.com\\\/fr\\\/substrats-de-culture\\\/organic-soil-light-mix-2#breadcrumb\",\"itemListElement\":[{\"@type\":\"ListItem\",\"position\":1,\"name\":\"Accueil\",\"item\":\"https:\\\/\\\/www.terraaquatica.com\\\/fr\\\/\"},{\"@type\":\"ListItem\",\"position\":2,\"name\":\"Products\",\"item\":\"https:\\\/\\\/www.terraaquatica.com\\\/fr\\\/product\\\/\"},{\"@type\":\"ListItem\",\"position\":3,\"name\":\"T.A. Organic soil light-mix\"}]},{\"@type\":\"WebSite\",\"@id\":\"https:\\\/\\\/www.terraaquatica.com\\\/#website\",\"url\":\"https:\\\/\\\/www.terraaquatica.com\\\/\",\"name\":\"Terra Aquatica\",\"description\":\"Engrais et syst\u00e8mes de culture depuis 1995\",\"publisher\":{\"@id\":\"https:\\\/\\\/www.terraaquatica.com\\\/#organization\"},\"potentialAction\":[{\"@type\":\"SearchAction\",\"target\":{\"@type\":\"EntryPoint\",\"urlTemplate\":\"https:\\\/\\\/www.terraaquatica.com\\\/?s={search_term_string}\"},\"query-input\":{\"@type\":\"PropertyValueSpecification\",\"valueRequired\":true,\"valueName\":\"search_term_string\"}}],\"inLanguage\":\"fr-FR\"},{\"@type\":\"Organization\",\"@id\":\"https:\\\/\\\/www.terraaquatica.com\\\/#organization\",\"name\":\"Terra Aquatica\",\"url\":\"https:\\\/\\\/www.terraaquatica.com\\\/\",\"logo\":{\"@type\":\"ImageObject\",\"inLanguage\":\"fr-FR\",\"@id\":\"https:\\\/\\\/www.terraaquatica.com\\\/#\\\/schema\\\/logo\\\/image\\\/\",\"url\":\"https:\\\/\\\/www.terraaquatica.com\\\/wp-content\\\/uploads\\\/2022\\\/03\\\/favicon-transpa-big.png\",\"contentUrl\":\"https:\\\/\\\/www.terraaquatica.com\\\/wp-content\\\/uploads\\\/2022\\\/03\\\/favicon-transpa-big.png\",\"width\":512,\"height\":512,\"caption\":\"Terra Aquatica\"},\"image\":{\"@id\":\"https:\\\/\\\/www.terraaquatica.com\\\/#\\\/schema\\\/logo\\\/image\\\/\"}}]}<\/script>\n<!-- \/ Yoast SEO plugin. -->","yoast_head_json":{"title":"T.A. Organic soil light-mix - Terra Aquatica","robots":{"index":"index","follow":"follow","max-snippet":"max-snippet:-1","max-image-preview":"max-image-preview:large","max-video-preview":"max-video-preview:-1"},"canonical":"https:\/\/www.terraaquatica.com\/fr\/substrats-de-culture\/organic-soil-light-mix-2\/","og_locale":"fr_FR","og_type":"article","og_title":"T.A. Organic soil light-mix - Terra Aquatica","og_description":"L&#8217;extraction de la tourbe d\u00e9truit un des \u00e9cosyst\u00e8mes les plus pr\u00e9cieux contribuant \u00e0 capturer le carbone. Les tourbi\u00e8res abritent des [&hellip;]","og_url":"https:\/\/www.terraaquatica.com\/fr\/substrats-de-culture\/organic-soil-light-mix-2","og_site_name":"Terra Aquatica","article_modified_time":"2023-09-19T14:12:40+00:00","og_image":[{"width":634,"height":1158,"url":"https:\/\/www.terraaquatica.com\/wp-content\/uploads\/2020\/05\/soil_v2_1.png","type":"image\/png"}],"twitter_card":"summary_large_image","twitter_misc":{"Dur\u00e9e de lecture estim\u00e9e":"1 minute"},"schema":{"@context":"https:\/\/schema.org","@graph":[{"@type":"WebPage","@id":"https:\/\/www.terraaquatica.com\/fr\/substrats-de-culture\/organic-soil-light-mix-2","url":"https:\/\/www.terraaquatica.com\/fr\/substrats-de-culture\/organic-soil-light-mix-2","name":"T.A. Organic soil light-mix - Terra Aquatica","isPartOf":{"@id":"https:\/\/www.terraaquatica.com\/#website"},"primaryImageOfPage":{"@id":"https:\/\/www.terraaquatica.com\/fr\/substrats-de-culture\/organic-soil-light-mix-2#primaryimage"},"image":{"@id":"https:\/\/www.terraaquatica.com\/fr\/substrats-de-culture\/organic-soil-light-mix-2#primaryimage"},"thumbnailUrl":"https:\/\/www.terraaquatica.com\/wp-content\/uploads\/2020\/05\/soil_v2_1.png","datePublished":"2019-03-04T11:21:32+00:00","dateModified":"2023-09-19T14:12:40+00:00","breadcrumb":{"@id":"https:\/\/www.terraaquatica.com\/fr\/substrats-de-culture\/organic-soil-light-mix-2#breadcrumb"},"inLanguage":"fr-FR","potentialAction":[{"@type":"ReadAction","target":["https:\/\/www.terraaquatica.com\/fr\/substrats-de-culture\/organic-soil-light-mix-2"]}]},{"@type":"ImageObject","inLanguage":"fr-FR","@id":"https:\/\/www.terraaquatica.com\/fr\/substrats-de-culture\/organic-soil-light-mix-2#primaryimage","url":"https:\/\/www.terraaquatica.com\/wp-content\/uploads\/2020\/05\/soil_v2_1.png","contentUrl":"https:\/\/www.terraaquatica.com\/wp-content\/uploads\/2020\/05\/soil_v2_1.png","width":634,"height":1158,"caption":"soil_v2"},{"@type":"BreadcrumbList","@id":"https:\/\/www.terraaquatica.com\/fr\/substrats-de-culture\/organic-soil-light-mix-2#breadcrumb","itemListElement":[{"@type":"ListItem","position":1,"name":"Accueil","item":"https:\/\/www.terraaquatica.com\/fr\/"},{"@type":"ListItem","position":2,"name":"Products","item":"https:\/\/www.terraaquatica.com\/fr\/product\/"},{"@type":"ListItem","position":3,"name":"T.A. Organic soil light-mix"}]},{"@type":"WebSite","@id":"https:\/\/www.terraaquatica.com\/#website","url":"https:\/\/www.terraaquatica.com\/","name":"Terra Aquatica","description":"Engrais et syst\u00e8mes de culture depuis 1995","publisher":{"@id":"https:\/\/www.terraaquatica.com\/#organization"},"potentialAction":[{"@type":"SearchAction","target":{"@type":"EntryPoint","urlTemplate":"https:\/\/www.terraaquatica.com\/?s={search_term_string}"},"query-input":{"@type":"PropertyValueSpecification","valueRequired":true,"valueName":"search_term_string"}}],"inLanguage":"fr-FR"},{"@type":"Organization","@id":"https:\/\/www.terraaquatica.com\/#organization","name":"Terra Aquatica","url":"https:\/\/www.terraaquatica.com\/","logo":{"@type":"ImageObject","inLanguage":"fr-FR","@id":"https:\/\/www.terraaquatica.com\/#\/schema\/logo\/image\/","url":"https:\/\/www.terraaquatica.com\/wp-content\/uploads\/2022\/03\/favicon-transpa-big.png","contentUrl":"https:\/\/www.terraaquatica.com\/wp-content\/uploads\/2022\/03\/favicon-transpa-big.png","width":512,"height":512,"caption":"Terra Aquatica"},"image":{"@id":"https:\/\/www.terraaquatica.com\/#\/schema\/logo\/image\/"}}]}},"_links":{"self":[{"href":"https:\/\/www.terraaquatica.com\/fr\/wp-json\/wp\/v2\/product\/2023","targetHints":{"allow":["GET"]}}],"collection":[{"href":"https:\/\/www.terraaquatica.com\/fr\/wp-json\/wp\/v2\/product"}],"about":[{"href":"https:\/\/www.terraaquatica.com\/fr\/wp-json\/wp\/v2\/types\/product"}],"author":[{"embeddable":true,"href":"https:\/\/www.terraaquatica.com\/fr\/wp-json\/wp\/v2\/users\/3"}],"wp:featuredmedia":[{"embeddable":true,"href":"https:\/\/www.terraaquatica.com\/fr\/wp-json\/wp\/v2\/media\/2022"}],"wp:attachment":[{"href":"https:\/\/www.terraaquatica.com\/fr\/wp-json\/wp\/v2\/media?parent=2023"}],"wp:term":[{"taxonomy":"m_thode_de_culture","embeddable":true,"href":"https:\/\/www.terraaquatica.com\/fr\/wp-json\/wp\/v2\/m_thode_de_culture?post=2023"},{"taxonomy":"substrat","embeddable":true,"href":"https:\/\/www.terraaquatica.com\/fr\/wp-json\/wp\/v2\/substrat?post=2023"},{"taxonomy":"product_category","embeddable":true,"href":"https:\/\/www.terraaquatica.com\/fr\/wp-json\/wp\/v2\/product_category?post=2023"}],"curies":[{"name":"wp","href":"https:\/\/api.w.org\/{rel}","templated":true}]}}