{"id":26416,"date":"2026-01-29T19:00:05","date_gmt":"2026-01-29T18:00:05","guid":{"rendered":"https:\/\/www.terraaquatica.com\/uncategorized\/azologic"},"modified":"2026-04-22T15:07:43","modified_gmt":"2026-04-22T13:07:43","slug":"azologic","status":"publish","type":"product","link":"https:\/\/www.terraaquatica.com\/fr\/micro-organismes-benefiques\/azologic","title":{"rendered":"AzoLogic"},"content":{"rendered":"\n<p><em>Nouveaut\u00e9 2026\u00a0! AzoLogic\u00ae est un inoculant microbiologique con\u00e7u pour stimuler le d\u00e9veloppement racinaire et am\u00e9liore l\u2019efficacit\u00e9 nutritionnelle des cultures.<\/em><\/p>\n\n\n\n<p>Formul\u00e9 \u00e0 partir d\u2019Azospirillum sp., bact\u00e9rie appartenant au groupe des PGPR (Plant Growth-Promoting Rhizobacteria) et reconnue pour ses effets biostimulants, il accompagne les cultures \u00e0 toutes les \u00e9tapes cl\u00e9s de leur d\u00e9veloppement.<\/p>\n\n\n\n<ul class=\"wp-block-list\">\n<li>Dynamique racinaire renforc\u00e9e<\/li>\n\n\n\n<li>Stimulation naturelle de l\u2019architecture racinaire, AzoLogic\u00ae favorisant une implantation rapide et homog\u00e8ne des cultures.<\/li>\n\n\n\n<li>Syst\u00e8me racinaire plus dense permettant une meilleure exploration du sol et une absorption optimis\u00e9e des ressources disponibles.<\/li>\n\n\n\n<li>Efficacit\u00e9 nutritionnelle optimis\u00e9e<\/li>\n\n\n\n<li>Am\u00e9lioration de l\u2019utilisation de l\u2019azote et des \u00e9l\u00e9ments nutritifs d\u00e9j\u00e0 pr\u00e9sents dans le milieu de culture.<\/li>\n<\/ul>\n\n\n\n<p><strong>Points forts\u00a0<\/strong>:<\/p>\n\n\n\n<ul class=\"wp-block-list\">\n<li>Dynamise la vie microbienne du sol<\/li>\n\n\n\n<li>Am\u00e9liore la fertilit\u00e9 biologique<\/li>\n\n\n\n<li>Renforce la r\u00e9silience des cultures face aux stress abiotiques<\/li>\n\n\n\n<li>Utilisable en agriculture biologique (EU 2018\/848, 2021\/1165)<\/li>\n<\/ul>\n\n\n\n<p><\/p>\n","protected":false},"author":801,"template":"","meta":{"_acf_changed":true},"m_thode_de_culture":[31,32],"substrat":[302,299,300,301],"product_category":[212],"class_list":["post-26416","product","type-product","status-publish","hentry","m_thode_de_culture-mineral-en","m_thode_de_culture-organic-en","substrat-bioponics","substrat-coco","substrat-hydro","substrat-soil","product_category-micro-organismes-benefiques"],"acf":[],"yoast_head":"<!-- This site is optimized with the Yoast SEO plugin v27.3 - https:\/\/yoast.com\/product\/yoast-seo-wordpress\/ -->\n<title>AzoLogic - Terra Aquatica<\/title>\n<meta name=\"robots\" content=\"index, follow, max-snippet:-1, max-image-preview:large, max-video-preview:-1\" \/>\n<link rel=\"canonical\" href=\"https:\/\/www.terraaquatica.com\/fr\/micro-organismes-benefiques\/azologic\/\" \/>\n<meta property=\"og:locale\" content=\"fr_FR\" \/>\n<meta property=\"og:type\" content=\"article\" \/>\n<meta property=\"og:title\" content=\"AzoLogic - Terra Aquatica\" \/>\n<meta property=\"og:description\" content=\"Nouveaut\u00e9 2026\u00a0! AzoLogic\u00ae est un inoculant microbiologique con\u00e7u pour stimuler le d\u00e9veloppement racinaire et am\u00e9liore l\u2019efficacit\u00e9 nutritionnelle des cultures. Formul\u00e9 [&hellip;]\" \/>\n<meta property=\"og:url\" content=\"https:\/\/www.terraaquatica.com\/fr\/micro-organismes-benefiques\/azologic\" \/>\n<meta property=\"og:site_name\" content=\"Terra Aquatica\" \/>\n<meta property=\"article:modified_time\" content=\"2026-04-22T13:07:43+00:00\" \/>\n<meta name=\"twitter:card\" content=\"summary_large_image\" \/>\n<meta name=\"twitter:label1\" content=\"Dur\u00e9e de lecture estim\u00e9e\" \/>\n\t<meta name=\"twitter:data1\" content=\"1 minute\" \/>\n<script type=\"application\/ld+json\" class=\"yoast-schema-graph\">{\"@context\":\"https:\\\/\\\/schema.org\",\"@graph\":[{\"@type\":\"WebPage\",\"@id\":\"https:\\\/\\\/www.terraaquatica.com\\\/fr\\\/micro-organismes-benefiques\\\/azologic\",\"url\":\"https:\\\/\\\/www.terraaquatica.com\\\/fr\\\/micro-organismes-benefiques\\\/azologic\",\"name\":\"AzoLogic - Terra Aquatica\",\"isPartOf\":{\"@id\":\"https:\\\/\\\/www.terraaquatica.com\\\/#website\"},\"datePublished\":\"2026-01-29T18:00:05+00:00\",\"dateModified\":\"2026-04-22T13:07:43+00:00\",\"breadcrumb\":{\"@id\":\"https:\\\/\\\/www.terraaquatica.com\\\/fr\\\/micro-organismes-benefiques\\\/azologic#breadcrumb\"},\"inLanguage\":\"fr-FR\",\"potentialAction\":[{\"@type\":\"ReadAction\",\"target\":[\"https:\\\/\\\/www.terraaquatica.com\\\/fr\\\/micro-organismes-benefiques\\\/azologic\"]}]},{\"@type\":\"BreadcrumbList\",\"@id\":\"https:\\\/\\\/www.terraaquatica.com\\\/fr\\\/micro-organismes-benefiques\\\/azologic#breadcrumb\",\"itemListElement\":[{\"@type\":\"ListItem\",\"position\":1,\"name\":\"Accueil\",\"item\":\"https:\\\/\\\/www.terraaquatica.com\\\/fr\\\/\"},{\"@type\":\"ListItem\",\"position\":2,\"name\":\"Products\",\"item\":\"https:\\\/\\\/www.terraaquatica.com\\\/fr\\\/product\\\/\"},{\"@type\":\"ListItem\",\"position\":3,\"name\":\"AzoLogic\"}]},{\"@type\":\"WebSite\",\"@id\":\"https:\\\/\\\/www.terraaquatica.com\\\/#website\",\"url\":\"https:\\\/\\\/www.terraaquatica.com\\\/\",\"name\":\"Terra Aquatica\",\"description\":\"Engrais et syst\u00e8mes de culture depuis 1995\",\"publisher\":{\"@id\":\"https:\\\/\\\/www.terraaquatica.com\\\/#organization\"},\"potentialAction\":[{\"@type\":\"SearchAction\",\"target\":{\"@type\":\"EntryPoint\",\"urlTemplate\":\"https:\\\/\\\/www.terraaquatica.com\\\/?s={search_term_string}\"},\"query-input\":{\"@type\":\"PropertyValueSpecification\",\"valueRequired\":true,\"valueName\":\"search_term_string\"}}],\"inLanguage\":\"fr-FR\"},{\"@type\":\"Organization\",\"@id\":\"https:\\\/\\\/www.terraaquatica.com\\\/#organization\",\"name\":\"Terra Aquatica\",\"url\":\"https:\\\/\\\/www.terraaquatica.com\\\/\",\"logo\":{\"@type\":\"ImageObject\",\"inLanguage\":\"fr-FR\",\"@id\":\"https:\\\/\\\/www.terraaquatica.com\\\/#\\\/schema\\\/logo\\\/image\\\/\",\"url\":\"https:\\\/\\\/www.terraaquatica.com\\\/wp-content\\\/uploads\\\/2022\\\/03\\\/favicon-transpa-big.png\",\"contentUrl\":\"https:\\\/\\\/www.terraaquatica.com\\\/wp-content\\\/uploads\\\/2022\\\/03\\\/favicon-transpa-big.png\",\"width\":512,\"height\":512,\"caption\":\"Terra Aquatica\"},\"image\":{\"@id\":\"https:\\\/\\\/www.terraaquatica.com\\\/#\\\/schema\\\/logo\\\/image\\\/\"}}]}<\/script>\n<!-- \/ Yoast SEO plugin. -->","yoast_head_json":{"title":"AzoLogic - Terra Aquatica","robots":{"index":"index","follow":"follow","max-snippet":"max-snippet:-1","max-image-preview":"max-image-preview:large","max-video-preview":"max-video-preview:-1"},"canonical":"https:\/\/www.terraaquatica.com\/fr\/micro-organismes-benefiques\/azologic\/","og_locale":"fr_FR","og_type":"article","og_title":"AzoLogic - Terra Aquatica","og_description":"Nouveaut\u00e9 2026\u00a0! AzoLogic\u00ae est un inoculant microbiologique con\u00e7u pour stimuler le d\u00e9veloppement racinaire et am\u00e9liore l\u2019efficacit\u00e9 nutritionnelle des cultures. Formul\u00e9 [&hellip;]","og_url":"https:\/\/www.terraaquatica.com\/fr\/micro-organismes-benefiques\/azologic","og_site_name":"Terra Aquatica","article_modified_time":"2026-04-22T13:07:43+00:00","twitter_card":"summary_large_image","twitter_misc":{"Dur\u00e9e de lecture estim\u00e9e":"1 minute"},"schema":{"@context":"https:\/\/schema.org","@graph":[{"@type":"WebPage","@id":"https:\/\/www.terraaquatica.com\/fr\/micro-organismes-benefiques\/azologic","url":"https:\/\/www.terraaquatica.com\/fr\/micro-organismes-benefiques\/azologic","name":"AzoLogic - Terra Aquatica","isPartOf":{"@id":"https:\/\/www.terraaquatica.com\/#website"},"datePublished":"2026-01-29T18:00:05+00:00","dateModified":"2026-04-22T13:07:43+00:00","breadcrumb":{"@id":"https:\/\/www.terraaquatica.com\/fr\/micro-organismes-benefiques\/azologic#breadcrumb"},"inLanguage":"fr-FR","potentialAction":[{"@type":"ReadAction","target":["https:\/\/www.terraaquatica.com\/fr\/micro-organismes-benefiques\/azologic"]}]},{"@type":"BreadcrumbList","@id":"https:\/\/www.terraaquatica.com\/fr\/micro-organismes-benefiques\/azologic#breadcrumb","itemListElement":[{"@type":"ListItem","position":1,"name":"Accueil","item":"https:\/\/www.terraaquatica.com\/fr\/"},{"@type":"ListItem","position":2,"name":"Products","item":"https:\/\/www.terraaquatica.com\/fr\/product\/"},{"@type":"ListItem","position":3,"name":"AzoLogic"}]},{"@type":"WebSite","@id":"https:\/\/www.terraaquatica.com\/#website","url":"https:\/\/www.terraaquatica.com\/","name":"Terra Aquatica","description":"Engrais et syst\u00e8mes de culture depuis 1995","publisher":{"@id":"https:\/\/www.terraaquatica.com\/#organization"},"potentialAction":[{"@type":"SearchAction","target":{"@type":"EntryPoint","urlTemplate":"https:\/\/www.terraaquatica.com\/?s={search_term_string}"},"query-input":{"@type":"PropertyValueSpecification","valueRequired":true,"valueName":"search_term_string"}}],"inLanguage":"fr-FR"},{"@type":"Organization","@id":"https:\/\/www.terraaquatica.com\/#organization","name":"Terra Aquatica","url":"https:\/\/www.terraaquatica.com\/","logo":{"@type":"ImageObject","inLanguage":"fr-FR","@id":"https:\/\/www.terraaquatica.com\/#\/schema\/logo\/image\/","url":"https:\/\/www.terraaquatica.com\/wp-content\/uploads\/2022\/03\/favicon-transpa-big.png","contentUrl":"https:\/\/www.terraaquatica.com\/wp-content\/uploads\/2022\/03\/favicon-transpa-big.png","width":512,"height":512,"caption":"Terra Aquatica"},"image":{"@id":"https:\/\/www.terraaquatica.com\/#\/schema\/logo\/image\/"}}]}},"_links":{"self":[{"href":"https:\/\/www.terraaquatica.com\/fr\/wp-json\/wp\/v2\/product\/26416","targetHints":{"allow":["GET"]}}],"collection":[{"href":"https:\/\/www.terraaquatica.com\/fr\/wp-json\/wp\/v2\/product"}],"about":[{"href":"https:\/\/www.terraaquatica.com\/fr\/wp-json\/wp\/v2\/types\/product"}],"author":[{"embeddable":true,"href":"https:\/\/www.terraaquatica.com\/fr\/wp-json\/wp\/v2\/users\/801"}],"wp:attachment":[{"href":"https:\/\/www.terraaquatica.com\/fr\/wp-json\/wp\/v2\/media?parent=26416"}],"wp:term":[{"taxonomy":"m_thode_de_culture","embeddable":true,"href":"https:\/\/www.terraaquatica.com\/fr\/wp-json\/wp\/v2\/m_thode_de_culture?post=26416"},{"taxonomy":"substrat","embeddable":true,"href":"https:\/\/www.terraaquatica.com\/fr\/wp-json\/wp\/v2\/substrat?post=26416"},{"taxonomy":"product_category","embeddable":true,"href":"https:\/\/www.terraaquatica.com\/fr\/wp-json\/wp\/v2\/product_category?post=26416"}],"curies":[{"name":"wp","href":"https:\/\/api.w.org\/{rel}","templated":true}]}}