{"id":11158,"date":"2022-01-17T11:20:04","date_gmt":"2022-01-17T10:20:04","guid":{"rendered":"https:\/\/www.terraaquatica.com\/?page_id=11158"},"modified":"2022-01-17T11:20:38","modified_gmt":"2022-01-17T10:20:38","slug":"politica-dei-cookie","status":"publish","type":"page","link":"https:\/\/www.terraaquatica.com\/it\/politica-dei-cookie\/","title":{"rendered":"Politica dei cookie"},"content":{"rendered":"\n<h2 class=\"wp-block-heading\">Cookie &#8211; cosa sono?<\/h2>\n\n\n\n<p><br>Un &#8220;cookie&#8221; \u00e8 un piccolo file di testo che viene memorizzato sul tuo computer, tablet o telefono quando visiti un sito web. Un cookie conterr\u00e0 alcune informazioni anonime come un identificatore unico e il nome del sito e alcune cifre e numeri.<\/p>\n\n\n\n<p>Alcuni cookie vengono cancellati quando si chiude il browser. Questi sono conosciuti come cookie di sessione. Altri rimangono sul tuo dispositivo finch\u00e9 non scadono o finch\u00e9 non li cancelli dalla cache. Questi sono chiamati cookie persistenti e ci permettono di ricordare cose su di te come visitatore abituale.<\/p>\n\n\n\n<p>Per saperne di pi\u00f9 sui cookie, compreso come vedere quali sono stati impostati e come gestirli e cancellarli, visita <a href=\"http:\/\/www.allaboutcookies.org\" target=\"_blank\" rel=\"noreferrer noopener\">www.allaboutcookies.org<\/a><\/p>\n\n\n\n<h2 class=\"wp-block-heading\">Cosa fare se non vuoi che vengano impostati i cookie<\/h2>\n\n\n\n<p><br>Alcune persone trovano l&#8217;idea di un sito web che memorizza informazioni sul loro computer o dispositivo mobile un po&#8217; invadente, in particolare quando queste informazioni sono memorizzate e utilizzate da una terza parte senza che loro lo sappiano. Anche se questo \u00e8 generalmente abbastanza innocuo, potresti non voler vedere, per esempio, pubblicit\u00e0 mirata ai tuoi interessi. Se preferisci, \u00e8 possibile bloccare alcuni o tutti i cookie o anche cancellare i cookie che sono gi\u00e0 stati impostati; ma devi essere consapevole che potresti perdere alcune funzioni di quel sito web.<\/p>\n\n\n\n<h2 class=\"wp-block-heading\">Come utilizziamo i cookies<\/h2>\n\n\n\n<p><br>Su questo sito vengono utilizzati cookie persistenti. I cookie persistenti sono utilizzati per tracciare il comportamento dei visitatori mentre si muovono all&#8217;interno di un sito, e questi dati vengono utilizzati per cercare di capire cosa piace o non piace alle persone di un sito in modo da poterlo migliorare. Questa pratica \u00e8 conosciuta come Web Analytics. Da quando Google ha iniziato a fornire la propria tecnologia di analisi gratuitamente ai proprietari di siti web, quasi tutti i siti web ne utilizzano una qualche forma &#8211; anche se ci sono anche servizi a pagamento disponibili per rivaleggiare con quelli di Google.<\/p>\n\n\n\n<p>I cookie di analisi sono probabilmente la forma pi\u00f9 comune di cookie persistenti in uso oggi.<\/p>\n","protected":false},"excerpt":{"rendered":"<p>Cookie &#8211; cosa sono? Un &#8220;cookie&#8221; \u00e8 un piccolo file di testo che viene memorizzato sul tuo computer, tablet o [&hellip;]<\/p>\n","protected":false},"author":1,"featured_media":0,"parent":0,"menu_order":0,"comment_status":"closed","ping_status":"closed","template":"","meta":{"_acf_changed":false,"footnotes":""},"class_list":["post-11158","page","type-page","status-publish","hentry"],"acf":[],"yoast_head":"<!-- This site is optimized with the Yoast SEO plugin v27.3 - https:\/\/yoast.com\/product\/yoast-seo-wordpress\/ -->\n<title>Politica dei cookie - Terra Aquatica<\/title>\n<meta name=\"robots\" content=\"index, follow, max-snippet:-1, max-image-preview:large, max-video-preview:-1\" \/>\n<link rel=\"canonical\" href=\"https:\/\/www.terraaquatica.com\/it\/politica-dei-cookie\/\" \/>\n<meta property=\"og:locale\" content=\"it_IT\" \/>\n<meta property=\"og:type\" content=\"article\" \/>\n<meta property=\"og:title\" content=\"Politica dei cookie - Terra Aquatica\" \/>\n<meta property=\"og:description\" content=\"Cookie &#8211; cosa sono? Un &#8220;cookie&#8221; \u00e8 un piccolo file di testo che viene memorizzato sul tuo computer, tablet o [&hellip;]\" \/>\n<meta property=\"og:url\" content=\"https:\/\/www.terraaquatica.com\/it\/politica-dei-cookie\/\" \/>\n<meta property=\"og:site_name\" content=\"Terra Aquatica\" \/>\n<meta property=\"article:modified_time\" content=\"2022-01-17T10:20:38+00:00\" \/>\n<meta name=\"twitter:card\" content=\"summary_large_image\" \/>\n<meta name=\"twitter:label1\" content=\"Tempo di lettura stimato\" \/>\n\t<meta name=\"twitter:data1\" content=\"2 minuti\" \/>\n<script type=\"application\/ld+json\" class=\"yoast-schema-graph\">{\"@context\":\"https:\\\/\\\/schema.org\",\"@graph\":[{\"@type\":\"WebPage\",\"@id\":\"https:\\\/\\\/www.terraaquatica.com\\\/it\\\/politica-dei-cookie\\\/\",\"url\":\"https:\\\/\\\/www.terraaquatica.com\\\/it\\\/politica-dei-cookie\\\/\",\"name\":\"Politica dei cookie - Terra Aquatica\",\"isPartOf\":{\"@id\":\"https:\\\/\\\/www.terraaquatica.com\\\/#website\"},\"datePublished\":\"2022-01-17T10:20:04+00:00\",\"dateModified\":\"2022-01-17T10:20:38+00:00\",\"breadcrumb\":{\"@id\":\"https:\\\/\\\/www.terraaquatica.com\\\/it\\\/politica-dei-cookie\\\/#breadcrumb\"},\"inLanguage\":\"it-IT\",\"potentialAction\":[{\"@type\":\"ReadAction\",\"target\":[\"https:\\\/\\\/www.terraaquatica.com\\\/it\\\/politica-dei-cookie\\\/\"]}]},{\"@type\":\"BreadcrumbList\",\"@id\":\"https:\\\/\\\/www.terraaquatica.com\\\/it\\\/politica-dei-cookie\\\/#breadcrumb\",\"itemListElement\":[{\"@type\":\"ListItem\",\"position\":1,\"name\":\"Accueil\",\"item\":\"https:\\\/\\\/www.terraaquatica.com\\\/it\\\/\"},{\"@type\":\"ListItem\",\"position\":2,\"name\":\"Politica dei cookie\"}]},{\"@type\":\"WebSite\",\"@id\":\"https:\\\/\\\/www.terraaquatica.com\\\/#website\",\"url\":\"https:\\\/\\\/www.terraaquatica.com\\\/\",\"name\":\"Terra Aquatica\",\"description\":\"Engrais et syst\u00e8mes de culture depuis 1995\",\"publisher\":{\"@id\":\"https:\\\/\\\/www.terraaquatica.com\\\/#organization\"},\"potentialAction\":[{\"@type\":\"SearchAction\",\"target\":{\"@type\":\"EntryPoint\",\"urlTemplate\":\"https:\\\/\\\/www.terraaquatica.com\\\/?s={search_term_string}\"},\"query-input\":{\"@type\":\"PropertyValueSpecification\",\"valueRequired\":true,\"valueName\":\"search_term_string\"}}],\"inLanguage\":\"it-IT\"},{\"@type\":\"Organization\",\"@id\":\"https:\\\/\\\/www.terraaquatica.com\\\/#organization\",\"name\":\"Terra Aquatica\",\"url\":\"https:\\\/\\\/www.terraaquatica.com\\\/\",\"logo\":{\"@type\":\"ImageObject\",\"inLanguage\":\"it-IT\",\"@id\":\"https:\\\/\\\/www.terraaquatica.com\\\/#\\\/schema\\\/logo\\\/image\\\/\",\"url\":\"https:\\\/\\\/www.terraaquatica.com\\\/wp-content\\\/uploads\\\/2022\\\/03\\\/favicon-transpa-big.png\",\"contentUrl\":\"https:\\\/\\\/www.terraaquatica.com\\\/wp-content\\\/uploads\\\/2022\\\/03\\\/favicon-transpa-big.png\",\"width\":512,\"height\":512,\"caption\":\"Terra Aquatica\"},\"image\":{\"@id\":\"https:\\\/\\\/www.terraaquatica.com\\\/#\\\/schema\\\/logo\\\/image\\\/\"}}]}<\/script>\n<!-- \/ Yoast SEO plugin. -->","yoast_head_json":{"title":"Politica dei cookie - Terra Aquatica","robots":{"index":"index","follow":"follow","max-snippet":"max-snippet:-1","max-image-preview":"max-image-preview:large","max-video-preview":"max-video-preview:-1"},"canonical":"https:\/\/www.terraaquatica.com\/it\/politica-dei-cookie\/","og_locale":"it_IT","og_type":"article","og_title":"Politica dei cookie - Terra Aquatica","og_description":"Cookie &#8211; cosa sono? Un &#8220;cookie&#8221; \u00e8 un piccolo file di testo che viene memorizzato sul tuo computer, tablet o [&hellip;]","og_url":"https:\/\/www.terraaquatica.com\/it\/politica-dei-cookie\/","og_site_name":"Terra Aquatica","article_modified_time":"2022-01-17T10:20:38+00:00","twitter_card":"summary_large_image","twitter_misc":{"Tempo di lettura stimato":"2 minuti"},"schema":{"@context":"https:\/\/schema.org","@graph":[{"@type":"WebPage","@id":"https:\/\/www.terraaquatica.com\/it\/politica-dei-cookie\/","url":"https:\/\/www.terraaquatica.com\/it\/politica-dei-cookie\/","name":"Politica dei cookie - Terra Aquatica","isPartOf":{"@id":"https:\/\/www.terraaquatica.com\/#website"},"datePublished":"2022-01-17T10:20:04+00:00","dateModified":"2022-01-17T10:20:38+00:00","breadcrumb":{"@id":"https:\/\/www.terraaquatica.com\/it\/politica-dei-cookie\/#breadcrumb"},"inLanguage":"it-IT","potentialAction":[{"@type":"ReadAction","target":["https:\/\/www.terraaquatica.com\/it\/politica-dei-cookie\/"]}]},{"@type":"BreadcrumbList","@id":"https:\/\/www.terraaquatica.com\/it\/politica-dei-cookie\/#breadcrumb","itemListElement":[{"@type":"ListItem","position":1,"name":"Accueil","item":"https:\/\/www.terraaquatica.com\/it\/"},{"@type":"ListItem","position":2,"name":"Politica dei cookie"}]},{"@type":"WebSite","@id":"https:\/\/www.terraaquatica.com\/#website","url":"https:\/\/www.terraaquatica.com\/","name":"Terra Aquatica","description":"Engrais et syst\u00e8mes de culture depuis 1995","publisher":{"@id":"https:\/\/www.terraaquatica.com\/#organization"},"potentialAction":[{"@type":"SearchAction","target":{"@type":"EntryPoint","urlTemplate":"https:\/\/www.terraaquatica.com\/?s={search_term_string}"},"query-input":{"@type":"PropertyValueSpecification","valueRequired":true,"valueName":"search_term_string"}}],"inLanguage":"it-IT"},{"@type":"Organization","@id":"https:\/\/www.terraaquatica.com\/#organization","name":"Terra Aquatica","url":"https:\/\/www.terraaquatica.com\/","logo":{"@type":"ImageObject","inLanguage":"it-IT","@id":"https:\/\/www.terraaquatica.com\/#\/schema\/logo\/image\/","url":"https:\/\/www.terraaquatica.com\/wp-content\/uploads\/2022\/03\/favicon-transpa-big.png","contentUrl":"https:\/\/www.terraaquatica.com\/wp-content\/uploads\/2022\/03\/favicon-transpa-big.png","width":512,"height":512,"caption":"Terra Aquatica"},"image":{"@id":"https:\/\/www.terraaquatica.com\/#\/schema\/logo\/image\/"}}]}},"_links":{"self":[{"href":"https:\/\/www.terraaquatica.com\/it\/wp-json\/wp\/v2\/pages\/11158","targetHints":{"allow":["GET"]}}],"collection":[{"href":"https:\/\/www.terraaquatica.com\/it\/wp-json\/wp\/v2\/pages"}],"about":[{"href":"https:\/\/www.terraaquatica.com\/it\/wp-json\/wp\/v2\/types\/page"}],"author":[{"embeddable":true,"href":"https:\/\/www.terraaquatica.com\/it\/wp-json\/wp\/v2\/users\/1"}],"replies":[{"embeddable":true,"href":"https:\/\/www.terraaquatica.com\/it\/wp-json\/wp\/v2\/comments?post=11158"}],"version-history":[{"count":2,"href":"https:\/\/www.terraaquatica.com\/it\/wp-json\/wp\/v2\/pages\/11158\/revisions"}],"predecessor-version":[{"id":11160,"href":"https:\/\/www.terraaquatica.com\/it\/wp-json\/wp\/v2\/pages\/11158\/revisions\/11160"}],"wp:attachment":[{"href":"https:\/\/www.terraaquatica.com\/it\/wp-json\/wp\/v2\/media?parent=11158"}],"curies":[{"name":"wp","href":"https:\/\/api.w.org\/{rel}","templated":true}]}}