{"id":16830,"date":"2024-09-16T16:15:05","date_gmt":"2024-09-16T14:15:05","guid":{"rendered":"https:\/\/www.terraaquatica.com\/?page_id=16830"},"modified":"2024-09-16T16:15:05","modified_gmt":"2024-09-16T14:15:05","slug":"nuove-etichette-biologiche","status":"publish","type":"page","link":"https:\/\/www.terraaquatica.com\/it\/nuove-etichette-biologiche\/","title":{"rendered":"Nuove etichette biologiche"},"content":{"rendered":"\n<p><strong>La gamma biologica di Terra Aquatica si rinnova<\/strong>.<br><br>Siamo lieti di annunciare un importante aggiornamento della nostra gamma di prodotti biologici! Per differenziare meglio questa linea di prodotti dalla nostra gamma minerale, abbiamo deciso di rinnovare le etichette di tutta la gamma biologica (ad eccezione dei booster Pro e dei microrganismi). Queste nuove etichette riflettono meglio il contenuto naturale e biologico dei nostri prodotti.<\/p>\n\n\n\n<figure class=\"wp-block-embed is-type-video is-provider-youtube wp-block-embed-youtube wp-embed-aspect-16-9 wp-has-aspect-ratio\"><div class=\"wp-block-embed__wrapper\">\n<iframe title=\"Nouvelles \u00c9tiquettes d&#039;Engrais Organique : d\u00e9couvrez les !\" width=\"500\" height=\"281\" src=\"https:\/\/www.youtube.com\/embed\/GbdQ83kzHrQ?feature=oembed\" frameborder=\"0\" allow=\"accelerometer; autoplay; clipboard-write; encrypted-media; gyroscope; picture-in-picture; web-share\" referrerpolicy=\"strict-origin-when-cross-origin\" allowfullscreen><\/iframe>\n<\/div><\/figure>\n\n\n\n<div class=\"wp-block-media-text has-media-on-the-right is-stacked-on-mobile\"><div class=\"wp-block-media-text__content\">\n<p><strong>Scoprite o riscoprite la nostra gamma biologica\u00a0:<\/strong><br><br>Volete iniziare a coltivare in modo biologico, integrare i vostri fertilizzanti con prodotti compatibili con l&#8217;agricoltura biologica o semplicemente continuare a coltivare in modo naturale ottimizzando la vostra resa?\u00a0<\/p>\n\n\n\n<p>Vi offriamo una gamma biologica completa e facilmente identificabile. Che si tratti di\u00a0:<\/p>\n\n\n\n<ul class=\"wp-block-list\">\n<li><strong>fertilizzanti<\/strong><\/li>\n\n\n\n<li><strong>stimolatori delle radici<\/strong><\/li>\n\n\n\n<li><strong>stimolatori della fioritura<\/strong><\/li>\n\n\n\n<li><strong>per migliorare la qualit\u00e0 del suolo<\/strong><\/li>\n\n\n\n<li><strong>protezione delle piante<\/strong><br><br>Abbiamo tutto ci\u00f2 che serve per creare un ambiente ottimale per le vostre colture e piantagioni.<\/li>\n<\/ul>\n<\/div><figure class=\"wp-block-media-text__media\"><img fetchpriority=\"high\" decoding=\"async\" width=\"683\" height=\"1024\" src=\"https:\/\/www.terraaquatica.com\/wp-content\/uploads\/2024\/09\/nouvelle-gamme-organique-vertical-01-683x1024.jpg\" alt=\"\" class=\"wp-image-16750 size-full\" srcset=\"https:\/\/www.terraaquatica.com\/wp-content\/uploads\/2024\/09\/nouvelle-gamme-organique-vertical-01-683x1024.jpg 683w, https:\/\/www.terraaquatica.com\/wp-content\/uploads\/2024\/09\/nouvelle-gamme-organique-vertical-01-200x300.jpg 200w, https:\/\/www.terraaquatica.com\/wp-content\/uploads\/2024\/09\/nouvelle-gamme-organique-vertical-01-160x240.jpg 160w, https:\/\/www.terraaquatica.com\/wp-content\/uploads\/2024\/09\/nouvelle-gamme-organique-vertical-01.jpg 720w\" sizes=\"(max-width: 683px) 100vw, 683px\" \/><\/figure><\/div>\n\n\n\n<div class=\"wp-block-media-text is-stacked-on-mobile\" style=\"grid-template-columns:40% auto\"><figure class=\"wp-block-media-text__media\"><a href=\"https:\/\/www.terraaquatica.com\/it\/fertilizzanti-organici\/pro-organic-5\/\"><img decoding=\"async\" width=\"362\" height=\"281\" src=\"https:\/\/www.terraaquatica.com\/wp-content\/uploads\/2024\/09\/image.png\" alt=\"\" class=\"wp-image-16760 size-full\" srcset=\"https:\/\/www.terraaquatica.com\/wp-content\/uploads\/2024\/09\/image.png 362w, https:\/\/www.terraaquatica.com\/wp-content\/uploads\/2024\/09\/image-300x233.png 300w, https:\/\/www.terraaquatica.com\/wp-content\/uploads\/2024\/09\/image-309x240.png 309w\" sizes=\"(max-width: 362px) 100vw, 362px\" \/><\/a><\/figure><div class=\"wp-block-media-text__content\">\n<p><strong>Pro Organic<\/strong> <\/p>\n\n\n\n<p>Il primo e solo fertilizzante completamente organico per tutti i substrati.<br>Basiamo le nostre formule su principi ecologici che rispettano l\u2019ambiente mentre provvedono alle piante un efficace e bilanciato nutrimento. Pro Organic migliora attivamente la salute delle tue radici nutrendo i microbi che vivono in armonia con le tue piante. Questo fornisce il nutrimento essenziale ed ambiente ideale per una rigogliosa crescita, fioritura e fruttificazione.<br><strong><a href=\"https:\/\/www.terraaquatica.com\/it\/fertilizzanti-organici\/pro-organic-5\/\">Per saperne di pi\u00f9 &#8230;<\/a><\/strong><br><\/p>\n<\/div><\/div>\n\n\n\n<div class=\"wp-block-media-text has-media-on-the-right is-stacked-on-mobile\" style=\"grid-template-columns:auto 30%\"><div class=\"wp-block-media-text__content\">\n<p><strong>Root Booster<\/strong> \u00e8 un supplemento naturale per la crescita che aiuta le piante a stabilire un sano e vivace apparate radicale. Contiene vitamine, enzimi, acidi organici ed umici che stimolano la massa radicale in modo completamente naturale \u2013 non usando regolatori di crescita sintetici.<br><strong><a href=\"https:\/\/www.terraaquatica.com\/it\/biostimolanti-sviluppo-radicale\/root-booster-5\/\">Per saperne di pi\u00f9 &#8230;<\/a><\/strong><\/p>\n<\/div><figure class=\"wp-block-media-text__media\"><a href=\"https:\/\/www.terraaquatica.com\/it\/biostimolanti-sviluppo-radicale\/root-booster-5\/\"><img decoding=\"async\" width=\"264\" height=\"344\" src=\"https:\/\/www.terraaquatica.com\/wp-content\/uploads\/2024\/09\/image-1.png\" alt=\"\" class=\"wp-image-16767 size-full\" srcset=\"https:\/\/www.terraaquatica.com\/wp-content\/uploads\/2024\/09\/image-1.png 264w, https:\/\/www.terraaquatica.com\/wp-content\/uploads\/2024\/09\/image-1-230x300.png 230w, https:\/\/www.terraaquatica.com\/wp-content\/uploads\/2024\/09\/image-1-184x240.png 184w\" sizes=\"(max-width: 264px) 100vw, 264px\" \/><\/a><\/figure><\/div>\n\n\n\n<div class=\"wp-block-media-text is-stacked-on-mobile\" style=\"grid-template-columns:31% auto\"><figure class=\"wp-block-media-text__media\"><a href=\"https:\/\/www.terraaquatica.com\/it\/biostimolanti-organici-fioritura-fruttificazione\/bloom-booster-5\/\"><img loading=\"lazy\" decoding=\"async\" width=\"209\" height=\"288\" src=\"https:\/\/www.terraaquatica.com\/wp-content\/uploads\/2024\/09\/image-2.png\" alt=\"\" class=\"wp-image-16774 size-full\" srcset=\"https:\/\/www.terraaquatica.com\/wp-content\/uploads\/2024\/09\/image-2.png 209w, https:\/\/www.terraaquatica.com\/wp-content\/uploads\/2024\/09\/image-2-174x240.png 174w\" sizes=\"(max-width: 209px) 100vw, 209px\" \/><\/a><\/figure><div class=\"wp-block-media-text__content\">\n<p><strong>Bloom Booster<\/strong> \u00e8 un potente stimolatore di fioritura che genera una massiva produzione di fiori e frutta.<br><strong><a href=\"https:\/\/www.terraaquatica.com\/it\/biostimolanti-organici-fioritura-fruttificazione\/bloom-booster-5\/\">Per saperne di pi\u00f9 &#8230;<\/a><\/strong><\/p>\n<\/div><\/div>\n\n\n\n<div class=\"wp-block-media-text has-media-on-the-right is-stacked-on-mobile\" style=\"grid-template-columns:auto 27%\"><div class=\"wp-block-media-text__content\">\n<p><strong>Seaweed<\/strong> \u00e8 un potenziatore 100% naturale di vitalit\u00e0 di piante e substrati che incoraggia un prolifico radicamento e crescita fogliare oltre che aumentare il numero e la dimensione di fiori e frutti.<br><strong><a href=\"https:\/\/www.terraaquatica.com\/it\/biostimolanti-organici-universali\/seaweed-5\/\">Per saperne di pi\u00f9 &#8230;<\/a><\/strong><\/p>\n<\/div><figure class=\"wp-block-media-text__media\"><a href=\"https:\/\/www.terraaquatica.com\/it\/biostimolanti-organici-universali\/seaweed-5\/\"><img loading=\"lazy\" decoding=\"async\" width=\"218\" height=\"347\" src=\"https:\/\/www.terraaquatica.com\/wp-content\/uploads\/2024\/09\/image-3.png\" alt=\"\" class=\"wp-image-16781 size-full\" srcset=\"https:\/\/www.terraaquatica.com\/wp-content\/uploads\/2024\/09\/image-3.png 218w, https:\/\/www.terraaquatica.com\/wp-content\/uploads\/2024\/09\/image-3-188x300.png 188w, https:\/\/www.terraaquatica.com\/wp-content\/uploads\/2024\/09\/image-3-151x240.png 151w\" sizes=\"(max-width: 218px) 100vw, 218px\" \/><\/a><\/figure><\/div>\n\n\n\n<div class=\"wp-block-media-text is-stacked-on-mobile\" style=\"grid-template-columns:37% auto\"><figure class=\"wp-block-media-text__media\"><a href=\"https:\/\/www.terraaquatica.com\/it\/biostimolanti-organici-universali\/silicate-5\/\"><img loading=\"lazy\" decoding=\"async\" width=\"260\" height=\"319\" src=\"https:\/\/www.terraaquatica.com\/wp-content\/uploads\/2024\/09\/image-4.png\" alt=\"\" class=\"wp-image-16788 size-full\" srcset=\"https:\/\/www.terraaquatica.com\/wp-content\/uploads\/2024\/09\/image-4.png 260w, https:\/\/www.terraaquatica.com\/wp-content\/uploads\/2024\/09\/image-4-245x300.png 245w, https:\/\/www.terraaquatica.com\/wp-content\/uploads\/2024\/09\/image-4-196x240.png 196w\" sizes=\"(max-width: 260px) 100vw, 260px\" \/><\/a><\/figure><div class=\"wp-block-media-text__content\">\n<p><strong>Silicate<\/strong> stabilizza il pH e la conducibilit\u00e0 elettrica della soluzione nutritiva, riducendo lo stress delle piante a crescita rapida. Silicate, inoltre, protegge le piante dagli effetti tossici dei metalli. Non meno importante, Silicate contiene pi\u00f9 di 60 minerali che arricchiscono le sostanze nutritive per una crescita rigogliosa delle piante.<br><strong><a href=\"https:\/\/www.terraaquatica.com\/it\/biostimolanti-organici-universali\/silicate-5\/\">Per saperne di pi\u00f9 &#8230;<\/a><\/strong><\/p>\n<\/div><\/div>\n\n\n\n<div class=\"wp-block-media-text has-media-on-the-right is-stacked-on-mobile\" style=\"grid-template-columns:auto 30%\"><div class=\"wp-block-media-text__content\">\n<p><strong>Urtimax\u00ae<\/strong> stimola la crescita delle piante, combatte la clorosi e le carenze di minerali, ed migliora la resistenza alle infestazioni. Urtimax<em>\u00ae<\/em>\u00a0\u00e8 un infusione di ortica di alta qualit\u00e0, come quella che usano i coltivatori da centinaia se non migliaia di anni.<br><strong><a href=\"https:\/\/www.terraaquatica.com\/it\/biostimolanti-organici-universali\/urtimax-5\/\">Per saperne di pi\u00f9 &#8230;<\/a> <\/strong><\/p>\n<\/div><figure class=\"wp-block-media-text__media\"><a href=\"https:\/\/www.terraaquatica.com\/it\/biostimolanti-organici-universali\/urtimax-5\/\"><img loading=\"lazy\" decoding=\"async\" width=\"243\" height=\"354\" src=\"https:\/\/www.terraaquatica.com\/wp-content\/uploads\/2024\/09\/image-5.png\" alt=\"\" class=\"wp-image-16795 size-full\" srcset=\"https:\/\/www.terraaquatica.com\/wp-content\/uploads\/2024\/09\/image-5.png 243w, https:\/\/www.terraaquatica.com\/wp-content\/uploads\/2024\/09\/image-5-206x300.png 206w, https:\/\/www.terraaquatica.com\/wp-content\/uploads\/2024\/09\/image-5-165x240.png 165w\" sizes=\"(max-width: 243px) 100vw, 243px\" \/><\/a><\/figure><\/div>\n\n\n\n<div class=\"wp-block-media-text is-stacked-on-mobile\" style=\"grid-template-columns:34% auto\"><figure class=\"wp-block-media-text__media\"><a href=\"https:\/\/www.terraaquatica.com\/it\/biostimolanti-organici-universali\/humic-5\/\"><img loading=\"lazy\" decoding=\"async\" width=\"269\" height=\"337\" src=\"https:\/\/www.terraaquatica.com\/wp-content\/uploads\/2024\/09\/image-6.png\" alt=\"\" class=\"wp-image-16802 size-full\" srcset=\"https:\/\/www.terraaquatica.com\/wp-content\/uploads\/2024\/09\/image-6.png 269w, https:\/\/www.terraaquatica.com\/wp-content\/uploads\/2024\/09\/image-6-239x300.png 239w, https:\/\/www.terraaquatica.com\/wp-content\/uploads\/2024\/09\/image-6-192x240.png 192w\" sizes=\"(max-width: 269px) 100vw, 269px\" \/><\/a><\/figure><div class=\"wp-block-media-text__content\">\n<p><strong>Humic<\/strong> \u00e8 un eccellente fonte di umati derivati da una nuova, naturale e sostenibile fonte : segatura !<br>Questa nuova tecnologia fornisce un prodotto limpido, senza residui, e ovviamente viene da una fonte completamente sostenibile !<br><a href=\"https:\/\/www.terraaquatica.com\/it\/biostimolanti-organici-universali\/humic-5\/\"><strong>Per saperne di pi\u00f9<\/strong><\/a> <a href=\"https:\/\/www.terraaquatica.com\/fr\/biostimulant-organique-universel\/humic-3\/\"><strong>&#8230;<\/strong><\/a><\/p>\n<\/div><\/div>\n\n\n\n<div class=\"wp-block-media-text has-media-on-the-right is-stacked-on-mobile\" style=\"grid-template-columns:auto 35%\"><div class=\"wp-block-media-text__content\">\n<p><strong>Fulvic<\/strong><br>Acidi Umici solubili che contengono una miriade di promotori naturali delle piante pi\u00f9 ingredienti che potenziano i fertilizzanti. Tra questi, gli Acidi Fulvici sono la sostanza che fa attualmente la differenza rendendo i minerali pi\u00f9 semplicemente assorbibili dalle piante e rendendo i fertilizzanti pi\u00f9 efficaci.<br><a href=\"https:\/\/www.terraaquatica.com\/it\/biostimolanti-organici-universali\/fulvic-5\/\"><strong>Per saperne di pi\u00f9<\/strong><\/a> <a href=\"https:\/\/www.terraaquatica.com\/fr\/biostimulant-organique-universel\/fulvic-3\/\"><strong>&#8230;<\/strong><\/a><\/p>\n<\/div><figure class=\"wp-block-media-text__media\"><a href=\"https:\/\/www.terraaquatica.com\/it\/biostimolanti-organici-universali\/fulvic-5\/\"><img loading=\"lazy\" decoding=\"async\" width=\"284\" height=\"355\" src=\"https:\/\/www.terraaquatica.com\/wp-content\/uploads\/2024\/09\/image-7.png\" alt=\"\" class=\"wp-image-16809 size-full\" srcset=\"https:\/\/www.terraaquatica.com\/wp-content\/uploads\/2024\/09\/image-7.png 284w, https:\/\/www.terraaquatica.com\/wp-content\/uploads\/2024\/09\/image-7-240x300.png 240w, https:\/\/www.terraaquatica.com\/wp-content\/uploads\/2024\/09\/image-7-192x240.png 192w\" sizes=\"(max-width: 284px) 100vw, 284px\" \/><\/a><\/figure><\/div>\n\n\n\n<p><strong>Praticate la bioponica (idroponica biologica)<\/strong> <strong>?<\/strong><br>Non dimenticate di aggiungere i <a href=\"https:\/\/www.terraaquatica.com\/it\/categoria_prodotto\/microorganismi-benefici\/\">microrganismi<\/a>  ! Svolgono un ruolo fondamentale nella decomposizione della materia organica, migliorano l&#8217;assorbimento dei minerali e rafforzano la struttura e la salute delle piante.<br>Per i pi\u00f9 esperti, scoprite la nostra gamma di <strong>Pro Booster<\/strong> :<br><a href=\"https:\/\/www.terraaquatica.com\/it\/biostimolanti-organici-fioritura-fruttificazione\/pro-bloom-5\/\">ProBloom<\/a> , <a href=\"https:\/\/www.terraaquatica.com\/fr\/stimulant-racinaire-bio\/pro-roots-3\/\">P<\/a><a href=\"https:\/\/www.terraaquatica.com\/it\/biostimolanti-sviluppo-radicale\/pro-roots-5\/\">ro Roots<\/a> , et <a href=\"https:\/\/www.terraaquatica.com\/it\/attivatori-del-sistema-immunitario\/protect-5\/\">Prot<\/a><a href=\"https:\/\/www.terraaquatica.com\/immune-system-activator\/protect-2\/\">ect<\/a> .<\/p>\n\n\n\n<p><strong>Perch\u00e9 coltivare in modo biologico ?<\/strong><br>L&#8217;agricoltura biologica non \u00e8 solo una tendenza: \u00e8 una necessit\u00e0 per un futuro sostenibile. La coltivazione biologica offre molti vantaggi :<\/p>\n\n\n\n<ul class=\"wp-block-list\">\n<li><strong>Rispetto dell&#8217;ambiente :<\/strong> I prodotti biologici sono progettati per ridurre al minimo l&#8217;impatto sull&#8217;ecosistema. Promuovono la biodiversit\u00e0, proteggono la qualit\u00e0 dell&#8217;acqua e aumentano la fertilit\u00e0 del suolo.<\/li>\n\n\n\n<li><strong>Sicurezza e salute :<\/strong> Utilizzando prodotti biologici, si evitano le sostanze chimiche di sintesi, a tutto vantaggio della salute degli utenti e dei consumatori finali.<\/li>\n\n\n\n<li><strong>Qualit\u00e0 dei raccolti :<\/strong> Le colture biologiche sono spesso pi\u00f9 resistenti alle malattie e producono raccolti pi\u00f9 gustosi e nutrienti.<\/li>\n<\/ul>\n\n\n\n<p>Buoni raccolti !<br><br>Domande ? Contattate il nostro ufficio tecnico all&#8217;indirizzo <a href=\"mailto:tech@terraaquatica.com\">tech@terraaquatica.com<\/a><\/p>\n","protected":false},"excerpt":{"rendered":"<p>La gamma biologica di Terra Aquatica si rinnova. Siamo lieti di annunciare un importante aggiornamento della nostra gamma di prodotti [&hellip;]<\/p>\n","protected":false},"author":710,"featured_media":0,"parent":0,"menu_order":0,"comment_status":"closed","ping_status":"closed","template":"","meta":{"_acf_changed":false,"footnotes":""},"class_list":["post-16830","page","type-page","status-publish","hentry"],"acf":[],"yoast_head":"<!-- This site is optimized with the Yoast SEO plugin v27.3 - https:\/\/yoast.com\/product\/yoast-seo-wordpress\/ -->\n<title>Nuove etichette biologiche - Terra Aquatica<\/title>\n<meta name=\"robots\" content=\"index, follow, max-snippet:-1, max-image-preview:large, max-video-preview:-1\" \/>\n<link rel=\"canonical\" href=\"https:\/\/www.terraaquatica.com\/it\/nuove-etichette-biologiche\/\" \/>\n<meta property=\"og:locale\" content=\"it_IT\" \/>\n<meta property=\"og:type\" content=\"article\" \/>\n<meta property=\"og:title\" content=\"Nuove etichette biologiche - Terra Aquatica\" \/>\n<meta property=\"og:description\" content=\"La gamma biologica di Terra Aquatica si rinnova. Siamo lieti di annunciare un importante aggiornamento della nostra gamma di prodotti [&hellip;]\" \/>\n<meta property=\"og:url\" content=\"https:\/\/www.terraaquatica.com\/it\/nuove-etichette-biologiche\/\" \/>\n<meta property=\"og:site_name\" content=\"Terra Aquatica\" \/>\n<meta property=\"og:image\" content=\"https:\/\/www.terraaquatica.com\/wp-content\/uploads\/2024\/09\/nouvelle-gamme-organique-vertical-01-683x1024.jpg\" \/>\n<meta name=\"twitter:card\" content=\"summary_large_image\" \/>\n<meta name=\"twitter:label1\" content=\"Tempo di lettura stimato\" \/>\n\t<meta name=\"twitter:data1\" content=\"3 minuti\" \/>\n<script type=\"application\/ld+json\" class=\"yoast-schema-graph\">{\"@context\":\"https:\\\/\\\/schema.org\",\"@graph\":[{\"@type\":\"WebPage\",\"@id\":\"https:\\\/\\\/www.terraaquatica.com\\\/it\\\/nuove-etichette-biologiche\\\/\",\"url\":\"https:\\\/\\\/www.terraaquatica.com\\\/it\\\/nuove-etichette-biologiche\\\/\",\"name\":\"Nuove etichette biologiche - Terra Aquatica\",\"isPartOf\":{\"@id\":\"https:\\\/\\\/www.terraaquatica.com\\\/#website\"},\"primaryImageOfPage\":{\"@id\":\"https:\\\/\\\/www.terraaquatica.com\\\/it\\\/nuove-etichette-biologiche\\\/#primaryimage\"},\"image\":{\"@id\":\"https:\\\/\\\/www.terraaquatica.com\\\/it\\\/nuove-etichette-biologiche\\\/#primaryimage\"},\"thumbnailUrl\":\"https:\\\/\\\/www.terraaquatica.com\\\/wp-content\\\/uploads\\\/2024\\\/09\\\/nouvelle-gamme-organique-vertical-01-683x1024.jpg\",\"datePublished\":\"2024-09-16T14:15:05+00:00\",\"breadcrumb\":{\"@id\":\"https:\\\/\\\/www.terraaquatica.com\\\/it\\\/nuove-etichette-biologiche\\\/#breadcrumb\"},\"inLanguage\":\"it-IT\",\"potentialAction\":[{\"@type\":\"ReadAction\",\"target\":[\"https:\\\/\\\/www.terraaquatica.com\\\/it\\\/nuove-etichette-biologiche\\\/\"]}]},{\"@type\":\"ImageObject\",\"inLanguage\":\"it-IT\",\"@id\":\"https:\\\/\\\/www.terraaquatica.com\\\/it\\\/nuove-etichette-biologiche\\\/#primaryimage\",\"url\":\"https:\\\/\\\/www.terraaquatica.com\\\/wp-content\\\/uploads\\\/2024\\\/09\\\/nouvelle-gamme-organique-vertical-01-683x1024.jpg\",\"contentUrl\":\"https:\\\/\\\/www.terraaquatica.com\\\/wp-content\\\/uploads\\\/2024\\\/09\\\/nouvelle-gamme-organique-vertical-01-683x1024.jpg\"},{\"@type\":\"BreadcrumbList\",\"@id\":\"https:\\\/\\\/www.terraaquatica.com\\\/it\\\/nuove-etichette-biologiche\\\/#breadcrumb\",\"itemListElement\":[{\"@type\":\"ListItem\",\"position\":1,\"name\":\"Accueil\",\"item\":\"https:\\\/\\\/www.terraaquatica.com\\\/it\\\/\"},{\"@type\":\"ListItem\",\"position\":2,\"name\":\"Nuove etichette biologiche\"}]},{\"@type\":\"WebSite\",\"@id\":\"https:\\\/\\\/www.terraaquatica.com\\\/#website\",\"url\":\"https:\\\/\\\/www.terraaquatica.com\\\/\",\"name\":\"Terra Aquatica\",\"description\":\"Engrais et syst\u00e8mes de culture depuis 1995\",\"publisher\":{\"@id\":\"https:\\\/\\\/www.terraaquatica.com\\\/#organization\"},\"potentialAction\":[{\"@type\":\"SearchAction\",\"target\":{\"@type\":\"EntryPoint\",\"urlTemplate\":\"https:\\\/\\\/www.terraaquatica.com\\\/?s={search_term_string}\"},\"query-input\":{\"@type\":\"PropertyValueSpecification\",\"valueRequired\":true,\"valueName\":\"search_term_string\"}}],\"inLanguage\":\"it-IT\"},{\"@type\":\"Organization\",\"@id\":\"https:\\\/\\\/www.terraaquatica.com\\\/#organization\",\"name\":\"Terra Aquatica\",\"url\":\"https:\\\/\\\/www.terraaquatica.com\\\/\",\"logo\":{\"@type\":\"ImageObject\",\"inLanguage\":\"it-IT\",\"@id\":\"https:\\\/\\\/www.terraaquatica.com\\\/#\\\/schema\\\/logo\\\/image\\\/\",\"url\":\"https:\\\/\\\/www.terraaquatica.com\\\/wp-content\\\/uploads\\\/2022\\\/03\\\/favicon-transpa-big.png\",\"contentUrl\":\"https:\\\/\\\/www.terraaquatica.com\\\/wp-content\\\/uploads\\\/2022\\\/03\\\/favicon-transpa-big.png\",\"width\":512,\"height\":512,\"caption\":\"Terra Aquatica\"},\"image\":{\"@id\":\"https:\\\/\\\/www.terraaquatica.com\\\/#\\\/schema\\\/logo\\\/image\\\/\"}}]}<\/script>\n<!-- \/ Yoast SEO plugin. -->","yoast_head_json":{"title":"Nuove etichette biologiche - Terra Aquatica","robots":{"index":"index","follow":"follow","max-snippet":"max-snippet:-1","max-image-preview":"max-image-preview:large","max-video-preview":"max-video-preview:-1"},"canonical":"https:\/\/www.terraaquatica.com\/it\/nuove-etichette-biologiche\/","og_locale":"it_IT","og_type":"article","og_title":"Nuove etichette biologiche - Terra Aquatica","og_description":"La gamma biologica di Terra Aquatica si rinnova. Siamo lieti di annunciare un importante aggiornamento della nostra gamma di prodotti [&hellip;]","og_url":"https:\/\/www.terraaquatica.com\/it\/nuove-etichette-biologiche\/","og_site_name":"Terra Aquatica","og_image":[{"url":"https:\/\/www.terraaquatica.com\/wp-content\/uploads\/2024\/09\/nouvelle-gamme-organique-vertical-01-683x1024.jpg","type":"","width":"","height":""}],"twitter_card":"summary_large_image","twitter_misc":{"Tempo di lettura stimato":"3 minuti"},"schema":{"@context":"https:\/\/schema.org","@graph":[{"@type":"WebPage","@id":"https:\/\/www.terraaquatica.com\/it\/nuove-etichette-biologiche\/","url":"https:\/\/www.terraaquatica.com\/it\/nuove-etichette-biologiche\/","name":"Nuove etichette biologiche - Terra Aquatica","isPartOf":{"@id":"https:\/\/www.terraaquatica.com\/#website"},"primaryImageOfPage":{"@id":"https:\/\/www.terraaquatica.com\/it\/nuove-etichette-biologiche\/#primaryimage"},"image":{"@id":"https:\/\/www.terraaquatica.com\/it\/nuove-etichette-biologiche\/#primaryimage"},"thumbnailUrl":"https:\/\/www.terraaquatica.com\/wp-content\/uploads\/2024\/09\/nouvelle-gamme-organique-vertical-01-683x1024.jpg","datePublished":"2024-09-16T14:15:05+00:00","breadcrumb":{"@id":"https:\/\/www.terraaquatica.com\/it\/nuove-etichette-biologiche\/#breadcrumb"},"inLanguage":"it-IT","potentialAction":[{"@type":"ReadAction","target":["https:\/\/www.terraaquatica.com\/it\/nuove-etichette-biologiche\/"]}]},{"@type":"ImageObject","inLanguage":"it-IT","@id":"https:\/\/www.terraaquatica.com\/it\/nuove-etichette-biologiche\/#primaryimage","url":"https:\/\/www.terraaquatica.com\/wp-content\/uploads\/2024\/09\/nouvelle-gamme-organique-vertical-01-683x1024.jpg","contentUrl":"https:\/\/www.terraaquatica.com\/wp-content\/uploads\/2024\/09\/nouvelle-gamme-organique-vertical-01-683x1024.jpg"},{"@type":"BreadcrumbList","@id":"https:\/\/www.terraaquatica.com\/it\/nuove-etichette-biologiche\/#breadcrumb","itemListElement":[{"@type":"ListItem","position":1,"name":"Accueil","item":"https:\/\/www.terraaquatica.com\/it\/"},{"@type":"ListItem","position":2,"name":"Nuove etichette biologiche"}]},{"@type":"WebSite","@id":"https:\/\/www.terraaquatica.com\/#website","url":"https:\/\/www.terraaquatica.com\/","name":"Terra Aquatica","description":"Engrais et syst\u00e8mes de culture depuis 1995","publisher":{"@id":"https:\/\/www.terraaquatica.com\/#organization"},"potentialAction":[{"@type":"SearchAction","target":{"@type":"EntryPoint","urlTemplate":"https:\/\/www.terraaquatica.com\/?s={search_term_string}"},"query-input":{"@type":"PropertyValueSpecification","valueRequired":true,"valueName":"search_term_string"}}],"inLanguage":"it-IT"},{"@type":"Organization","@id":"https:\/\/www.terraaquatica.com\/#organization","name":"Terra Aquatica","url":"https:\/\/www.terraaquatica.com\/","logo":{"@type":"ImageObject","inLanguage":"it-IT","@id":"https:\/\/www.terraaquatica.com\/#\/schema\/logo\/image\/","url":"https:\/\/www.terraaquatica.com\/wp-content\/uploads\/2022\/03\/favicon-transpa-big.png","contentUrl":"https:\/\/www.terraaquatica.com\/wp-content\/uploads\/2022\/03\/favicon-transpa-big.png","width":512,"height":512,"caption":"Terra Aquatica"},"image":{"@id":"https:\/\/www.terraaquatica.com\/#\/schema\/logo\/image\/"}}]}},"_links":{"self":[{"href":"https:\/\/www.terraaquatica.com\/it\/wp-json\/wp\/v2\/pages\/16830","targetHints":{"allow":["GET"]}}],"collection":[{"href":"https:\/\/www.terraaquatica.com\/it\/wp-json\/wp\/v2\/pages"}],"about":[{"href":"https:\/\/www.terraaquatica.com\/it\/wp-json\/wp\/v2\/types\/page"}],"author":[{"embeddable":true,"href":"https:\/\/www.terraaquatica.com\/it\/wp-json\/wp\/v2\/users\/710"}],"replies":[{"embeddable":true,"href":"https:\/\/www.terraaquatica.com\/it\/wp-json\/wp\/v2\/comments?post=16830"}],"version-history":[{"count":1,"href":"https:\/\/www.terraaquatica.com\/it\/wp-json\/wp\/v2\/pages\/16830\/revisions"}],"predecessor-version":[{"id":16831,"href":"https:\/\/www.terraaquatica.com\/it\/wp-json\/wp\/v2\/pages\/16830\/revisions\/16831"}],"wp:attachment":[{"href":"https:\/\/www.terraaquatica.com\/it\/wp-json\/wp\/v2\/media?parent=16830"}],"curies":[{"name":"wp","href":"https:\/\/api.w.org\/{rel}","templated":true}]}}