{"id":229,"date":"2018-10-23T16:42:07","date_gmt":"2018-10-23T14:42:07","guid":{"rendered":"https:\/\/www.terraaquatica.com\/chi-e-la-ghe\/"},"modified":"2022-01-28T23:12:23","modified_gmt":"2022-01-28T22:12:23","slug":"chi-e-la-ghe","status":"publish","type":"page","link":"https:\/\/www.terraaquatica.com\/it\/chi-e-la-ghe\/","title":{"rendered":"Chi \u00e8 la Terra Aquatica"},"content":{"rendered":"\n<figure class=\"wp-block-image size-full is-style-default\"><img fetchpriority=\"high\" decoding=\"async\" width=\"497\" height=\"378\" src=\"https:\/\/www.terraaquatica.com\/wp-content\/uploads\/2022\/01\/GHE-william.jpg\" alt=\"\" class=\"wp-image-12033\" srcset=\"https:\/\/www.terraaquatica.com\/wp-content\/uploads\/2022\/01\/GHE-william.jpg 497w, https:\/\/www.terraaquatica.com\/wp-content\/uploads\/2022\/01\/GHE-william-300x228.jpg 300w\" sizes=\"(max-width: 497px) 100vw, 497px\" \/><figcaption>Lawrence Brooke, Noucetta Kehdi, William Texier, fondatore di Terra Aquatica,<\/figcaption><\/figure>\n\n\n<p><!--more--><\/p>\n<p>Terra Aquatica fu fondata in Francia, nel 1994 da William Texier e Noucetta (Marie) Kehdi, avendo guadagnato una reputazione internazionale per la loro fattoria (?) idroponica, \u201cthe White Owl WaterFarm\u201d, dove hanno coltivato raccolti che sono stati utilizzati da ristoranti stellati Michelin nell\u2019area della San Francisco Bay agli inizi degli anni \u201890.<\/p>\n<p>William \u00e8 sempre stato un innovatore, sviluppando nuovi prodotti e metodi combinando il potere dell\u2019Idroponica con la qualit\u00e0 e la sensibilit\u00e0 ecologica dei metodi organici \/ Bio che sono adesso diventati tanto importanti. Insieme William e Noucetta furono i pionieri di nuovi metodi dell\u2019agricoltura moderna utilizzando gli ingredienti pi\u00f9 puri, molti dei quali commestibili, e combinandoli con i pi\u00f9 puri ingredienti organici \/ Bio disponibili.<\/p>\n<p><strong>TECNOLOGIA<\/strong><\/p>\n<p>I nuovi prodotti combinati con le moderne tecniche di coltivazione hanno creato un nuovo modo di pensare le soluzioni nutritive. William e Noucetta sapevano che tutte le forme di vita sono in simbiosi quindi hanno formulato prodotti in grado di creare una soluzione nutritiva vivente. Questa \u00e8 una nuova tecnica di coltivazione dove le piante e l\u2019ambiente sono attentamente integrate in un perfetto sistema vivente.<\/p>\n<p>Questa \u00e8 pi\u00f9 che idroponica e pi\u00f9 che organico o bio, \u00e8 un ibrido che unisce il meglio di entrambi i mondi: i pesticidi non sono necessari quando le piante condividono l\u2019ambiente con organismi benefici che le proteggono e difendono. Pesanti ingredienti chimici, usati nella maggior parte delle moderne coltivazioni commerciali, non possono essere utilizzati in un sistema vivente. Solo ingredienti puri e compatibili e la loro corretta combinazione permette la coltivazione in simbiotica in un sistema vivente. Per descrivere e spiegare questa nuova tecnica di coltivazione William e Noucetta coniarono la parola \u201cBioponic\u201d, un idea che ora viene studiata in tutto il mondo, in un campo dove Terra Aquatica rimane leader.<\/p>\n<p><strong>LE NECESSITA\u2019 DEL COLTIVATORE<\/strong><\/p>\n<p>Oggi i prodotti Terra Aquatica nutrono fantastici raccolti che forniscono cibo, medicine e fiori i in tutto il mondo. Da Terra Aquatica i prodotti sono formulati per incontrare le speciali necessit\u00e0 dei coltivatori in qualsiasi tipo di ambiente dove le piante vengono coltivate (per i loro bisogni personali e locali).<\/p>\n<p>Il criterio principale di ideazione dei prodotti esclusivo da Terra Aquatica \u00e8 quello di produrre prodotti completi, sostenibili e ambientalmente compatibili per i coltivatori. Tutti i prodotti sono formulati per gli standard locali dove acqua, luce, temperatura, umidit\u00e0 e le naturali considerazioni creano un micro-ecosistema unico, dai deserti del Medio Oriente alle foreste artiche in Siberia.<\/p>\n<p>Ogni ambiente specifico crea un mercato speciale con grande variet\u00e0 di necessit\u00e0 dei coltivatori e delle piante.<\/p>\n<p>Terra Aquatica \u00e8 all\u2019avanguardia dell\u2019agricoltura moderna.<\/p>\n<p>Rispettata e riconosciuta nei circoli accademici di tutto il mondo , William e Noucetta viaggiano ed insegnano approfonditamente. Hanno scritto e pubblicato diversi articoli e libri che oggi sono la base per gli studenti agrari di tutto il mondo. Il libro di William, \u201cIdroponica per tutti\u201d, \u00e8 ora disponibile in 7 lingue e fornisce ai coltivatori numerose informazioni e conoscenza su come coltivare piante per i propri bisogni personali e familiari.<\/p>\n<p>Lawrence Brooke<\/p>\n\n\n<figure class=\"wp-block-embed is-type-video is-provider-youtube wp-block-embed-youtube wp-embed-aspect-16-9 wp-has-aspect-ratio\"><div class=\"wp-block-embed__wrapper\">\n<iframe title=\"Lancio ufficiale di Terra Aquatica, l&#039;azienda specializzata in coltivazioni in terra e senza terra\" width=\"500\" height=\"281\" src=\"https:\/\/www.youtube.com\/embed\/a2TUSDDVXFE?feature=oembed\" frameborder=\"0\" allow=\"accelerometer; autoplay; clipboard-write; encrypted-media; gyroscope; picture-in-picture; web-share\" referrerpolicy=\"strict-origin-when-cross-origin\" allowfullscreen><\/iframe>\n<\/div><\/figure>\n","protected":false},"excerpt":{"rendered":"","protected":false},"author":3,"featured_media":149,"parent":0,"menu_order":0,"comment_status":"closed","ping_status":"closed","template":"","meta":{"_acf_changed":false,"footnotes":""},"class_list":["post-229","page","type-page","status-publish","has-post-thumbnail","hentry"],"acf":[],"yoast_head":"<!-- This site is optimized with the Yoast SEO plugin v27.3 - https:\/\/yoast.com\/product\/yoast-seo-wordpress\/ -->\n<title>Chi \u00e8 la Terra Aquatica - Terra Aquatica<\/title>\n<meta name=\"robots\" content=\"index, follow, max-snippet:-1, max-image-preview:large, max-video-preview:-1\" \/>\n<link rel=\"canonical\" href=\"https:\/\/www.terraaquatica.com\/it\/chi-e-la-ghe\/\" \/>\n<meta property=\"og:locale\" content=\"it_IT\" \/>\n<meta property=\"og:type\" content=\"article\" \/>\n<meta property=\"og:title\" content=\"Chi \u00e8 la Terra Aquatica - Terra Aquatica\" \/>\n<meta property=\"og:url\" content=\"https:\/\/www.terraaquatica.com\/it\/chi-e-la-ghe\/\" \/>\n<meta property=\"og:site_name\" content=\"Terra Aquatica\" \/>\n<meta property=\"article:modified_time\" content=\"2022-01-28T22:12:23+00:00\" \/>\n<meta property=\"og:image\" content=\"https:\/\/www.terraaquatica.com\/wp-content\/uploads\/2017\/07\/william-noucetta-larry.jpg\" \/>\n\t<meta property=\"og:image:width\" content=\"1600\" \/>\n\t<meta property=\"og:image:height\" content=\"1200\" \/>\n\t<meta property=\"og:image:type\" content=\"image\/jpeg\" \/>\n<meta name=\"twitter:card\" content=\"summary_large_image\" \/>\n<meta name=\"twitter:label1\" content=\"Tempo di lettura stimato\" \/>\n\t<meta name=\"twitter:data1\" content=\"3 minuti\" \/>\n<script type=\"application\/ld+json\" class=\"yoast-schema-graph\">{\"@context\":\"https:\\\/\\\/schema.org\",\"@graph\":[{\"@type\":\"WebPage\",\"@id\":\"https:\\\/\\\/www.terraaquatica.com\\\/it\\\/chi-e-la-ghe\\\/\",\"url\":\"https:\\\/\\\/www.terraaquatica.com\\\/it\\\/chi-e-la-ghe\\\/\",\"name\":\"Chi \u00e8 la Terra Aquatica - Terra Aquatica\",\"isPartOf\":{\"@id\":\"https:\\\/\\\/www.terraaquatica.com\\\/#website\"},\"primaryImageOfPage\":{\"@id\":\"https:\\\/\\\/www.terraaquatica.com\\\/it\\\/chi-e-la-ghe\\\/#primaryimage\"},\"image\":{\"@id\":\"https:\\\/\\\/www.terraaquatica.com\\\/it\\\/chi-e-la-ghe\\\/#primaryimage\"},\"thumbnailUrl\":\"https:\\\/\\\/www.terraaquatica.com\\\/wp-content\\\/uploads\\\/2017\\\/07\\\/william-noucetta-larry.jpg\",\"datePublished\":\"2018-10-23T14:42:07+00:00\",\"dateModified\":\"2022-01-28T22:12:23+00:00\",\"breadcrumb\":{\"@id\":\"https:\\\/\\\/www.terraaquatica.com\\\/it\\\/chi-e-la-ghe\\\/#breadcrumb\"},\"inLanguage\":\"it-IT\",\"potentialAction\":[{\"@type\":\"ReadAction\",\"target\":[\"https:\\\/\\\/www.terraaquatica.com\\\/it\\\/chi-e-la-ghe\\\/\"]}]},{\"@type\":\"ImageObject\",\"inLanguage\":\"it-IT\",\"@id\":\"https:\\\/\\\/www.terraaquatica.com\\\/it\\\/chi-e-la-ghe\\\/#primaryimage\",\"url\":\"https:\\\/\\\/www.terraaquatica.com\\\/wp-content\\\/uploads\\\/2017\\\/07\\\/william-noucetta-larry.jpg\",\"contentUrl\":\"https:\\\/\\\/www.terraaquatica.com\\\/wp-content\\\/uploads\\\/2017\\\/07\\\/william-noucetta-larry.jpg\",\"width\":1600,\"height\":1200},{\"@type\":\"BreadcrumbList\",\"@id\":\"https:\\\/\\\/www.terraaquatica.com\\\/it\\\/chi-e-la-ghe\\\/#breadcrumb\",\"itemListElement\":[{\"@type\":\"ListItem\",\"position\":1,\"name\":\"Accueil\",\"item\":\"https:\\\/\\\/www.terraaquatica.com\\\/it\\\/\"},{\"@type\":\"ListItem\",\"position\":2,\"name\":\"Chi \u00e8 la Terra Aquatica\"}]},{\"@type\":\"WebSite\",\"@id\":\"https:\\\/\\\/www.terraaquatica.com\\\/#website\",\"url\":\"https:\\\/\\\/www.terraaquatica.com\\\/\",\"name\":\"Terra Aquatica\",\"description\":\"Engrais et syst\u00e8mes de culture depuis 1995\",\"publisher\":{\"@id\":\"https:\\\/\\\/www.terraaquatica.com\\\/#organization\"},\"potentialAction\":[{\"@type\":\"SearchAction\",\"target\":{\"@type\":\"EntryPoint\",\"urlTemplate\":\"https:\\\/\\\/www.terraaquatica.com\\\/?s={search_term_string}\"},\"query-input\":{\"@type\":\"PropertyValueSpecification\",\"valueRequired\":true,\"valueName\":\"search_term_string\"}}],\"inLanguage\":\"it-IT\"},{\"@type\":\"Organization\",\"@id\":\"https:\\\/\\\/www.terraaquatica.com\\\/#organization\",\"name\":\"Terra Aquatica\",\"url\":\"https:\\\/\\\/www.terraaquatica.com\\\/\",\"logo\":{\"@type\":\"ImageObject\",\"inLanguage\":\"it-IT\",\"@id\":\"https:\\\/\\\/www.terraaquatica.com\\\/#\\\/schema\\\/logo\\\/image\\\/\",\"url\":\"https:\\\/\\\/www.terraaquatica.com\\\/wp-content\\\/uploads\\\/2022\\\/03\\\/favicon-transpa-big.png\",\"contentUrl\":\"https:\\\/\\\/www.terraaquatica.com\\\/wp-content\\\/uploads\\\/2022\\\/03\\\/favicon-transpa-big.png\",\"width\":512,\"height\":512,\"caption\":\"Terra Aquatica\"},\"image\":{\"@id\":\"https:\\\/\\\/www.terraaquatica.com\\\/#\\\/schema\\\/logo\\\/image\\\/\"}}]}<\/script>\n<!-- \/ Yoast SEO plugin. -->","yoast_head_json":{"title":"Chi \u00e8 la Terra Aquatica - Terra Aquatica","robots":{"index":"index","follow":"follow","max-snippet":"max-snippet:-1","max-image-preview":"max-image-preview:large","max-video-preview":"max-video-preview:-1"},"canonical":"https:\/\/www.terraaquatica.com\/it\/chi-e-la-ghe\/","og_locale":"it_IT","og_type":"article","og_title":"Chi \u00e8 la Terra Aquatica - Terra Aquatica","og_url":"https:\/\/www.terraaquatica.com\/it\/chi-e-la-ghe\/","og_site_name":"Terra Aquatica","article_modified_time":"2022-01-28T22:12:23+00:00","og_image":[{"width":1600,"height":1200,"url":"https:\/\/www.terraaquatica.com\/wp-content\/uploads\/2017\/07\/william-noucetta-larry.jpg","type":"image\/jpeg"}],"twitter_card":"summary_large_image","twitter_misc":{"Tempo di lettura stimato":"3 minuti"},"schema":{"@context":"https:\/\/schema.org","@graph":[{"@type":"WebPage","@id":"https:\/\/www.terraaquatica.com\/it\/chi-e-la-ghe\/","url":"https:\/\/www.terraaquatica.com\/it\/chi-e-la-ghe\/","name":"Chi \u00e8 la Terra Aquatica - Terra Aquatica","isPartOf":{"@id":"https:\/\/www.terraaquatica.com\/#website"},"primaryImageOfPage":{"@id":"https:\/\/www.terraaquatica.com\/it\/chi-e-la-ghe\/#primaryimage"},"image":{"@id":"https:\/\/www.terraaquatica.com\/it\/chi-e-la-ghe\/#primaryimage"},"thumbnailUrl":"https:\/\/www.terraaquatica.com\/wp-content\/uploads\/2017\/07\/william-noucetta-larry.jpg","datePublished":"2018-10-23T14:42:07+00:00","dateModified":"2022-01-28T22:12:23+00:00","breadcrumb":{"@id":"https:\/\/www.terraaquatica.com\/it\/chi-e-la-ghe\/#breadcrumb"},"inLanguage":"it-IT","potentialAction":[{"@type":"ReadAction","target":["https:\/\/www.terraaquatica.com\/it\/chi-e-la-ghe\/"]}]},{"@type":"ImageObject","inLanguage":"it-IT","@id":"https:\/\/www.terraaquatica.com\/it\/chi-e-la-ghe\/#primaryimage","url":"https:\/\/www.terraaquatica.com\/wp-content\/uploads\/2017\/07\/william-noucetta-larry.jpg","contentUrl":"https:\/\/www.terraaquatica.com\/wp-content\/uploads\/2017\/07\/william-noucetta-larry.jpg","width":1600,"height":1200},{"@type":"BreadcrumbList","@id":"https:\/\/www.terraaquatica.com\/it\/chi-e-la-ghe\/#breadcrumb","itemListElement":[{"@type":"ListItem","position":1,"name":"Accueil","item":"https:\/\/www.terraaquatica.com\/it\/"},{"@type":"ListItem","position":2,"name":"Chi \u00e8 la Terra Aquatica"}]},{"@type":"WebSite","@id":"https:\/\/www.terraaquatica.com\/#website","url":"https:\/\/www.terraaquatica.com\/","name":"Terra Aquatica","description":"Engrais et syst\u00e8mes de culture depuis 1995","publisher":{"@id":"https:\/\/www.terraaquatica.com\/#organization"},"potentialAction":[{"@type":"SearchAction","target":{"@type":"EntryPoint","urlTemplate":"https:\/\/www.terraaquatica.com\/?s={search_term_string}"},"query-input":{"@type":"PropertyValueSpecification","valueRequired":true,"valueName":"search_term_string"}}],"inLanguage":"it-IT"},{"@type":"Organization","@id":"https:\/\/www.terraaquatica.com\/#organization","name":"Terra Aquatica","url":"https:\/\/www.terraaquatica.com\/","logo":{"@type":"ImageObject","inLanguage":"it-IT","@id":"https:\/\/www.terraaquatica.com\/#\/schema\/logo\/image\/","url":"https:\/\/www.terraaquatica.com\/wp-content\/uploads\/2022\/03\/favicon-transpa-big.png","contentUrl":"https:\/\/www.terraaquatica.com\/wp-content\/uploads\/2022\/03\/favicon-transpa-big.png","width":512,"height":512,"caption":"Terra Aquatica"},"image":{"@id":"https:\/\/www.terraaquatica.com\/#\/schema\/logo\/image\/"}}]}},"_links":{"self":[{"href":"https:\/\/www.terraaquatica.com\/it\/wp-json\/wp\/v2\/pages\/229","targetHints":{"allow":["GET"]}}],"collection":[{"href":"https:\/\/www.terraaquatica.com\/it\/wp-json\/wp\/v2\/pages"}],"about":[{"href":"https:\/\/www.terraaquatica.com\/it\/wp-json\/wp\/v2\/types\/page"}],"author":[{"embeddable":true,"href":"https:\/\/www.terraaquatica.com\/it\/wp-json\/wp\/v2\/users\/3"}],"replies":[{"embeddable":true,"href":"https:\/\/www.terraaquatica.com\/it\/wp-json\/wp\/v2\/comments?post=229"}],"version-history":[{"count":4,"href":"https:\/\/www.terraaquatica.com\/it\/wp-json\/wp\/v2\/pages\/229\/revisions"}],"predecessor-version":[{"id":12045,"href":"https:\/\/www.terraaquatica.com\/it\/wp-json\/wp\/v2\/pages\/229\/revisions\/12045"}],"wp:featuredmedia":[{"embeddable":true,"href":"https:\/\/www.terraaquatica.com\/it\/wp-json\/wp\/v2\/media\/149"}],"wp:attachment":[{"href":"https:\/\/www.terraaquatica.com\/it\/wp-json\/wp\/v2\/media?parent=229"}],"curies":[{"name":"wp","href":"https:\/\/api.w.org\/{rel}","templated":true}]}}