{"id":230,"date":"2018-10-23T18:25:42","date_gmt":"2018-10-23T16:25:42","guid":{"rendered":"https:\/\/www.terraaquatica.com\/che-cos-e-idroponia-html\/"},"modified":"2022-01-28T23:37:02","modified_gmt":"2022-01-28T22:37:02","slug":"che-cos-e-idroponia-html","status":"publish","type":"page","link":"https:\/\/www.terraaquatica.com\/it\/che-cos-e-idroponia-html\/","title":{"rendered":"Che cos\u2019\u00e8 l\u2019idroponica?"},"content":{"rendered":"\n<div class=\"wp-block-group\"><div class=\"wp-block-group__inner-container is-layout-flow wp-block-group-is-layout-flow\">\n<div style=\"height:23px\" aria-hidden=\"true\" class=\"wp-block-spacer\"><\/div>\n\n\n\n<figure class=\"wp-block-image size-large is-resized is-style-default\"><img fetchpriority=\"high\" decoding=\"async\" src=\"https:\/\/www.terraaquatica.com\/wp-content\/uploads\/2022\/01\/hydroponics-hands-1-1024x452.jpg\" alt=\"\" class=\"wp-image-12058\" width=\"1024\" height=\"452\" srcset=\"https:\/\/www.terraaquatica.com\/wp-content\/uploads\/2022\/01\/hydroponics-hands-1-1024x452.jpg 1024w, https:\/\/www.terraaquatica.com\/wp-content\/uploads\/2022\/01\/hydroponics-hands-1-300x132.jpg 300w, https:\/\/www.terraaquatica.com\/wp-content\/uploads\/2022\/01\/hydroponics-hands-1-768x339.jpg 768w, https:\/\/www.terraaquatica.com\/wp-content\/uploads\/2022\/01\/hydroponics-hands-1.jpg 1135w\" sizes=\"(max-width: 1024px) 100vw, 1024px\" \/><\/figure>\n\n\n\n<div style=\"height:41px\" aria-hidden=\"true\" class=\"wp-block-spacer\"><\/div>\n<\/div><\/div>\n\n\n<p><!--more--><\/p>\n<p>Il termine idroponica viene dal Greco \u201chydro\u201d (acqua) e \u201cponos\u201d (lavoro). E\u2019 stato anche coniato per descrivere una forma di coltivazione dove la soluzione nutritiva compie il \u201clavoro\u201d di apportare i nutrienti direttamente alle tue piante, diversamente dalla coltivazione tradizionale dove batteri funghi spezzano la materia organica, rilasciando ioni minerali, i quali sono resi disponibili alle tue piante tramite l\u2019acqua presente nel suolo.<\/p>\n<p>In ogni caso, le piante consumano solo ioni minerali per il loro nutrimento primario, non complesse molecole organiche come facciamo noi. Quindi, l\u2019idroponica non \u00e8 una totalmente differente o innaturale maniera di coltivare: tutte le piante, sia coltivate in puro organico, o in un setup idroponico 100% minerale senza suolo ne substrato, prendono i nutrimento da minerali in acqua. La differenza \u00e8 che di solito in idroponica (ed in tutti i sistemi T.A), l\u2019acqua usata ricircola continuamente, quindi le uniche perdite significative sono l\u2019uso di nutrienti da parte delle piante ed il ricambio periodico del serbatoio.<\/p>\n<p>Ma mentre la maggior parte dei sistemi idroponici mantiene le radici continuamente bagnate, l\u2019acqua non \u00e8 la vera chiave per il successo in idroponica: l\u2019ossigeno lo \u00e8. Forse sai che la troppa acqua \u00e8 uno dei problemi pi\u00f9 comuni con le piante in vaso, le radici hanno bisogno di ossigeno per sopravvivere. I sistemi idroponici ben concepiti si concentrano sull\u2019ossigenazione.<\/p>\n<p>La disponibilit\u00e0 di una soluzione nutritiva perfettamente ossigenata, con i giusti nutrienti, crea l\u2019immenso aumento nella produzione in idroponica rispetto alla terra: tutti i sistemi T.A ti forniscono un eccellente ossigenazione e circolazione della soluzione nutriente.<\/p>\n<p>Quindi se sei abituato a coltivare in terra, qualsiasi sistema nel nostro catalogo ti offre, se usato appropriatamente, il potenziale di incrementare massivamente la produzione, senza sacrificare la qualit\u00e0.<\/p>\n<p>E\u2019 certo che l\u2019idroponica, riducendo i costi di nutrienti, permette che le farm coltivino quei pomodori insipidi che troviamo oggi: senza dubbio, utilizzando fertilizzanti di alta qualit\u00e0 T.A , con i sistemi idroponici si possono produrre raccolti molto pi\u00f9 abbondanti, di altissima qualit\u00e0, con tutti i micro e sub-micro elementi come nei migliori prodotti organici, in un tempo pi\u00f9 breve e con meno sprechi, specialmente di acqua rispetto le \u201ctradizionali\u201d coltivazioni in terra.<\/p>\n<p>Dalla gamma minerale leader nel mondo, TriPart\u00ae e sistemi professionali GrowStream, fino alla nostra unica e pura gamma Organica ed accessibili sistemi Ebb&amp;Grow, la nostra gamma garantisce risultati eccezionali.<\/p>\n<p>Se hai gi\u00e0 familiarit\u00e0 con l\u2019idroponica i nostri sistemi offrono formule di coltivazione meglio strutturate, con rendimenti maggiori, ed i nostri risultati portano risultati migliori, con meno additivi che qualsiasi altra marca. Se sei novizio nella coltivazione idroponica, ti offriamo una semplice e sicura maniera per provare.<\/p>\n<p>Tutti i nostri prodotti sono forniti con libretto d\u2019istruzioni, dettagli sulle tabelle di nutrimento possono essere trovate a pag. 57 e su ogni pagina dei prodotti; c\u2019\u00e8 una grande quantit\u00e0 di informazioni su internet per guidarti nel tuo inizio nel mondo dell\u2019idroponica. Ma raccomandiamo fortemente a chiunque inizi di investire in una buona guida da avere per mano. \u201cIdroponica per tutti\u201d di William Texier, \u00e8 disponibile online, ti dice tutto cio\u00f2 che ti serve per coltivare in idroponica, da principiante fino a professionista, ma qui, ecco le basi T.A per una coltivazione di successo:<\/p>\n<p>1. L\u2019ambiente \u00e8 tutto: troppo freddo, troppo caldo o uno scarso ricircolo d\u2019aria rovineranno la coltivazione: fatti consigliare da coltivatori locali o rivenditori locali sul miglior setup per la tua zona.<\/p>\n<p>2. Conosci la tua acqua: Se hai acqua dura o dolce usa le appropriate formule di fertilizzanti. Fertilizzanti \u201cgenerici\u201d che \u201cfunzionano\u201d in tutti i tipi d\u2019acqua possono essere un compromesso tra troppo calcio per acque dure e troppo poco per acque dolci.<\/p>\n<p>3. Prendi dei misuratori decenti: pH ed EC sono valori vitali per il controllo della tua soluzione nutritiva (non l\u2019EC nelle coltivazione organiche idroponiche: vedi Bioponics). Il pH indica quanto acida o alcalina sia la tua soluzione nutritiva, e l\u2019EC (elettroconducibilit\u00e0) da una idea generale su quanti fertilizzanti ci siano nella tua soluzione nutriente. Vendiamo pH test liquidi economici e precisi, ed il tuo negozio locali pu\u00f2 trovarti un lettore di pH ed EC a prezzi accessibili.<\/p>\n<p>4. Non esiste un livello \u201cideale\u201d di pH: Tutte le piante preferiscono diversi livelli, ed ad ogni livello dato, assorbono meglio alcuni minerali, peggio altri. Il nostro consiglio \u00e8 di stare sul lato pi\u00f9 basso del range generale da pH 5.5 a 6.s, e di controllare EC e pH giornalmente. Piccole fluttuazioni sono normali, grandi e rapidi cambiamenti no.<\/p>\n<p>5. Come per l\u2019EC noi consigliamo livelli per ogni prodotto e stadio di crescita nelle nostre tabelle, ma come regola, meno \u00e8 meglio: puntare ad EC molto alti generalmente non aumenta il tuo raccolto ma stressa le piante. Se vuoi sperimentare, parti lentamente e se le tue piante mostrano segni di stress, abbassa il tuo livello di EC.<\/p>","protected":false},"excerpt":{"rendered":"","protected":false},"author":3,"featured_media":0,"parent":0,"menu_order":0,"comment_status":"closed","ping_status":"closed","template":"","meta":{"_acf_changed":false,"footnotes":""},"class_list":["post-230","page","type-page","status-publish","hentry"],"acf":[],"yoast_head":"<!-- This site is optimized with the Yoast SEO plugin v27.3 - https:\/\/yoast.com\/product\/yoast-seo-wordpress\/ -->\n<title>Che cos\u2019\u00e8 l\u2019idroponica? - Terra Aquatica<\/title>\n<meta name=\"robots\" content=\"index, follow, max-snippet:-1, max-image-preview:large, max-video-preview:-1\" \/>\n<link rel=\"canonical\" href=\"https:\/\/www.terraaquatica.com\/it\/che-cos-e-idroponia-html\/\" \/>\n<meta property=\"og:locale\" content=\"it_IT\" \/>\n<meta property=\"og:type\" content=\"article\" \/>\n<meta property=\"og:title\" content=\"Che cos\u2019\u00e8 l\u2019idroponica? - Terra Aquatica\" \/>\n<meta property=\"og:url\" content=\"https:\/\/www.terraaquatica.com\/it\/che-cos-e-idroponia-html\/\" \/>\n<meta property=\"og:site_name\" content=\"Terra Aquatica\" \/>\n<meta property=\"article:modified_time\" content=\"2022-01-28T22:37:02+00:00\" \/>\n<meta property=\"og:image\" content=\"https:\/\/www.terraaquatica.com\/wp-content\/uploads\/2022\/01\/hydroponics-hands-1-1024x452.jpg\" \/>\n<meta name=\"twitter:card\" content=\"summary_large_image\" \/>\n<meta name=\"twitter:label1\" content=\"Tempo di lettura stimato\" \/>\n\t<meta name=\"twitter:data1\" content=\"5 minuti\" \/>\n<script type=\"application\/ld+json\" class=\"yoast-schema-graph\">{\"@context\":\"https:\\\/\\\/schema.org\",\"@graph\":[{\"@type\":\"WebPage\",\"@id\":\"https:\\\/\\\/www.terraaquatica.com\\\/it\\\/che-cos-e-idroponia-html\\\/\",\"url\":\"https:\\\/\\\/www.terraaquatica.com\\\/it\\\/che-cos-e-idroponia-html\\\/\",\"name\":\"Che cos\u2019\u00e8 l\u2019idroponica? - Terra Aquatica\",\"isPartOf\":{\"@id\":\"https:\\\/\\\/www.terraaquatica.com\\\/#website\"},\"primaryImageOfPage\":{\"@id\":\"https:\\\/\\\/www.terraaquatica.com\\\/it\\\/che-cos-e-idroponia-html\\\/#primaryimage\"},\"image\":{\"@id\":\"https:\\\/\\\/www.terraaquatica.com\\\/it\\\/che-cos-e-idroponia-html\\\/#primaryimage\"},\"thumbnailUrl\":\"https:\\\/\\\/www.terraaquatica.com\\\/wp-content\\\/uploads\\\/2022\\\/01\\\/hydroponics-hands-1-1024x452.jpg\",\"datePublished\":\"2018-10-23T16:25:42+00:00\",\"dateModified\":\"2022-01-28T22:37:02+00:00\",\"breadcrumb\":{\"@id\":\"https:\\\/\\\/www.terraaquatica.com\\\/it\\\/che-cos-e-idroponia-html\\\/#breadcrumb\"},\"inLanguage\":\"it-IT\",\"potentialAction\":[{\"@type\":\"ReadAction\",\"target\":[\"https:\\\/\\\/www.terraaquatica.com\\\/it\\\/che-cos-e-idroponia-html\\\/\"]}]},{\"@type\":\"ImageObject\",\"inLanguage\":\"it-IT\",\"@id\":\"https:\\\/\\\/www.terraaquatica.com\\\/it\\\/che-cos-e-idroponia-html\\\/#primaryimage\",\"url\":\"https:\\\/\\\/www.terraaquatica.com\\\/wp-content\\\/uploads\\\/2022\\\/01\\\/hydroponics-hands-1-1024x452.jpg\",\"contentUrl\":\"https:\\\/\\\/www.terraaquatica.com\\\/wp-content\\\/uploads\\\/2022\\\/01\\\/hydroponics-hands-1-1024x452.jpg\"},{\"@type\":\"BreadcrumbList\",\"@id\":\"https:\\\/\\\/www.terraaquatica.com\\\/it\\\/che-cos-e-idroponia-html\\\/#breadcrumb\",\"itemListElement\":[{\"@type\":\"ListItem\",\"position\":1,\"name\":\"Accueil\",\"item\":\"https:\\\/\\\/www.terraaquatica.com\\\/it\\\/\"},{\"@type\":\"ListItem\",\"position\":2,\"name\":\"Che cos\u2019\u00e8 l\u2019idroponica?\"}]},{\"@type\":\"WebSite\",\"@id\":\"https:\\\/\\\/www.terraaquatica.com\\\/#website\",\"url\":\"https:\\\/\\\/www.terraaquatica.com\\\/\",\"name\":\"Terra Aquatica\",\"description\":\"Engrais et syst\u00e8mes de culture depuis 1995\",\"publisher\":{\"@id\":\"https:\\\/\\\/www.terraaquatica.com\\\/#organization\"},\"potentialAction\":[{\"@type\":\"SearchAction\",\"target\":{\"@type\":\"EntryPoint\",\"urlTemplate\":\"https:\\\/\\\/www.terraaquatica.com\\\/?s={search_term_string}\"},\"query-input\":{\"@type\":\"PropertyValueSpecification\",\"valueRequired\":true,\"valueName\":\"search_term_string\"}}],\"inLanguage\":\"it-IT\"},{\"@type\":\"Organization\",\"@id\":\"https:\\\/\\\/www.terraaquatica.com\\\/#organization\",\"name\":\"Terra Aquatica\",\"url\":\"https:\\\/\\\/www.terraaquatica.com\\\/\",\"logo\":{\"@type\":\"ImageObject\",\"inLanguage\":\"it-IT\",\"@id\":\"https:\\\/\\\/www.terraaquatica.com\\\/#\\\/schema\\\/logo\\\/image\\\/\",\"url\":\"https:\\\/\\\/www.terraaquatica.com\\\/wp-content\\\/uploads\\\/2022\\\/03\\\/favicon-transpa-big.png\",\"contentUrl\":\"https:\\\/\\\/www.terraaquatica.com\\\/wp-content\\\/uploads\\\/2022\\\/03\\\/favicon-transpa-big.png\",\"width\":512,\"height\":512,\"caption\":\"Terra Aquatica\"},\"image\":{\"@id\":\"https:\\\/\\\/www.terraaquatica.com\\\/#\\\/schema\\\/logo\\\/image\\\/\"}}]}<\/script>\n<!-- \/ Yoast SEO plugin. -->","yoast_head_json":{"title":"Che cos\u2019\u00e8 l\u2019idroponica? - Terra Aquatica","robots":{"index":"index","follow":"follow","max-snippet":"max-snippet:-1","max-image-preview":"max-image-preview:large","max-video-preview":"max-video-preview:-1"},"canonical":"https:\/\/www.terraaquatica.com\/it\/che-cos-e-idroponia-html\/","og_locale":"it_IT","og_type":"article","og_title":"Che cos\u2019\u00e8 l\u2019idroponica? - Terra Aquatica","og_url":"https:\/\/www.terraaquatica.com\/it\/che-cos-e-idroponia-html\/","og_site_name":"Terra Aquatica","article_modified_time":"2022-01-28T22:37:02+00:00","og_image":[{"url":"https:\/\/www.terraaquatica.com\/wp-content\/uploads\/2022\/01\/hydroponics-hands-1-1024x452.jpg","type":"","width":"","height":""}],"twitter_card":"summary_large_image","twitter_misc":{"Tempo di lettura stimato":"5 minuti"},"schema":{"@context":"https:\/\/schema.org","@graph":[{"@type":"WebPage","@id":"https:\/\/www.terraaquatica.com\/it\/che-cos-e-idroponia-html\/","url":"https:\/\/www.terraaquatica.com\/it\/che-cos-e-idroponia-html\/","name":"Che cos\u2019\u00e8 l\u2019idroponica? - Terra Aquatica","isPartOf":{"@id":"https:\/\/www.terraaquatica.com\/#website"},"primaryImageOfPage":{"@id":"https:\/\/www.terraaquatica.com\/it\/che-cos-e-idroponia-html\/#primaryimage"},"image":{"@id":"https:\/\/www.terraaquatica.com\/it\/che-cos-e-idroponia-html\/#primaryimage"},"thumbnailUrl":"https:\/\/www.terraaquatica.com\/wp-content\/uploads\/2022\/01\/hydroponics-hands-1-1024x452.jpg","datePublished":"2018-10-23T16:25:42+00:00","dateModified":"2022-01-28T22:37:02+00:00","breadcrumb":{"@id":"https:\/\/www.terraaquatica.com\/it\/che-cos-e-idroponia-html\/#breadcrumb"},"inLanguage":"it-IT","potentialAction":[{"@type":"ReadAction","target":["https:\/\/www.terraaquatica.com\/it\/che-cos-e-idroponia-html\/"]}]},{"@type":"ImageObject","inLanguage":"it-IT","@id":"https:\/\/www.terraaquatica.com\/it\/che-cos-e-idroponia-html\/#primaryimage","url":"https:\/\/www.terraaquatica.com\/wp-content\/uploads\/2022\/01\/hydroponics-hands-1-1024x452.jpg","contentUrl":"https:\/\/www.terraaquatica.com\/wp-content\/uploads\/2022\/01\/hydroponics-hands-1-1024x452.jpg"},{"@type":"BreadcrumbList","@id":"https:\/\/www.terraaquatica.com\/it\/che-cos-e-idroponia-html\/#breadcrumb","itemListElement":[{"@type":"ListItem","position":1,"name":"Accueil","item":"https:\/\/www.terraaquatica.com\/it\/"},{"@type":"ListItem","position":2,"name":"Che cos\u2019\u00e8 l\u2019idroponica?"}]},{"@type":"WebSite","@id":"https:\/\/www.terraaquatica.com\/#website","url":"https:\/\/www.terraaquatica.com\/","name":"Terra Aquatica","description":"Engrais et syst\u00e8mes de culture depuis 1995","publisher":{"@id":"https:\/\/www.terraaquatica.com\/#organization"},"potentialAction":[{"@type":"SearchAction","target":{"@type":"EntryPoint","urlTemplate":"https:\/\/www.terraaquatica.com\/?s={search_term_string}"},"query-input":{"@type":"PropertyValueSpecification","valueRequired":true,"valueName":"search_term_string"}}],"inLanguage":"it-IT"},{"@type":"Organization","@id":"https:\/\/www.terraaquatica.com\/#organization","name":"Terra Aquatica","url":"https:\/\/www.terraaquatica.com\/","logo":{"@type":"ImageObject","inLanguage":"it-IT","@id":"https:\/\/www.terraaquatica.com\/#\/schema\/logo\/image\/","url":"https:\/\/www.terraaquatica.com\/wp-content\/uploads\/2022\/03\/favicon-transpa-big.png","contentUrl":"https:\/\/www.terraaquatica.com\/wp-content\/uploads\/2022\/03\/favicon-transpa-big.png","width":512,"height":512,"caption":"Terra Aquatica"},"image":{"@id":"https:\/\/www.terraaquatica.com\/#\/schema\/logo\/image\/"}}]}},"_links":{"self":[{"href":"https:\/\/www.terraaquatica.com\/it\/wp-json\/wp\/v2\/pages\/230","targetHints":{"allow":["GET"]}}],"collection":[{"href":"https:\/\/www.terraaquatica.com\/it\/wp-json\/wp\/v2\/pages"}],"about":[{"href":"https:\/\/www.terraaquatica.com\/it\/wp-json\/wp\/v2\/types\/page"}],"author":[{"embeddable":true,"href":"https:\/\/www.terraaquatica.com\/it\/wp-json\/wp\/v2\/users\/3"}],"replies":[{"embeddable":true,"href":"https:\/\/www.terraaquatica.com\/it\/wp-json\/wp\/v2\/comments?post=230"}],"version-history":[{"count":2,"href":"https:\/\/www.terraaquatica.com\/it\/wp-json\/wp\/v2\/pages\/230\/revisions"}],"predecessor-version":[{"id":12076,"href":"https:\/\/www.terraaquatica.com\/it\/wp-json\/wp\/v2\/pages\/230\/revisions\/12076"}],"wp:attachment":[{"href":"https:\/\/www.terraaquatica.com\/it\/wp-json\/wp\/v2\/media?parent=230"}],"curies":[{"name":"wp","href":"https:\/\/api.w.org\/{rel}","templated":true}]}}