{"id":231,"date":"2018-10-23T18:27:24","date_gmt":"2018-10-23T16:27:24","guid":{"rendered":"https:\/\/www.terraaquatica.com\/che-cose-la-bioponia-html\/"},"modified":"2025-05-19T14:39:59","modified_gmt":"2025-05-19T12:39:59","slug":"che-cose-la-bioponia-html","status":"publish","type":"page","link":"https:\/\/www.terraaquatica.com\/it\/che-cose-la-bioponia-html\/","title":{"rendered":"Che cos&#8217;\u00e8 la Bioponia?"},"content":{"rendered":"<p><!--more--><\/p>\n<p>Il concetto di agricoltura o giardinaggio organico ha significati diversi molti paesi. Per molti consumatori significa cibo coltivato senza prodotti chimici i pesticidi non necessari: \u00e8 quello che abbiamo raggiunto con tutta la nostra gamma di fertilizzanti e sistemi se usati correttamente.<\/p>\n<p>Per noi, organico significa nutrienti che nutrono un sano ecosistema microbico che spezza i nutrienti per fornirli alle tue piante. E ovviamente, i nostri prodotti organici contengono solo ingredienti di alta qualit\u00e0 che rispettano le regolamentazioni Europee 2018\/848 e 2021\/1165 riguardo l\u2019agricoltura organica.<\/p>\n<p>Inizialmente, per molti supervisori, Organico significava alimento prodotto in una terra sana. In molti paesi, le coltivazioni che avvengono fuori dal suolo, non possono ottenere le certificazioni organiche. Attualmente gli Stati Uniti, sono l\u2019unico paese che ha stabilito, nel novembre 2017, che alle coltivazioni idroponiche a base di nutrienti biologici sia permesso di ottenere la certificazione biologica. Quindi al momento, se vivi in qualsiasi altro paese, anche se usi prodotti organici certificati, i tuoi raccolti idroponici non saranno accettati come organici. Quindi perch\u00e9 provare una coltivazione organica senza terra?<\/p>\n<p>In breve, perch\u00e9 come per l\u2019idroponica con minerali; coltivare senza substrato nei sistemi a ricircolo risparmia acqua ed aumenta incredibilmente produzione, e coltivare organicamente aumenta il rapporto frutta\/foglie.<\/p>\n<p>Per molti anni i ricercatori di molti paesi\u00a0 hanno cercato un modo efficiente per ottenere una vera idroponica organica: ma, mentre creare fertilizzanti organici per la terra pu\u00f2 essere semplice (il letame funziona bene),<\/p>\n<p>Non lo \u00e8 in acqua corrente,ricreare un ben nutrito e bilanciato ecosistema microbico come nei migliori terreni organici.<\/p>\n<p>Quindi, nel 2004 William Texier, cofondatore di Terra Aquatica, ha sviluppato Pro Organic (ora General Organics Thrive), una rivoluzionaria \u201cterra liquida\u201d che, quando combinata con i giusti microrganismi benefici*, apporta i benefici dell\u2019Humus della terra naturale alla soluzione nutritiva, Pro Organic \u00e8 il primo prodotto di questo tipo che si adatta in sistemi a ricircolo, idroponici e senza substrato.<\/p>\n<p>Il concetto era e \u00e8 profondamente diverso dall\u2019idroponica convenzionale nell\u2019approccio e nella gestione, quindi William ha brevettato il sistema sotto il nome di Bioponics &#8211; patent N\u00a1 05.11569 &#8211; 15\/11\/05. Al contrario che in idroponica, in Bioponia, come in natura, la vita biologica svolge il lavoro, non l\u2019acqua. Ecco perch\u00e9 le tabelle di nutrimento Pro Organic, idroponica e terra sono cos\u00ec diverse: in terra, l\u2019organico non richiede nuovi tecniche persino per un nuovo coltivatore, ma la bioponia, anche se non complicata, richiede un approccio differente.<\/p>\n<p>*(vedi <a href=\"https:\/\/www.terraaquatica.com\/it\/microorganismi-benefici\/trikologic-5\/\">TrikoLogic<\/a>\/ <a href=\"https:\/\/www.terraaquatica.com\/it\/microorganismi-benefici\/streptologic\/\">StreptoLogic<\/a>)<\/p>\n<p><strong>Come gestire la bioponia?<\/strong><\/p>\n<p>Per gestire una coltivazione bioponica hai bisogno di molte pi\u00f9 attenzioni che in un tradizionale sistema idroponico. Non in termini di tempo speso, ma in termini di analisi visiva e controllo. La Bioponia \u00e8 controllata con la vista tanto quanto i parametri di pH ed EC, anche se questi rimangono riferimenti importanti. Ecco alcuni principi di base per avere successo quando si coltiva in Bioponia con Pro Organic.<\/p>\n<p><strong>Microrganismi benefici<\/strong><\/p>\n<p>La Bioponia funziona tramite una relazione simbiotica tra te, i microrganismi e le piante. In acqua pura, senza la capacit\u00e0 stabilizzante della terra, la vita \u00e8 quasi impossibile per i microrganismi benefici, anche quando stabiliti sulle radici e substrato, la loro attivit\u00e0 e salute pu\u00f2 essere compromessa dai rapidi cambiamenti ambientali es. nella temperatura, ph, EC mancanza di ossigeno od umidit\u00e0: evitare cambiamenti rapidi \u00e8 la chiave per il successo.<\/p>\n<p>Aggiungere microrganismi benefici (consigliamo Trikologic o StreptoLogic) pu\u00f2 essere fatto facilmente versandoli direttamente nel substrato umido come i rockwool, cocco o perlite, o aggiungendoli direttamente nella soluzione nutritiva nei sistemi a ricircolo e ripetere ogni 6\/8 settimane, e ancora durante la seconda settimana nei sistemi completamente senza substrato. Vedi la pagina dei prodotti per i dosaggi. In ogni caso, nei sistemi dove non \u00e8 presente il substrato, specialmente all\u2019inizio, \u00e8 necessario provvedere un habitat supplementare per i microrganismi. Questo \u00e8 possibile con un Biofiltro. Il suo compito non \u00e8 quello di pulire la tua soluzione, ma di provvedere una base per la riproduzione dei microrganismi benefici, dalla quale possono colonizzare le tue piante ed il sistema. Per ulteriori informazioni vedi <a href=\"https:\/\/www.terraaquatica.com\/it\/guide-ai-prodotti\/\">\u201cPro Organic COME USARE\u201d<\/a> a pagina 35.<\/p>\n<p><strong>Livelli di pH.<\/strong><\/p>\n<p>Pro Organic ha un pH quasi neutro e non influenzer\u00e0 il pH della tua soluzione. Durante la crescita, il pH \u00e8 pi\u00f9 difficile da stabilizzare che nell\u2019idroponica minerale a causa dei regolamenti organici che proibiscono l\u2019uso di stabilizzatori estremamente efficienti. Questo significa che il pH della soluzione tender\u00e0 a salire naturalmente. Ma il pH non ha la stessa importanza in Bioponica. Pu\u00f2 salire fino a 7.5 senza problemi. Sopra 7.5 deve essere lentamente abbassato fino a 6.0, ma progressivamente lungo un periodo da 5 a 6 giorni. Per farlo, usa Terra Aquatica pH -, in quanto contiene stabilizzatori organici che funzionano perfettamente in bioponia. (NB: Terra Aquatica pH &#8211; non \u00e8 un prodotto organico).<\/p>\n<p>Diluisci il regolatore i pH prima dell\u2019uso ed aggiungi lentamente, poco per volta. Versa nella tanica, lontano dalla pompa ( o spegnila) per evitare stress alle piante dovuto al rapido cambiamento di pH. Non usare mai: Acidi cloridrici o acetici (aceto, ecc).<\/p>\n<p>Un\u2019importante caduta del pH pu\u00f2 essere causata\u00a0 dalla morte di una grande quantit\u00e0 di microrganismi. In questo caso \u00e8 importante scoprirne la causa, curarla, e reinserire i microrganismi.<\/p>\n<p><strong>EC<\/strong><\/p>\n<p>Questa \u00e8 la parte pi\u00f9 diversa della bioponia perch\u00e9 le molecole organiche non trasportano elettricit\u00e0 e quindi non sono rilevabili dai rilevatori di EC. E quando diluite Pro Organic in acqua, solo una piccola parte si dissolve immediatamente trasformandosi in ioni, risultando un EC molto basso.<\/p>\n<p>Nel primo giorno, con una dose di 1.5 ml\/L aggiunto ad acqua normale, otterrai un EC attorno a 0.6\/0.7 mS. Questa bassa conducibilit\u00e0 \u00e8 spesso sufficiente.<\/p>\n<p>Dopo questo periodo, aggiungi fertilizzanti solo quando il tuo EC scende sotto 0.8 e rispetta i dosaggi indicati sulle tabelle.<\/p>\n<p>Tieni il tuo EC sotto 1.0 ma sopra 0.8.<\/p>\n<p>Se possibile, continua ad usare questi dosaggi senza rimpiazzare la soluzione per mantenere tutti i benefici dell\u2019ambiente che hai creato. Quando gli elementi nutritivi vengono liberati, altri saranno assorbiti dalla pianta, e la conducibilit\u00e0 tender\u00e0 a rimanere bilanciata sugli stessi valori. Quando la quantit\u00e0 di materia organica diventer\u00e0 insufficiente l\u2019EC caler\u00e0 e sar\u00e0 il momento di aggiungere nuovi nutrienti.<\/p>\n<p>Sembra semplice, ma per ottenere i migliori risultati, \u00e8 importante anticipare queste cadute di EC, ed assicurare la costante disponibilit\u00e0 di materia organica. Non aggiungere troppi fertilizzanti in un volta sola in quanto la disgregazione delle molecole avviene secondo la temperatura della stanza. Difatti, i microrganismi agiscono a velocit\u00e0 differente secondo la temperatura della soluzione nutritiva (idealmente 18\u00b0-23\u00b0). Se c\u2019\u00e8 troppa materia organica nella soluzione, un aumento della temperatura potrebbe innalzare l\u2019attivit\u00e0 e la conducibilit\u00e0 elettrica ad un livello che potrebbe danneggiare le tue piante. Non \u00e8 sempre facile trovare il giusto equilibrio. E\u2019 qui che l\u2019occhio del coltivatore fa tutta la differenza!<\/p>\n<p><strong>Filtraggio<\/strong><\/p>\n<p>Il filtraggio \u00e8 molto importante, specialmente con alte temperature, e quando si coltiva con piante a radici nude che sono direttamente immerse nella soluzione nutritiva. E\u2019 necessario filtrare le particelle pi\u00f9 grandi dalla tua soluzione nutritiva in quanto potrebbero asfissiare l\u2019apparato radicale, in particolare con alte temperature. E\u2019 sempre meglio avere solo ioni facilmente assimilabili nel tuo apparato radicale. Con Pro Organic, un semplice filtro di schiuma nella pompa di ingresso sar\u00e0 sufficiente. Con Pro Organic non ti si bloccher\u00e0 il filtro, ma in ogni caso, un\u2019attenta e profonda manutenzione dei filtri \u00e8 necessaria: sciacqua una volta a settimana per ottenere i migliori risultati e ed assicurati di fermare il sistema mentre pulisci.<\/p>\n<p>Infine, qualsiasi specie o variet\u00e0 tu stia coltivando, l\u2019ambiente generale deve essere adattato alla pianta, indipendentemente dal metodo di coltivazione utilizzato. Nessun sistema o fertilizzante pu\u00f2 apportare risultati se luce, aria, temperatura, umidit\u00e0, infestazioni o patogeni non sono adattati ai bisogno della tua coltivazione.<\/p>\n<p>Assicurarsi che l\u2019ambiente sia ben gestito \u00e8 un passo essenziale in ogni progetto di coltivazione.<\/p>\n<p><strong>Il nostro pedigree professionale<\/strong><\/p>\n<p>Da Terra Aquatica facciamo le cose diversamente: con 30 anni d\u2019esperienza nella coltivazione di tutti i tipi di colture su scala commerciale in tutto il mondo, abbiamo venduto i nostri comprovati sistemi e concetti, ottenuti attraverso decadi di risultati commerciali. Lavorando con i nostri partner abbiamo anche sviluppato e migliorato i nostri sistemi e prodotti, quindi quando compri un prodotto Terra Aquatica, puoi essere sicuro che stai comprando un prodotto dalle prestazioni riconosciute in tutto il mondo.<\/p>\n<p><a href=\"http:\/\/www.hydro-scope.com\/index_en.html\">Pi\u00f9 informazioni riguardo la bioponia nel libro di William Texier<\/a><\/p>\n","protected":false},"excerpt":{"rendered":"","protected":false},"author":3,"featured_media":0,"parent":0,"menu_order":0,"comment_status":"closed","ping_status":"closed","template":"","meta":{"_acf_changed":false,"footnotes":""},"class_list":["post-231","page","type-page","status-publish","hentry"],"acf":[],"yoast_head":"<!-- This site is optimized with the Yoast SEO plugin v27.3 - https:\/\/yoast.com\/product\/yoast-seo-wordpress\/ -->\n<title>Che cos&#039;\u00e8 la Bioponia? - Terra Aquatica<\/title>\n<meta name=\"robots\" content=\"index, follow, max-snippet:-1, max-image-preview:large, max-video-preview:-1\" \/>\n<link rel=\"canonical\" href=\"https:\/\/www.terraaquatica.com\/it\/che-cose-la-bioponia-html\/\" \/>\n<meta property=\"og:locale\" content=\"it_IT\" \/>\n<meta property=\"og:type\" content=\"article\" \/>\n<meta property=\"og:title\" content=\"Che cos&#039;\u00e8 la Bioponia? - Terra Aquatica\" \/>\n<meta property=\"og:url\" content=\"https:\/\/www.terraaquatica.com\/it\/che-cose-la-bioponia-html\/\" \/>\n<meta property=\"og:site_name\" content=\"Terra Aquatica\" \/>\n<meta property=\"article:modified_time\" content=\"2025-05-19T12:39:59+00:00\" \/>\n<meta name=\"twitter:card\" content=\"summary_large_image\" \/>\n<meta name=\"twitter:label1\" content=\"Tempo di lettura stimato\" \/>\n\t<meta name=\"twitter:data1\" content=\"8 minuti\" \/>\n<script type=\"application\/ld+json\" class=\"yoast-schema-graph\">{\"@context\":\"https:\\\/\\\/schema.org\",\"@graph\":[{\"@type\":\"WebPage\",\"@id\":\"https:\\\/\\\/www.terraaquatica.com\\\/it\\\/che-cose-la-bioponia-html\\\/\",\"url\":\"https:\\\/\\\/www.terraaquatica.com\\\/it\\\/che-cose-la-bioponia-html\\\/\",\"name\":\"Che cos'\u00e8 la Bioponia? - Terra Aquatica\",\"isPartOf\":{\"@id\":\"https:\\\/\\\/www.terraaquatica.com\\\/#website\"},\"datePublished\":\"2018-10-23T16:27:24+00:00\",\"dateModified\":\"2025-05-19T12:39:59+00:00\",\"breadcrumb\":{\"@id\":\"https:\\\/\\\/www.terraaquatica.com\\\/it\\\/che-cose-la-bioponia-html\\\/#breadcrumb\"},\"inLanguage\":\"it-IT\",\"potentialAction\":[{\"@type\":\"ReadAction\",\"target\":[\"https:\\\/\\\/www.terraaquatica.com\\\/it\\\/che-cose-la-bioponia-html\\\/\"]}]},{\"@type\":\"BreadcrumbList\",\"@id\":\"https:\\\/\\\/www.terraaquatica.com\\\/it\\\/che-cose-la-bioponia-html\\\/#breadcrumb\",\"itemListElement\":[{\"@type\":\"ListItem\",\"position\":1,\"name\":\"Accueil\",\"item\":\"https:\\\/\\\/www.terraaquatica.com\\\/it\\\/\"},{\"@type\":\"ListItem\",\"position\":2,\"name\":\"Che cos&#8217;\u00e8 la Bioponia?\"}]},{\"@type\":\"WebSite\",\"@id\":\"https:\\\/\\\/www.terraaquatica.com\\\/#website\",\"url\":\"https:\\\/\\\/www.terraaquatica.com\\\/\",\"name\":\"Terra Aquatica\",\"description\":\"Engrais et syst\u00e8mes de culture depuis 1995\",\"publisher\":{\"@id\":\"https:\\\/\\\/www.terraaquatica.com\\\/#organization\"},\"potentialAction\":[{\"@type\":\"SearchAction\",\"target\":{\"@type\":\"EntryPoint\",\"urlTemplate\":\"https:\\\/\\\/www.terraaquatica.com\\\/?s={search_term_string}\"},\"query-input\":{\"@type\":\"PropertyValueSpecification\",\"valueRequired\":true,\"valueName\":\"search_term_string\"}}],\"inLanguage\":\"it-IT\"},{\"@type\":\"Organization\",\"@id\":\"https:\\\/\\\/www.terraaquatica.com\\\/#organization\",\"name\":\"Terra Aquatica\",\"url\":\"https:\\\/\\\/www.terraaquatica.com\\\/\",\"logo\":{\"@type\":\"ImageObject\",\"inLanguage\":\"it-IT\",\"@id\":\"https:\\\/\\\/www.terraaquatica.com\\\/#\\\/schema\\\/logo\\\/image\\\/\",\"url\":\"https:\\\/\\\/www.terraaquatica.com\\\/wp-content\\\/uploads\\\/2022\\\/03\\\/favicon-transpa-big.png\",\"contentUrl\":\"https:\\\/\\\/www.terraaquatica.com\\\/wp-content\\\/uploads\\\/2022\\\/03\\\/favicon-transpa-big.png\",\"width\":512,\"height\":512,\"caption\":\"Terra Aquatica\"},\"image\":{\"@id\":\"https:\\\/\\\/www.terraaquatica.com\\\/#\\\/schema\\\/logo\\\/image\\\/\"}}]}<\/script>\n<!-- \/ Yoast SEO plugin. -->","yoast_head_json":{"title":"Che cos'\u00e8 la Bioponia? - Terra Aquatica","robots":{"index":"index","follow":"follow","max-snippet":"max-snippet:-1","max-image-preview":"max-image-preview:large","max-video-preview":"max-video-preview:-1"},"canonical":"https:\/\/www.terraaquatica.com\/it\/che-cose-la-bioponia-html\/","og_locale":"it_IT","og_type":"article","og_title":"Che cos'\u00e8 la Bioponia? - Terra Aquatica","og_url":"https:\/\/www.terraaquatica.com\/it\/che-cose-la-bioponia-html\/","og_site_name":"Terra Aquatica","article_modified_time":"2025-05-19T12:39:59+00:00","twitter_card":"summary_large_image","twitter_misc":{"Tempo di lettura stimato":"8 minuti"},"schema":{"@context":"https:\/\/schema.org","@graph":[{"@type":"WebPage","@id":"https:\/\/www.terraaquatica.com\/it\/che-cose-la-bioponia-html\/","url":"https:\/\/www.terraaquatica.com\/it\/che-cose-la-bioponia-html\/","name":"Che cos'\u00e8 la Bioponia? - Terra Aquatica","isPartOf":{"@id":"https:\/\/www.terraaquatica.com\/#website"},"datePublished":"2018-10-23T16:27:24+00:00","dateModified":"2025-05-19T12:39:59+00:00","breadcrumb":{"@id":"https:\/\/www.terraaquatica.com\/it\/che-cose-la-bioponia-html\/#breadcrumb"},"inLanguage":"it-IT","potentialAction":[{"@type":"ReadAction","target":["https:\/\/www.terraaquatica.com\/it\/che-cose-la-bioponia-html\/"]}]},{"@type":"BreadcrumbList","@id":"https:\/\/www.terraaquatica.com\/it\/che-cose-la-bioponia-html\/#breadcrumb","itemListElement":[{"@type":"ListItem","position":1,"name":"Accueil","item":"https:\/\/www.terraaquatica.com\/it\/"},{"@type":"ListItem","position":2,"name":"Che cos&#8217;\u00e8 la Bioponia?"}]},{"@type":"WebSite","@id":"https:\/\/www.terraaquatica.com\/#website","url":"https:\/\/www.terraaquatica.com\/","name":"Terra Aquatica","description":"Engrais et syst\u00e8mes de culture depuis 1995","publisher":{"@id":"https:\/\/www.terraaquatica.com\/#organization"},"potentialAction":[{"@type":"SearchAction","target":{"@type":"EntryPoint","urlTemplate":"https:\/\/www.terraaquatica.com\/?s={search_term_string}"},"query-input":{"@type":"PropertyValueSpecification","valueRequired":true,"valueName":"search_term_string"}}],"inLanguage":"it-IT"},{"@type":"Organization","@id":"https:\/\/www.terraaquatica.com\/#organization","name":"Terra Aquatica","url":"https:\/\/www.terraaquatica.com\/","logo":{"@type":"ImageObject","inLanguage":"it-IT","@id":"https:\/\/www.terraaquatica.com\/#\/schema\/logo\/image\/","url":"https:\/\/www.terraaquatica.com\/wp-content\/uploads\/2022\/03\/favicon-transpa-big.png","contentUrl":"https:\/\/www.terraaquatica.com\/wp-content\/uploads\/2022\/03\/favicon-transpa-big.png","width":512,"height":512,"caption":"Terra Aquatica"},"image":{"@id":"https:\/\/www.terraaquatica.com\/#\/schema\/logo\/image\/"}}]}},"_links":{"self":[{"href":"https:\/\/www.terraaquatica.com\/it\/wp-json\/wp\/v2\/pages\/231","targetHints":{"allow":["GET"]}}],"collection":[{"href":"https:\/\/www.terraaquatica.com\/it\/wp-json\/wp\/v2\/pages"}],"about":[{"href":"https:\/\/www.terraaquatica.com\/it\/wp-json\/wp\/v2\/types\/page"}],"author":[{"embeddable":true,"href":"https:\/\/www.terraaquatica.com\/it\/wp-json\/wp\/v2\/users\/3"}],"replies":[{"embeddable":true,"href":"https:\/\/www.terraaquatica.com\/it\/wp-json\/wp\/v2\/comments?post=231"}],"version-history":[{"count":2,"href":"https:\/\/www.terraaquatica.com\/it\/wp-json\/wp\/v2\/pages\/231\/revisions"}],"predecessor-version":[{"id":17474,"href":"https:\/\/www.terraaquatica.com\/it\/wp-json\/wp\/v2\/pages\/231\/revisions\/17474"}],"wp:attachment":[{"href":"https:\/\/www.terraaquatica.com\/it\/wp-json\/wp\/v2\/media?parent=231"}],"curies":[{"name":"wp","href":"https:\/\/api.w.org\/{rel}","templated":true}]}}