{"id":14976,"date":"2023-05-30T17:00:46","date_gmt":"2023-05-30T15:00:46","guid":{"rendered":"\/uncategorized\/"},"modified":"2023-09-19T16:55:16","modified_gmt":"2023-09-19T14:55:16","slug":"streptologic","status":"publish","type":"product","link":"https:\/\/www.terraaquatica.com\/it\/microorganismi-benefici\/streptologic","title":{"rendered":"StreptoLogic\u00ae"},"content":{"rendered":"\n<p>La protezione delle radici contro i patogeni \u00e8 una questione critica per tutti i coltivatori, sia nel suolo che nell&#8217;idroponica. Data l\u2019infinita attenzione che i coltivatori prestano allo sviluppo dei sistemi radicali, \u00e8 naturale che vogliono proteggere il loro investimento. Pythium, Fusarium, Verticillium e altri agenti patogeni batterici e fungini possono causare danni irreparabili ai sistemi idroponici, specialmente in tempo caldo, quando l&#8217;aria calda favorisce la diffusione delle muffe e i danni possono apparire durante la notte.<\/p>\n\n\n\n<p>Ci sono \u201csoluzioni\u201d sul mercato come gli sterilizzatori UV e i fungicidi disponibili nei centri da giardino, ma tutte queste alternative hanno svantaggi: costo, complessit\u00e0 d\u2019uso, risultati discutibili, tossicit\u00e0 dei fungicidi per l\u2019uomo e l\u2019ambiente.<\/p>\n\n\n\n<p>StreptoLogic \u00e8 facile da usare e meno costoso. Non richiede un biofiltro poich\u00e9 i batteri si attaccano direttamente alle radici.<\/p>\n\n\n\n<p>\u00c8 un biostimolante che utilizzer\u00e0 le risorse della natura per produrre fitormoni, fissare il ferro e stimolare il sistema radicale. Inoltre render\u00e0 la pianta pi\u00f9 resistente agli attacchi di funghi e batteri patogeni che si proliferano pi\u00f9 rapidamente nel tempo caldo.<\/p>\n\n\n\n<p>StreptoLogic \u00e8 adatto per l&#8217;uso in agricoltura biologica secondo il regolamento UE 2018\\848 2021 1165.<\/p>\n","protected":false},"author":710,"template":"","meta":{"_acf_changed":false},"m_thode_de_culture":[31,32],"substrat":[302,299,300,301],"product_category":[258],"class_list":["post-14976","product","type-product","status-publish","hentry","m_thode_de_culture-mineral-en","m_thode_de_culture-organic-en","substrat-bioponics","substrat-coco","substrat-hydro","substrat-soil","product_category-microorganismi-benefici"],"acf":[],"yoast_head":"<!-- This site is optimized with the Yoast SEO plugin v27.3 - https:\/\/yoast.com\/product\/yoast-seo-wordpress\/ -->\n<title>StreptoLogic\u00ae - Terra Aquatica<\/title>\n<meta name=\"robots\" content=\"index, follow, max-snippet:-1, max-image-preview:large, max-video-preview:-1\" \/>\n<link rel=\"canonical\" href=\"https:\/\/www.terraaquatica.com\/it\/microorganismi-benefici\/streptologic\/\" \/>\n<meta property=\"og:locale\" content=\"it_IT\" \/>\n<meta property=\"og:type\" content=\"article\" \/>\n<meta property=\"og:title\" content=\"StreptoLogic\u00ae - Terra Aquatica\" \/>\n<meta property=\"og:description\" content=\"La protezione delle radici contro i patogeni \u00e8 una questione critica per tutti i coltivatori, sia nel suolo che nell&#8217;idroponica. [&hellip;]\" \/>\n<meta property=\"og:url\" content=\"https:\/\/www.terraaquatica.com\/it\/microorganismi-benefici\/streptologic\" \/>\n<meta property=\"og:site_name\" content=\"Terra Aquatica\" \/>\n<meta property=\"article:modified_time\" content=\"2023-09-19T14:55:16+00:00\" \/>\n<meta name=\"twitter:card\" content=\"summary_large_image\" \/>\n<meta name=\"twitter:label1\" content=\"Tempo di lettura stimato\" \/>\n\t<meta name=\"twitter:data1\" content=\"1 minuto\" \/>\n<script type=\"application\/ld+json\" class=\"yoast-schema-graph\">{\"@context\":\"https:\\\/\\\/schema.org\",\"@graph\":[{\"@type\":\"WebPage\",\"@id\":\"https:\\\/\\\/www.terraaquatica.com\\\/it\\\/microorganismi-benefici\\\/streptologic\",\"url\":\"https:\\\/\\\/www.terraaquatica.com\\\/it\\\/microorganismi-benefici\\\/streptologic\",\"name\":\"StreptoLogic\u00ae - Terra Aquatica\",\"isPartOf\":{\"@id\":\"https:\\\/\\\/www.terraaquatica.com\\\/#website\"},\"datePublished\":\"2023-05-30T15:00:46+00:00\",\"dateModified\":\"2023-09-19T14:55:16+00:00\",\"breadcrumb\":{\"@id\":\"https:\\\/\\\/www.terraaquatica.com\\\/it\\\/microorganismi-benefici\\\/streptologic#breadcrumb\"},\"inLanguage\":\"it-IT\",\"potentialAction\":[{\"@type\":\"ReadAction\",\"target\":[\"https:\\\/\\\/www.terraaquatica.com\\\/it\\\/microorganismi-benefici\\\/streptologic\"]}]},{\"@type\":\"BreadcrumbList\",\"@id\":\"https:\\\/\\\/www.terraaquatica.com\\\/it\\\/microorganismi-benefici\\\/streptologic#breadcrumb\",\"itemListElement\":[{\"@type\":\"ListItem\",\"position\":1,\"name\":\"Accueil\",\"item\":\"https:\\\/\\\/www.terraaquatica.com\\\/it\\\/\"},{\"@type\":\"ListItem\",\"position\":2,\"name\":\"Products\",\"item\":\"https:\\\/\\\/www.terraaquatica.com\\\/it\\\/product\\\/\"},{\"@type\":\"ListItem\",\"position\":3,\"name\":\"StreptoLogic\u00ae\"}]},{\"@type\":\"WebSite\",\"@id\":\"https:\\\/\\\/www.terraaquatica.com\\\/#website\",\"url\":\"https:\\\/\\\/www.terraaquatica.com\\\/\",\"name\":\"Terra Aquatica\",\"description\":\"Engrais et syst\u00e8mes de culture depuis 1995\",\"publisher\":{\"@id\":\"https:\\\/\\\/www.terraaquatica.com\\\/#organization\"},\"potentialAction\":[{\"@type\":\"SearchAction\",\"target\":{\"@type\":\"EntryPoint\",\"urlTemplate\":\"https:\\\/\\\/www.terraaquatica.com\\\/?s={search_term_string}\"},\"query-input\":{\"@type\":\"PropertyValueSpecification\",\"valueRequired\":true,\"valueName\":\"search_term_string\"}}],\"inLanguage\":\"it-IT\"},{\"@type\":\"Organization\",\"@id\":\"https:\\\/\\\/www.terraaquatica.com\\\/#organization\",\"name\":\"Terra Aquatica\",\"url\":\"https:\\\/\\\/www.terraaquatica.com\\\/\",\"logo\":{\"@type\":\"ImageObject\",\"inLanguage\":\"it-IT\",\"@id\":\"https:\\\/\\\/www.terraaquatica.com\\\/#\\\/schema\\\/logo\\\/image\\\/\",\"url\":\"https:\\\/\\\/www.terraaquatica.com\\\/wp-content\\\/uploads\\\/2022\\\/03\\\/favicon-transpa-big.png\",\"contentUrl\":\"https:\\\/\\\/www.terraaquatica.com\\\/wp-content\\\/uploads\\\/2022\\\/03\\\/favicon-transpa-big.png\",\"width\":512,\"height\":512,\"caption\":\"Terra Aquatica\"},\"image\":{\"@id\":\"https:\\\/\\\/www.terraaquatica.com\\\/#\\\/schema\\\/logo\\\/image\\\/\"}}]}<\/script>\n<!-- \/ Yoast SEO plugin. -->","yoast_head_json":{"title":"StreptoLogic\u00ae - Terra Aquatica","robots":{"index":"index","follow":"follow","max-snippet":"max-snippet:-1","max-image-preview":"max-image-preview:large","max-video-preview":"max-video-preview:-1"},"canonical":"https:\/\/www.terraaquatica.com\/it\/microorganismi-benefici\/streptologic\/","og_locale":"it_IT","og_type":"article","og_title":"StreptoLogic\u00ae - Terra Aquatica","og_description":"La protezione delle radici contro i patogeni \u00e8 una questione critica per tutti i coltivatori, sia nel suolo che nell&#8217;idroponica. [&hellip;]","og_url":"https:\/\/www.terraaquatica.com\/it\/microorganismi-benefici\/streptologic","og_site_name":"Terra Aquatica","article_modified_time":"2023-09-19T14:55:16+00:00","twitter_card":"summary_large_image","twitter_misc":{"Tempo di lettura stimato":"1 minuto"},"schema":{"@context":"https:\/\/schema.org","@graph":[{"@type":"WebPage","@id":"https:\/\/www.terraaquatica.com\/it\/microorganismi-benefici\/streptologic","url":"https:\/\/www.terraaquatica.com\/it\/microorganismi-benefici\/streptologic","name":"StreptoLogic\u00ae - Terra Aquatica","isPartOf":{"@id":"https:\/\/www.terraaquatica.com\/#website"},"datePublished":"2023-05-30T15:00:46+00:00","dateModified":"2023-09-19T14:55:16+00:00","breadcrumb":{"@id":"https:\/\/www.terraaquatica.com\/it\/microorganismi-benefici\/streptologic#breadcrumb"},"inLanguage":"it-IT","potentialAction":[{"@type":"ReadAction","target":["https:\/\/www.terraaquatica.com\/it\/microorganismi-benefici\/streptologic"]}]},{"@type":"BreadcrumbList","@id":"https:\/\/www.terraaquatica.com\/it\/microorganismi-benefici\/streptologic#breadcrumb","itemListElement":[{"@type":"ListItem","position":1,"name":"Accueil","item":"https:\/\/www.terraaquatica.com\/it\/"},{"@type":"ListItem","position":2,"name":"Products","item":"https:\/\/www.terraaquatica.com\/it\/product\/"},{"@type":"ListItem","position":3,"name":"StreptoLogic\u00ae"}]},{"@type":"WebSite","@id":"https:\/\/www.terraaquatica.com\/#website","url":"https:\/\/www.terraaquatica.com\/","name":"Terra Aquatica","description":"Engrais et syst\u00e8mes de culture depuis 1995","publisher":{"@id":"https:\/\/www.terraaquatica.com\/#organization"},"potentialAction":[{"@type":"SearchAction","target":{"@type":"EntryPoint","urlTemplate":"https:\/\/www.terraaquatica.com\/?s={search_term_string}"},"query-input":{"@type":"PropertyValueSpecification","valueRequired":true,"valueName":"search_term_string"}}],"inLanguage":"it-IT"},{"@type":"Organization","@id":"https:\/\/www.terraaquatica.com\/#organization","name":"Terra Aquatica","url":"https:\/\/www.terraaquatica.com\/","logo":{"@type":"ImageObject","inLanguage":"it-IT","@id":"https:\/\/www.terraaquatica.com\/#\/schema\/logo\/image\/","url":"https:\/\/www.terraaquatica.com\/wp-content\/uploads\/2022\/03\/favicon-transpa-big.png","contentUrl":"https:\/\/www.terraaquatica.com\/wp-content\/uploads\/2022\/03\/favicon-transpa-big.png","width":512,"height":512,"caption":"Terra Aquatica"},"image":{"@id":"https:\/\/www.terraaquatica.com\/#\/schema\/logo\/image\/"}}]}},"_links":{"self":[{"href":"https:\/\/www.terraaquatica.com\/it\/wp-json\/wp\/v2\/product\/14976","targetHints":{"allow":["GET"]}}],"collection":[{"href":"https:\/\/www.terraaquatica.com\/it\/wp-json\/wp\/v2\/product"}],"about":[{"href":"https:\/\/www.terraaquatica.com\/it\/wp-json\/wp\/v2\/types\/product"}],"author":[{"embeddable":true,"href":"https:\/\/www.terraaquatica.com\/it\/wp-json\/wp\/v2\/users\/710"}],"wp:attachment":[{"href":"https:\/\/www.terraaquatica.com\/it\/wp-json\/wp\/v2\/media?parent=14976"}],"wp:term":[{"taxonomy":"m_thode_de_culture","embeddable":true,"href":"https:\/\/www.terraaquatica.com\/it\/wp-json\/wp\/v2\/m_thode_de_culture?post=14976"},{"taxonomy":"substrat","embeddable":true,"href":"https:\/\/www.terraaquatica.com\/it\/wp-json\/wp\/v2\/substrat?post=14976"},{"taxonomy":"product_category","embeddable":true,"href":"https:\/\/www.terraaquatica.com\/it\/wp-json\/wp\/v2\/product_category?post=14976"}],"curies":[{"name":"wp","href":"https:\/\/api.w.org\/{rel}","templated":true}]}}