{"id":1899,"date":"2018-10-19T09:20:40","date_gmt":"2018-10-19T07:20:40","guid":{"rendered":"https:\/\/www.terraaquatica.com\/produits\/tripart-5\/"},"modified":"2023-09-19T16:45:22","modified_gmt":"2023-09-19T14:45:22","slug":"tripart-5","status":"publish","type":"product","link":"https:\/\/www.terraaquatica.com\/it\/soluzioni-di-fertilizzazioni-minerali\/tripart-5","title":{"rendered":"TRIPART\u00ae"},"content":{"rendered":"<p><em><a href=\"http:\/\/www.terraaquatica.com\/\" target=\"_blank\" rel=\"noopener\"><img decoding=\"async\" class=\" size-full wp-image-1616\" style=\"float: left; opacity: 0.9; width: 250px; height: 250px;\" src=\"https:\/\/www.terraaquatica.com\/wp-content\/uploads\/2017\/06\/colerette.png\" alt=\"\"><\/a><strong>Il sistema di nutrimento ha 3 parti :<\/strong> Terra Aquatica TriPart\u00ae ti da il miglior equilibrio tra concentrazione e flessibilit\u00e0<\/em><\/p>\n<p>Perch\u00e9 comprare fertilizzanti per la crescita, fioritura, un supplemento Calcio-Magnesio ed un PK quando puoi coltivare dall\u2019inizio alla fine con solo tre prodotti !<\/p>\n<p>I fertilizzanti TriPart\u00ae ti permettono di combaciare perfettamente le necessit\u00e0 delle tue piante man mano che la crescita avanza cambiando il rapporto : pi\u00f9 TriPart\u00ae Grow durante la crescita, e pi\u00f9 TriPart\u00ae Bloom durante la fioritura e fruttificazione. Semplice, incredibile ed efficace.<\/p>\n<p>Utilizzato dai pi\u00f9 prestigiosi laboratori di ricerca ed universit\u00e0, inclusa la NASA, la TriPart\u00ae \u00e8 un prodotto in continua evoluzione seguendo le ultime scoperte scientifiche, e migliora attraverso completi test interni e con i nostri partner nell&#8217;orticoltura professionale.<\/p>\n<p>Molti fertilizzanti vantano di includere tutto ci\u00f2 di cui le tue piante hanno bisogno per una crescita sana, ma a differenza della maggior parte dei competitors, la TriPart\u00ae, non si limita ai nutrienti primari e secondari per una nutrizione basilare della pianta, ma include anche una completa gamma di micro e sub-microelementi e aggiungiamo chelati ovunque sia possibile per migliorare l\u2019assorbimento e la stabilit\u00e0. Ecco perch\u00e9 la TriPart\u00ae fornisce risultati tanto impressionanti ed affidabili nello speciale mercato dove l\u2019aumento di produzione di sapori, aromi, potenza ed oli essenziali sono vitali.<\/p>\n<p>La TriPart\u00ae \u00e8 disponibile anche con le formule Hard (dura) o Soft (dolce) water di TriPart\u00ae Micro per assicurare che i livelli di Calcio nella tua soluzione restino ottimali per evitare blocchi o carenze che i fertilizzanti universali possono provocare.<\/p>\n<p><strong>TriPart\u00ae Micro :<\/strong> disponibile nelle formule Hard e Soft water, TriPart\u00ae Micro \u00e8 il pilastro del sistema&nbsp; &#8220;Building Block&#8221;, fornendo micro e sub-micro elementi e qualche macro-elemento complementare. Usa Flora Micro come indicato durante tutta la fase di crescita e fioritura.<\/p>\n<p><strong>TriPart\u00ae Grow :<\/strong> stimola la struttura e la crescita vegetativa, forma forti radici e fornisce la maggior parte di azoto, potassio, e minerali secondari nella TriPart\u00ae. Usa quantit\u00e0 pi\u00f9 elevate in vegetativa e pi\u00f9 basse in fioritura.<\/p>\n<p><strong>TriPart\u00ae Bloom :<\/strong> fornisce la composizione di fosforo e potassio di cui le tue piante hanno bisogno per aumentare la formazione di radici e la salute durante la crescita, ed aiutare a completare il loro potenziale genetico al massimo durante la fioritura e fruttificazione. Usa quantit\u00e0 pi\u00f9 basse durante la crescita, e pi\u00f9 alte in fioritura.<\/p>\n","protected":false},"author":3,"template":"","meta":{"_acf_changed":false},"m_thode_de_culture":[31],"substrat":[299,300,301],"product_category":[250],"class_list":["post-1899","product","type-product","status-publish","has-post-thumbnail","hentry","m_thode_de_culture-mineral-en","substrat-coco","substrat-hydro","substrat-soil","product_category-soluzioni-di-fertilizzazioni-minerali"],"acf":[],"yoast_head":"<!-- This site is optimized with the Yoast SEO plugin v27.3 - https:\/\/yoast.com\/product\/yoast-seo-wordpress\/ -->\n<title>TRIPART\u00ae - Terra Aquatica<\/title>\n<meta name=\"robots\" content=\"index, follow, max-snippet:-1, max-image-preview:large, max-video-preview:-1\" \/>\n<link rel=\"canonical\" href=\"https:\/\/www.terraaquatica.com\/it\/soluzioni-di-fertilizzazioni-minerali\/tripart-5\/\" \/>\n<meta property=\"og:locale\" content=\"it_IT\" \/>\n<meta property=\"og:type\" content=\"article\" \/>\n<meta property=\"og:title\" content=\"TRIPART\u00ae - Terra Aquatica\" \/>\n<meta property=\"og:description\" content=\"Il sistema di nutrimento ha 3 parti : Terra Aquatica TriPart\u00ae ti da il miglior equilibrio tra concentrazione e flessibilit\u00e0 [&hellip;]\" \/>\n<meta property=\"og:url\" content=\"https:\/\/www.terraaquatica.com\/it\/soluzioni-di-fertilizzazioni-minerali\/tripart-5\" \/>\n<meta property=\"og:site_name\" content=\"Terra Aquatica\" \/>\n<meta property=\"article:modified_time\" content=\"2023-09-19T14:45:22+00:00\" \/>\n<meta property=\"og:image\" content=\"https:\/\/www.terraaquatica.com\/wp-content\/uploads\/2020\/03\/tripart-3-bottles-720_2.jpg\" \/>\n\t<meta property=\"og:image:width\" content=\"720\" \/>\n\t<meta property=\"og:image:height\" content=\"720\" \/>\n\t<meta property=\"og:image:type\" content=\"image\/jpeg\" \/>\n<meta name=\"twitter:card\" content=\"summary_large_image\" \/>\n<meta name=\"twitter:label1\" content=\"Tempo di lettura stimato\" \/>\n\t<meta name=\"twitter:data1\" content=\"2 minuti\" \/>\n<script type=\"application\/ld+json\" class=\"yoast-schema-graph\">{\"@context\":\"https:\\\/\\\/schema.org\",\"@graph\":[{\"@type\":\"WebPage\",\"@id\":\"https:\\\/\\\/www.terraaquatica.com\\\/it\\\/soluzioni-di-fertilizzazioni-minerali\\\/tripart-5\",\"url\":\"https:\\\/\\\/www.terraaquatica.com\\\/it\\\/soluzioni-di-fertilizzazioni-minerali\\\/tripart-5\",\"name\":\"TRIPART\u00ae - Terra Aquatica\",\"isPartOf\":{\"@id\":\"https:\\\/\\\/www.terraaquatica.com\\\/#website\"},\"primaryImageOfPage\":{\"@id\":\"https:\\\/\\\/www.terraaquatica.com\\\/it\\\/soluzioni-di-fertilizzazioni-minerali\\\/tripart-5#primaryimage\"},\"image\":{\"@id\":\"https:\\\/\\\/www.terraaquatica.com\\\/it\\\/soluzioni-di-fertilizzazioni-minerali\\\/tripart-5#primaryimage\"},\"thumbnailUrl\":\"https:\\\/\\\/www.terraaquatica.com\\\/wp-content\\\/uploads\\\/2020\\\/03\\\/tripart-3-bottles-720_2.jpg\",\"datePublished\":\"2018-10-19T07:20:40+00:00\",\"dateModified\":\"2023-09-19T14:45:22+00:00\",\"breadcrumb\":{\"@id\":\"https:\\\/\\\/www.terraaquatica.com\\\/it\\\/soluzioni-di-fertilizzazioni-minerali\\\/tripart-5#breadcrumb\"},\"inLanguage\":\"it-IT\",\"potentialAction\":[{\"@type\":\"ReadAction\",\"target\":[\"https:\\\/\\\/www.terraaquatica.com\\\/it\\\/soluzioni-di-fertilizzazioni-minerali\\\/tripart-5\"]}]},{\"@type\":\"ImageObject\",\"inLanguage\":\"it-IT\",\"@id\":\"https:\\\/\\\/www.terraaquatica.com\\\/it\\\/soluzioni-di-fertilizzazioni-minerali\\\/tripart-5#primaryimage\",\"url\":\"https:\\\/\\\/www.terraaquatica.com\\\/wp-content\\\/uploads\\\/2020\\\/03\\\/tripart-3-bottles-720_2.jpg\",\"contentUrl\":\"https:\\\/\\\/www.terraaquatica.com\\\/wp-content\\\/uploads\\\/2020\\\/03\\\/tripart-3-bottles-720_2.jpg\",\"width\":720,\"height\":720,\"caption\":\"TriPart\u00ae Grow - Bloom - Micro\"},{\"@type\":\"BreadcrumbList\",\"@id\":\"https:\\\/\\\/www.terraaquatica.com\\\/it\\\/soluzioni-di-fertilizzazioni-minerali\\\/tripart-5#breadcrumb\",\"itemListElement\":[{\"@type\":\"ListItem\",\"position\":1,\"name\":\"Accueil\",\"item\":\"https:\\\/\\\/www.terraaquatica.com\\\/it\\\/\"},{\"@type\":\"ListItem\",\"position\":2,\"name\":\"Products\",\"item\":\"https:\\\/\\\/www.terraaquatica.com\\\/it\\\/product\\\/\"},{\"@type\":\"ListItem\",\"position\":3,\"name\":\"TRIPART\u00ae\"}]},{\"@type\":\"WebSite\",\"@id\":\"https:\\\/\\\/www.terraaquatica.com\\\/#website\",\"url\":\"https:\\\/\\\/www.terraaquatica.com\\\/\",\"name\":\"Terra Aquatica\",\"description\":\"Engrais et syst\u00e8mes de culture depuis 1995\",\"publisher\":{\"@id\":\"https:\\\/\\\/www.terraaquatica.com\\\/#organization\"},\"potentialAction\":[{\"@type\":\"SearchAction\",\"target\":{\"@type\":\"EntryPoint\",\"urlTemplate\":\"https:\\\/\\\/www.terraaquatica.com\\\/?s={search_term_string}\"},\"query-input\":{\"@type\":\"PropertyValueSpecification\",\"valueRequired\":true,\"valueName\":\"search_term_string\"}}],\"inLanguage\":\"it-IT\"},{\"@type\":\"Organization\",\"@id\":\"https:\\\/\\\/www.terraaquatica.com\\\/#organization\",\"name\":\"Terra Aquatica\",\"url\":\"https:\\\/\\\/www.terraaquatica.com\\\/\",\"logo\":{\"@type\":\"ImageObject\",\"inLanguage\":\"it-IT\",\"@id\":\"https:\\\/\\\/www.terraaquatica.com\\\/#\\\/schema\\\/logo\\\/image\\\/\",\"url\":\"https:\\\/\\\/www.terraaquatica.com\\\/wp-content\\\/uploads\\\/2022\\\/03\\\/favicon-transpa-big.png\",\"contentUrl\":\"https:\\\/\\\/www.terraaquatica.com\\\/wp-content\\\/uploads\\\/2022\\\/03\\\/favicon-transpa-big.png\",\"width\":512,\"height\":512,\"caption\":\"Terra Aquatica\"},\"image\":{\"@id\":\"https:\\\/\\\/www.terraaquatica.com\\\/#\\\/schema\\\/logo\\\/image\\\/\"}}]}<\/script>\n<!-- \/ Yoast SEO plugin. -->","yoast_head_json":{"title":"TRIPART\u00ae - Terra Aquatica","robots":{"index":"index","follow":"follow","max-snippet":"max-snippet:-1","max-image-preview":"max-image-preview:large","max-video-preview":"max-video-preview:-1"},"canonical":"https:\/\/www.terraaquatica.com\/it\/soluzioni-di-fertilizzazioni-minerali\/tripart-5\/","og_locale":"it_IT","og_type":"article","og_title":"TRIPART\u00ae - Terra Aquatica","og_description":"Il sistema di nutrimento ha 3 parti : Terra Aquatica TriPart\u00ae ti da il miglior equilibrio tra concentrazione e flessibilit\u00e0 [&hellip;]","og_url":"https:\/\/www.terraaquatica.com\/it\/soluzioni-di-fertilizzazioni-minerali\/tripart-5","og_site_name":"Terra Aquatica","article_modified_time":"2023-09-19T14:45:22+00:00","og_image":[{"width":720,"height":720,"url":"https:\/\/www.terraaquatica.com\/wp-content\/uploads\/2020\/03\/tripart-3-bottles-720_2.jpg","type":"image\/jpeg"}],"twitter_card":"summary_large_image","twitter_misc":{"Tempo di lettura stimato":"2 minuti"},"schema":{"@context":"https:\/\/schema.org","@graph":[{"@type":"WebPage","@id":"https:\/\/www.terraaquatica.com\/it\/soluzioni-di-fertilizzazioni-minerali\/tripart-5","url":"https:\/\/www.terraaquatica.com\/it\/soluzioni-di-fertilizzazioni-minerali\/tripart-5","name":"TRIPART\u00ae - Terra Aquatica","isPartOf":{"@id":"https:\/\/www.terraaquatica.com\/#website"},"primaryImageOfPage":{"@id":"https:\/\/www.terraaquatica.com\/it\/soluzioni-di-fertilizzazioni-minerali\/tripart-5#primaryimage"},"image":{"@id":"https:\/\/www.terraaquatica.com\/it\/soluzioni-di-fertilizzazioni-minerali\/tripart-5#primaryimage"},"thumbnailUrl":"https:\/\/www.terraaquatica.com\/wp-content\/uploads\/2020\/03\/tripart-3-bottles-720_2.jpg","datePublished":"2018-10-19T07:20:40+00:00","dateModified":"2023-09-19T14:45:22+00:00","breadcrumb":{"@id":"https:\/\/www.terraaquatica.com\/it\/soluzioni-di-fertilizzazioni-minerali\/tripart-5#breadcrumb"},"inLanguage":"it-IT","potentialAction":[{"@type":"ReadAction","target":["https:\/\/www.terraaquatica.com\/it\/soluzioni-di-fertilizzazioni-minerali\/tripart-5"]}]},{"@type":"ImageObject","inLanguage":"it-IT","@id":"https:\/\/www.terraaquatica.com\/it\/soluzioni-di-fertilizzazioni-minerali\/tripart-5#primaryimage","url":"https:\/\/www.terraaquatica.com\/wp-content\/uploads\/2020\/03\/tripart-3-bottles-720_2.jpg","contentUrl":"https:\/\/www.terraaquatica.com\/wp-content\/uploads\/2020\/03\/tripart-3-bottles-720_2.jpg","width":720,"height":720,"caption":"TriPart\u00ae Grow - Bloom - Micro"},{"@type":"BreadcrumbList","@id":"https:\/\/www.terraaquatica.com\/it\/soluzioni-di-fertilizzazioni-minerali\/tripart-5#breadcrumb","itemListElement":[{"@type":"ListItem","position":1,"name":"Accueil","item":"https:\/\/www.terraaquatica.com\/it\/"},{"@type":"ListItem","position":2,"name":"Products","item":"https:\/\/www.terraaquatica.com\/it\/product\/"},{"@type":"ListItem","position":3,"name":"TRIPART\u00ae"}]},{"@type":"WebSite","@id":"https:\/\/www.terraaquatica.com\/#website","url":"https:\/\/www.terraaquatica.com\/","name":"Terra Aquatica","description":"Engrais et syst\u00e8mes de culture depuis 1995","publisher":{"@id":"https:\/\/www.terraaquatica.com\/#organization"},"potentialAction":[{"@type":"SearchAction","target":{"@type":"EntryPoint","urlTemplate":"https:\/\/www.terraaquatica.com\/?s={search_term_string}"},"query-input":{"@type":"PropertyValueSpecification","valueRequired":true,"valueName":"search_term_string"}}],"inLanguage":"it-IT"},{"@type":"Organization","@id":"https:\/\/www.terraaquatica.com\/#organization","name":"Terra Aquatica","url":"https:\/\/www.terraaquatica.com\/","logo":{"@type":"ImageObject","inLanguage":"it-IT","@id":"https:\/\/www.terraaquatica.com\/#\/schema\/logo\/image\/","url":"https:\/\/www.terraaquatica.com\/wp-content\/uploads\/2022\/03\/favicon-transpa-big.png","contentUrl":"https:\/\/www.terraaquatica.com\/wp-content\/uploads\/2022\/03\/favicon-transpa-big.png","width":512,"height":512,"caption":"Terra Aquatica"},"image":{"@id":"https:\/\/www.terraaquatica.com\/#\/schema\/logo\/image\/"}}]}},"_links":{"self":[{"href":"https:\/\/www.terraaquatica.com\/it\/wp-json\/wp\/v2\/product\/1899","targetHints":{"allow":["GET"]}}],"collection":[{"href":"https:\/\/www.terraaquatica.com\/it\/wp-json\/wp\/v2\/product"}],"about":[{"href":"https:\/\/www.terraaquatica.com\/it\/wp-json\/wp\/v2\/types\/product"}],"author":[{"embeddable":true,"href":"https:\/\/www.terraaquatica.com\/it\/wp-json\/wp\/v2\/users\/3"}],"wp:featuredmedia":[{"embeddable":true,"href":"https:\/\/www.terraaquatica.com\/it\/wp-json\/wp\/v2\/media\/1618"}],"wp:attachment":[{"href":"https:\/\/www.terraaquatica.com\/it\/wp-json\/wp\/v2\/media?parent=1899"}],"wp:term":[{"taxonomy":"m_thode_de_culture","embeddable":true,"href":"https:\/\/www.terraaquatica.com\/it\/wp-json\/wp\/v2\/m_thode_de_culture?post=1899"},{"taxonomy":"substrat","embeddable":true,"href":"https:\/\/www.terraaquatica.com\/it\/wp-json\/wp\/v2\/substrat?post=1899"},{"taxonomy":"product_category","embeddable":true,"href":"https:\/\/www.terraaquatica.com\/it\/wp-json\/wp\/v2\/product_category?post=1899"}],"curies":[{"name":"wp","href":"https:\/\/api.w.org\/{rel}","templated":true}]}}