{"id":1902,"date":"2018-10-19T09:47:11","date_gmt":"2018-10-19T07:47:11","guid":{"rendered":"https:\/\/www.terraaquatica.com\/produits\/dualpart-5\/"},"modified":"2025-06-05T17:47:01","modified_gmt":"2025-06-05T15:47:01","slug":"dualpart-5","status":"publish","type":"product","link":"https:\/\/www.terraaquatica.com\/it\/soluzioni-di-fertilizzazioni-minerali\/dualpart-5","title":{"rendered":"DUALPART\u00ae"},"content":{"rendered":"<p><a href=\"http:\/\/www.terraaquatica.com\/\" target=\"_blank\" rel=\"noopener\"><img decoding=\"async\" class=\" alignleft size-full wp-image-1616\" style=\"opacity: 0.9; float: left; width: 250px; height: 250px;\" src=\"https:\/\/www.terraaquatica.com\/wp-content\/uploads\/2017\/06\/colerette.png\" alt=\"\"><\/a><em>Il fertilizzante in 2 parti definitivo : ispirato dal top nelle vendite TriPart\u00ae, DualPart\u00ae \u00e8 il miglior equilibrio fra prestazione e semplicit\u00e0 nell\u2019utilizzo &#8211; ed alcuni vantaggi unici.<\/em><\/p>\n<p>DualPart\u00ae non \u00e8 il \u201cclassico\u201d fertilizzante minerale : iniziando con l\u2019intenzione di creare una versione semplificata della TriPart\u00ae che per\u00f2 contenesse la stessa efficacia, il leggendario Cal Hermann, chimico di General Hydroponics e NASA, cre\u00f2 questa potente formula in 2 parti, e lungo il percorso aggiunse alcuni importanti bonus per piante a rapida crescita con importanti differenze fra i bisogni nella crescita e nella fioritura :<\/p>\n<ul>\n<li>DualPart\u00ae \u00e8 composto da minerali di diverso tipo in modo che le tue piante abbiano rapido accesso a tutti gli elementi di cui hanno bisogno, al giusto momento e nella giusta quantit\u00e0 in crescita ed in fioritura.<\/li>\n<\/ul>\n<ul>\n<li>La formula include bio-attivatori che migliorano la salute generale della pianta, la resistenza ai patogeni e l\u2019assorbimento dei nutrienti.<\/li>\n<\/ul>\n<ul>\n<li>DualPart\u00ae riduce la distanza internodale &#8211; senza l\u2019utilizzo di PGR (Regolatori della crescita) ! Da Terra Aquatica usiamo solo gli ingredienti pi\u00f9 puri. La profonda conoscenza della composizione dei nutrienti, sviluppata attraverso estese ricerche, ci ha permesso di ottenere una crescita esplosiva e uno stretch ridotto, evitando Regolatori di crescita potenzialmente pericolosi.<\/li>\n<\/ul>\n<p>Quando parliamo di \u201c2 parti\u201d lo intendiamo davvero : usare DualPart\u00ae significa due prodotti dall\u2019inizio alla fine, non quattro come nella maggior parte dei \u201cA+B\u201dche usano due prodotti per la crescita e due per la fioritura.<\/p>\n<p>Con DualPart\u00ae inizi con la stessa quantit\u00e0 di Grow e Bloom durante la radicazione o lo sviluppo iniziale, nella fase vegetativa pi\u00f9 Grow che Bloom, e durante la fioritura e frutificazione, pi\u00f9 Bloom che Grow. E\u2019 davvero cos\u00ec semplice.<\/p>\n","protected":false},"author":3,"template":"","meta":{"_acf_changed":true},"m_thode_de_culture":[31],"substrat":[299,300,301],"product_category":[250],"class_list":["post-1902","product","type-product","status-publish","has-post-thumbnail","hentry","m_thode_de_culture-mineral-en","substrat-coco","substrat-hydro","substrat-soil","product_category-soluzioni-di-fertilizzazioni-minerali"],"acf":[],"yoast_head":"<!-- This site is optimized with the Yoast SEO plugin v27.3 - https:\/\/yoast.com\/product\/yoast-seo-wordpress\/ -->\n<title>DUALPART\u00ae - Terra Aquatica<\/title>\n<meta name=\"robots\" content=\"index, follow, max-snippet:-1, max-image-preview:large, max-video-preview:-1\" \/>\n<link rel=\"canonical\" href=\"https:\/\/www.terraaquatica.com\/it\/soluzioni-di-fertilizzazioni-minerali\/dualpart-5\/\" \/>\n<meta property=\"og:locale\" content=\"it_IT\" \/>\n<meta property=\"og:type\" content=\"article\" \/>\n<meta property=\"og:title\" content=\"DUALPART\u00ae - Terra Aquatica\" \/>\n<meta property=\"og:description\" content=\"Il fertilizzante in 2 parti definitivo : ispirato dal top nelle vendite TriPart\u00ae, DualPart\u00ae \u00e8 il miglior equilibrio fra prestazione [&hellip;]\" \/>\n<meta property=\"og:url\" content=\"https:\/\/www.terraaquatica.com\/it\/soluzioni-di-fertilizzazioni-minerali\/dualpart-5\" \/>\n<meta property=\"og:site_name\" content=\"Terra Aquatica\" \/>\n<meta property=\"article:modified_time\" content=\"2025-06-05T15:47:01+00:00\" \/>\n<meta property=\"og:image\" content=\"https:\/\/www.terraaquatica.com\/wp-content\/uploads\/2020\/03\/dualpart-bloom-et-grow_1l-fond-blanc-720.jpg\" \/>\n\t<meta property=\"og:image:width\" content=\"720\" \/>\n\t<meta property=\"og:image:height\" content=\"720\" \/>\n\t<meta property=\"og:image:type\" content=\"image\/jpeg\" \/>\n<meta name=\"twitter:card\" content=\"summary_large_image\" \/>\n<meta name=\"twitter:label1\" content=\"Tempo di lettura stimato\" \/>\n\t<meta name=\"twitter:data1\" content=\"2 minuti\" \/>\n<script type=\"application\/ld+json\" class=\"yoast-schema-graph\">{\"@context\":\"https:\\\/\\\/schema.org\",\"@graph\":[{\"@type\":\"WebPage\",\"@id\":\"https:\\\/\\\/www.terraaquatica.com\\\/it\\\/soluzioni-di-fertilizzazioni-minerali\\\/dualpart-5\",\"url\":\"https:\\\/\\\/www.terraaquatica.com\\\/it\\\/soluzioni-di-fertilizzazioni-minerali\\\/dualpart-5\",\"name\":\"DUALPART\u00ae - Terra Aquatica\",\"isPartOf\":{\"@id\":\"https:\\\/\\\/www.terraaquatica.com\\\/#website\"},\"primaryImageOfPage\":{\"@id\":\"https:\\\/\\\/www.terraaquatica.com\\\/it\\\/soluzioni-di-fertilizzazioni-minerali\\\/dualpart-5#primaryimage\"},\"image\":{\"@id\":\"https:\\\/\\\/www.terraaquatica.com\\\/it\\\/soluzioni-di-fertilizzazioni-minerali\\\/dualpart-5#primaryimage\"},\"thumbnailUrl\":\"https:\\\/\\\/www.terraaquatica.com\\\/wp-content\\\/uploads\\\/2020\\\/03\\\/dualpart-bloom-et-grow_1l-fond-blanc-720.jpg\",\"datePublished\":\"2018-10-19T07:47:11+00:00\",\"dateModified\":\"2025-06-05T15:47:01+00:00\",\"breadcrumb\":{\"@id\":\"https:\\\/\\\/www.terraaquatica.com\\\/it\\\/soluzioni-di-fertilizzazioni-minerali\\\/dualpart-5#breadcrumb\"},\"inLanguage\":\"it-IT\",\"potentialAction\":[{\"@type\":\"ReadAction\",\"target\":[\"https:\\\/\\\/www.terraaquatica.com\\\/it\\\/soluzioni-di-fertilizzazioni-minerali\\\/dualpart-5\"]}]},{\"@type\":\"ImageObject\",\"inLanguage\":\"it-IT\",\"@id\":\"https:\\\/\\\/www.terraaquatica.com\\\/it\\\/soluzioni-di-fertilizzazioni-minerali\\\/dualpart-5#primaryimage\",\"url\":\"https:\\\/\\\/www.terraaquatica.com\\\/wp-content\\\/uploads\\\/2020\\\/03\\\/dualpart-bloom-et-grow_1l-fond-blanc-720.jpg\",\"contentUrl\":\"https:\\\/\\\/www.terraaquatica.com\\\/wp-content\\\/uploads\\\/2020\\\/03\\\/dualpart-bloom-et-grow_1l-fond-blanc-720.jpg\",\"width\":720,\"height\":720,\"caption\":\"DualPart Grow - Bloom 1L\"},{\"@type\":\"BreadcrumbList\",\"@id\":\"https:\\\/\\\/www.terraaquatica.com\\\/it\\\/soluzioni-di-fertilizzazioni-minerali\\\/dualpart-5#breadcrumb\",\"itemListElement\":[{\"@type\":\"ListItem\",\"position\":1,\"name\":\"Accueil\",\"item\":\"https:\\\/\\\/www.terraaquatica.com\\\/it\\\/\"},{\"@type\":\"ListItem\",\"position\":2,\"name\":\"Products\",\"item\":\"https:\\\/\\\/www.terraaquatica.com\\\/it\\\/product\\\/\"},{\"@type\":\"ListItem\",\"position\":3,\"name\":\"DUALPART\u00ae\"}]},{\"@type\":\"WebSite\",\"@id\":\"https:\\\/\\\/www.terraaquatica.com\\\/#website\",\"url\":\"https:\\\/\\\/www.terraaquatica.com\\\/\",\"name\":\"Terra Aquatica\",\"description\":\"Engrais et syst\u00e8mes de culture depuis 1995\",\"publisher\":{\"@id\":\"https:\\\/\\\/www.terraaquatica.com\\\/#organization\"},\"potentialAction\":[{\"@type\":\"SearchAction\",\"target\":{\"@type\":\"EntryPoint\",\"urlTemplate\":\"https:\\\/\\\/www.terraaquatica.com\\\/?s={search_term_string}\"},\"query-input\":{\"@type\":\"PropertyValueSpecification\",\"valueRequired\":true,\"valueName\":\"search_term_string\"}}],\"inLanguage\":\"it-IT\"},{\"@type\":\"Organization\",\"@id\":\"https:\\\/\\\/www.terraaquatica.com\\\/#organization\",\"name\":\"Terra Aquatica\",\"url\":\"https:\\\/\\\/www.terraaquatica.com\\\/\",\"logo\":{\"@type\":\"ImageObject\",\"inLanguage\":\"it-IT\",\"@id\":\"https:\\\/\\\/www.terraaquatica.com\\\/#\\\/schema\\\/logo\\\/image\\\/\",\"url\":\"https:\\\/\\\/www.terraaquatica.com\\\/wp-content\\\/uploads\\\/2022\\\/03\\\/favicon-transpa-big.png\",\"contentUrl\":\"https:\\\/\\\/www.terraaquatica.com\\\/wp-content\\\/uploads\\\/2022\\\/03\\\/favicon-transpa-big.png\",\"width\":512,\"height\":512,\"caption\":\"Terra Aquatica\"},\"image\":{\"@id\":\"https:\\\/\\\/www.terraaquatica.com\\\/#\\\/schema\\\/logo\\\/image\\\/\"}}]}<\/script>\n<!-- \/ Yoast SEO plugin. -->","yoast_head_json":{"title":"DUALPART\u00ae - Terra Aquatica","robots":{"index":"index","follow":"follow","max-snippet":"max-snippet:-1","max-image-preview":"max-image-preview:large","max-video-preview":"max-video-preview:-1"},"canonical":"https:\/\/www.terraaquatica.com\/it\/soluzioni-di-fertilizzazioni-minerali\/dualpart-5\/","og_locale":"it_IT","og_type":"article","og_title":"DUALPART\u00ae - Terra Aquatica","og_description":"Il fertilizzante in 2 parti definitivo : ispirato dal top nelle vendite TriPart\u00ae, DualPart\u00ae \u00e8 il miglior equilibrio fra prestazione [&hellip;]","og_url":"https:\/\/www.terraaquatica.com\/it\/soluzioni-di-fertilizzazioni-minerali\/dualpart-5","og_site_name":"Terra Aquatica","article_modified_time":"2025-06-05T15:47:01+00:00","og_image":[{"width":720,"height":720,"url":"https:\/\/www.terraaquatica.com\/wp-content\/uploads\/2020\/03\/dualpart-bloom-et-grow_1l-fond-blanc-720.jpg","type":"image\/jpeg"}],"twitter_card":"summary_large_image","twitter_misc":{"Tempo di lettura stimato":"2 minuti"},"schema":{"@context":"https:\/\/schema.org","@graph":[{"@type":"WebPage","@id":"https:\/\/www.terraaquatica.com\/it\/soluzioni-di-fertilizzazioni-minerali\/dualpart-5","url":"https:\/\/www.terraaquatica.com\/it\/soluzioni-di-fertilizzazioni-minerali\/dualpart-5","name":"DUALPART\u00ae - Terra Aquatica","isPartOf":{"@id":"https:\/\/www.terraaquatica.com\/#website"},"primaryImageOfPage":{"@id":"https:\/\/www.terraaquatica.com\/it\/soluzioni-di-fertilizzazioni-minerali\/dualpart-5#primaryimage"},"image":{"@id":"https:\/\/www.terraaquatica.com\/it\/soluzioni-di-fertilizzazioni-minerali\/dualpart-5#primaryimage"},"thumbnailUrl":"https:\/\/www.terraaquatica.com\/wp-content\/uploads\/2020\/03\/dualpart-bloom-et-grow_1l-fond-blanc-720.jpg","datePublished":"2018-10-19T07:47:11+00:00","dateModified":"2025-06-05T15:47:01+00:00","breadcrumb":{"@id":"https:\/\/www.terraaquatica.com\/it\/soluzioni-di-fertilizzazioni-minerali\/dualpart-5#breadcrumb"},"inLanguage":"it-IT","potentialAction":[{"@type":"ReadAction","target":["https:\/\/www.terraaquatica.com\/it\/soluzioni-di-fertilizzazioni-minerali\/dualpart-5"]}]},{"@type":"ImageObject","inLanguage":"it-IT","@id":"https:\/\/www.terraaquatica.com\/it\/soluzioni-di-fertilizzazioni-minerali\/dualpart-5#primaryimage","url":"https:\/\/www.terraaquatica.com\/wp-content\/uploads\/2020\/03\/dualpart-bloom-et-grow_1l-fond-blanc-720.jpg","contentUrl":"https:\/\/www.terraaquatica.com\/wp-content\/uploads\/2020\/03\/dualpart-bloom-et-grow_1l-fond-blanc-720.jpg","width":720,"height":720,"caption":"DualPart Grow - Bloom 1L"},{"@type":"BreadcrumbList","@id":"https:\/\/www.terraaquatica.com\/it\/soluzioni-di-fertilizzazioni-minerali\/dualpart-5#breadcrumb","itemListElement":[{"@type":"ListItem","position":1,"name":"Accueil","item":"https:\/\/www.terraaquatica.com\/it\/"},{"@type":"ListItem","position":2,"name":"Products","item":"https:\/\/www.terraaquatica.com\/it\/product\/"},{"@type":"ListItem","position":3,"name":"DUALPART\u00ae"}]},{"@type":"WebSite","@id":"https:\/\/www.terraaquatica.com\/#website","url":"https:\/\/www.terraaquatica.com\/","name":"Terra Aquatica","description":"Engrais et syst\u00e8mes de culture depuis 1995","publisher":{"@id":"https:\/\/www.terraaquatica.com\/#organization"},"potentialAction":[{"@type":"SearchAction","target":{"@type":"EntryPoint","urlTemplate":"https:\/\/www.terraaquatica.com\/?s={search_term_string}"},"query-input":{"@type":"PropertyValueSpecification","valueRequired":true,"valueName":"search_term_string"}}],"inLanguage":"it-IT"},{"@type":"Organization","@id":"https:\/\/www.terraaquatica.com\/#organization","name":"Terra Aquatica","url":"https:\/\/www.terraaquatica.com\/","logo":{"@type":"ImageObject","inLanguage":"it-IT","@id":"https:\/\/www.terraaquatica.com\/#\/schema\/logo\/image\/","url":"https:\/\/www.terraaquatica.com\/wp-content\/uploads\/2022\/03\/favicon-transpa-big.png","contentUrl":"https:\/\/www.terraaquatica.com\/wp-content\/uploads\/2022\/03\/favicon-transpa-big.png","width":512,"height":512,"caption":"Terra Aquatica"},"image":{"@id":"https:\/\/www.terraaquatica.com\/#\/schema\/logo\/image\/"}}]}},"_links":{"self":[{"href":"https:\/\/www.terraaquatica.com\/it\/wp-json\/wp\/v2\/product\/1902","targetHints":{"allow":["GET"]}}],"collection":[{"href":"https:\/\/www.terraaquatica.com\/it\/wp-json\/wp\/v2\/product"}],"about":[{"href":"https:\/\/www.terraaquatica.com\/it\/wp-json\/wp\/v2\/types\/product"}],"author":[{"embeddable":true,"href":"https:\/\/www.terraaquatica.com\/it\/wp-json\/wp\/v2\/users\/3"}],"wp:featuredmedia":[{"embeddable":true,"href":"https:\/\/www.terraaquatica.com\/it\/wp-json\/wp\/v2\/media\/1646"}],"wp:attachment":[{"href":"https:\/\/www.terraaquatica.com\/it\/wp-json\/wp\/v2\/media?parent=1902"}],"wp:term":[{"taxonomy":"m_thode_de_culture","embeddable":true,"href":"https:\/\/www.terraaquatica.com\/it\/wp-json\/wp\/v2\/m_thode_de_culture?post=1902"},{"taxonomy":"substrat","embeddable":true,"href":"https:\/\/www.terraaquatica.com\/it\/wp-json\/wp\/v2\/substrat?post=1902"},{"taxonomy":"product_category","embeddable":true,"href":"https:\/\/www.terraaquatica.com\/it\/wp-json\/wp\/v2\/product_category?post=1902"}],"curies":[{"name":"wp","href":"https:\/\/api.w.org\/{rel}","templated":true}]}}