{"id":1950,"date":"2018-10-19T16:12:42","date_gmt":"2018-10-19T14:12:42","guid":{"rendered":"https:\/\/www.terraaquatica.com\/produits\/regul_ph-html-5\/"},"modified":"2023-09-19T16:57:18","modified_gmt":"2023-09-19T14:57:18","slug":"regul_ph-html-5","status":"publish","type":"product","link":"https:\/\/www.terraaquatica.com\/it\/controllo-ph\/regul_ph-html-5","title":{"rendered":"Regolatori di pH"},"content":{"rendered":"<p><a href=\"http:\/\/www.terraaquatica.com\/\" target=\"_blank\" rel=\"noopener\"><img decoding=\"async\" class=\" alignleft size-full wp-image-1616\" style=\"opacity: 0.9; float: left; width: 250px; height: 250px;\" src=\"https:\/\/www.terraaquatica.com\/wp-content\/uploads\/2017\/06\/colerette.png\" alt=\"\"><\/a>Non esiste il pH perfetto. Valori pi\u00f9 alti facilitano l\u2019assorbimento dei cationi e valori pi\u00f9 bassi aiutano l\u2019assorbimento degli anioni : ogni livello di pH ha dei compromessi. I valore medio raccomandato pi\u00f9 sicuro \u00e8 da 5.5 a 6.5. Il nostro consiglio \u00e8 quello di restare nella parte bassa : da 5.5 a 6.2.<\/p>\n<h2>Terra Aquatica pH- :<\/h2>\n<p><strong>Controllo e stabilizzazione premium del pH per idroponica, cocco e terra<\/strong><\/p>\n<p><em>Non un semplice acido : Terra Aquatica pH &#8211; fornisce un reale contributo alla stabilit\u00e0 della soluzione nutritiva<\/em><\/p>\n<p>Per produrre Terra Aquatica pH- misceliamo attentamente 3 acidi comunemente utilizzati da soli in idroponica, per darti tutti i benefici di ciascuno &#8211; senza gli svantaggi.<\/p>\n<p>Terra Aquatica pH- usa acidi nitrici e fosforici per realizzare il cambiamento iniziale e pi\u00f9 significativo del pH nella tua acqua, e la miscela dei due significa nessun disturbo alle tue proporzioni di N\/K lungo tutto il ciclo &#8211; e nessun residuo sulla superficie della tua cisterna a causa a causa degli acidi fosforici usati da soli nelle aree con acqua dura. Quindi, con la sua speciale caratteristica, l\u2019acido citrico organico entra in gioco per stabilizzare gli sbalzi di pH nel tempo, mantenendo la tua soluzione pi\u00f9 stabile, ed aiutando a gestire gli eccessi di calcio nelle aree con acqua dura.<\/p>\n<h2>Terra Aquatica pH+ :<\/h2>\n<p><strong>Controllo premium del pH e fonte di silice per idroponica, cocco e terra.<\/strong><\/p>\n<p><em>Controlla il pH e alza i livelli di silice allo stesso momento<\/em><\/p>\n<p>Mentre alzare il pH sembra assurdo per i coltivatori in aree con acqua dura, \u00e8 un vero problema con acqua molto dolce o ad osmosi inversa. Terra Aquatica pH+ ti permette questo adattamento, e ti offre un\u2019ottima fonte di Silicato &#8211; che \u00e8 spesso mancante in idroponica a causa della sua solubilit\u00e0 molto bassa. Adeguati livelli di Silicato offrono un grande contributo alla salute della pianta e quindi lo includiamo nei prodotti quando possiamo.<\/p>\n<h2>pH- Powder :<\/h2>\n<p><strong>Soluzione unica in polvere per il controllo del pH in idroponica, cocco e terra<\/strong><\/p>\n<p><em>L\u2019unica soluzione per il controllo del pH in polvere asciutta sul mercato<\/em><\/p>\n<p>Un prodotto unico in questa industria : inerte quando asciutto, Terra Aquatica pH- Powder diventa un potente acido quando miscelato in acqua.<\/p>\n<p>La regolazione del pH \u00e8 una pratica essenziale per tutti i coltivatori : rende i sali minerali disponibili e stabilizza i chelati, ma per i negozi che offrono ordini per posta, inviare acidi liquidi pu\u00f2 essere rischioso &#8211; a volte proibito dalle autorit\u00e0 postali. Terra Aquatica pH- Powder evita questi problemi rendendo la spedizione pi\u00f9 semplice e sicura.<\/p>\n<p>Oltre che per regolare il pH, Terra Aquatica pH- Powder pu\u00f2 essere usato (con alte concentrazioni) per pulire e disinfettare i condotti ed il sistema, con basse concentrazione utilizzalo come spray fogliare per pulire i residui di pesticidi dalle foglie, ed infine, da un spinta nutritiva alle tue piante fornendo :<\/p>\n<ul>\n<li>Azoto, in una forma che supporta la fase vegetativa senza compromettere la fioritura<\/li>\n<li>Fosfati per una forte fioritura, salute radicale, fogliame rigoglioso ed una crescita armoniosa.<\/li>\n<\/ul>\n","protected":false},"author":3,"template":"","meta":{"_acf_changed":false},"m_thode_de_culture":[31,32],"substrat":[299,300,301],"product_category":[253],"class_list":["post-1950","product","type-product","status-publish","has-post-thumbnail","hentry","m_thode_de_culture-mineral-en","m_thode_de_culture-organic-en","substrat-coco","substrat-hydro","substrat-soil","product_category-controllo-ph"],"acf":[],"yoast_head":"<!-- This site is optimized with the Yoast SEO plugin v27.3 - https:\/\/yoast.com\/product\/yoast-seo-wordpress\/ -->\n<title>Regolatori di pH - Terra Aquatica<\/title>\n<meta name=\"robots\" content=\"index, follow, max-snippet:-1, max-image-preview:large, max-video-preview:-1\" \/>\n<link rel=\"canonical\" href=\"https:\/\/www.terraaquatica.com\/it\/controllo-ph\/regul_ph-html-5\/\" \/>\n<meta property=\"og:locale\" content=\"it_IT\" \/>\n<meta property=\"og:type\" content=\"article\" \/>\n<meta property=\"og:title\" content=\"Regolatori di pH - Terra Aquatica\" \/>\n<meta property=\"og:description\" content=\"Non esiste il pH perfetto. Valori pi\u00f9 alti facilitano l\u2019assorbimento dei cationi e valori pi\u00f9 bassi aiutano l\u2019assorbimento degli anioni [&hellip;]\" \/>\n<meta property=\"og:url\" content=\"https:\/\/www.terraaquatica.com\/it\/controllo-ph\/regul_ph-html-5\" \/>\n<meta property=\"og:site_name\" content=\"Terra Aquatica\" \/>\n<meta property=\"article:modified_time\" content=\"2023-09-19T14:57:18+00:00\" \/>\n<meta property=\"og:image\" content=\"https:\/\/www.terraaquatica.com\/wp-content\/uploads\/2020\/02\/ph-duo.jpg\" \/>\n\t<meta property=\"og:image:width\" content=\"720\" \/>\n\t<meta property=\"og:image:height\" content=\"720\" \/>\n\t<meta property=\"og:image:type\" content=\"image\/jpeg\" \/>\n<meta name=\"twitter:card\" content=\"summary_large_image\" \/>\n<meta name=\"twitter:label1\" content=\"Tempo di lettura stimato\" \/>\n\t<meta name=\"twitter:data1\" content=\"3 minuti\" \/>\n<script type=\"application\/ld+json\" class=\"yoast-schema-graph\">{\"@context\":\"https:\\\/\\\/schema.org\",\"@graph\":[{\"@type\":\"WebPage\",\"@id\":\"https:\\\/\\\/www.terraaquatica.com\\\/it\\\/controllo-ph\\\/regul_ph-html-5\",\"url\":\"https:\\\/\\\/www.terraaquatica.com\\\/it\\\/controllo-ph\\\/regul_ph-html-5\",\"name\":\"Regolatori di pH - Terra Aquatica\",\"isPartOf\":{\"@id\":\"https:\\\/\\\/www.terraaquatica.com\\\/#website\"},\"primaryImageOfPage\":{\"@id\":\"https:\\\/\\\/www.terraaquatica.com\\\/it\\\/controllo-ph\\\/regul_ph-html-5#primaryimage\"},\"image\":{\"@id\":\"https:\\\/\\\/www.terraaquatica.com\\\/it\\\/controllo-ph\\\/regul_ph-html-5#primaryimage\"},\"thumbnailUrl\":\"https:\\\/\\\/www.terraaquatica.com\\\/wp-content\\\/uploads\\\/2020\\\/02\\\/ph-duo.jpg\",\"datePublished\":\"2018-10-19T14:12:42+00:00\",\"dateModified\":\"2023-09-19T14:57:18+00:00\",\"breadcrumb\":{\"@id\":\"https:\\\/\\\/www.terraaquatica.com\\\/it\\\/controllo-ph\\\/regul_ph-html-5#breadcrumb\"},\"inLanguage\":\"it-IT\",\"potentialAction\":[{\"@type\":\"ReadAction\",\"target\":[\"https:\\\/\\\/www.terraaquatica.com\\\/it\\\/controllo-ph\\\/regul_ph-html-5\"]}]},{\"@type\":\"ImageObject\",\"inLanguage\":\"it-IT\",\"@id\":\"https:\\\/\\\/www.terraaquatica.com\\\/it\\\/controllo-ph\\\/regul_ph-html-5#primaryimage\",\"url\":\"https:\\\/\\\/www.terraaquatica.com\\\/wp-content\\\/uploads\\\/2020\\\/02\\\/ph-duo.jpg\",\"contentUrl\":\"https:\\\/\\\/www.terraaquatica.com\\\/wp-content\\\/uploads\\\/2020\\\/02\\\/ph-duo.jpg\",\"width\":720,\"height\":720,\"caption\":\"pH - - pH + 1L\"},{\"@type\":\"BreadcrumbList\",\"@id\":\"https:\\\/\\\/www.terraaquatica.com\\\/it\\\/controllo-ph\\\/regul_ph-html-5#breadcrumb\",\"itemListElement\":[{\"@type\":\"ListItem\",\"position\":1,\"name\":\"Accueil\",\"item\":\"https:\\\/\\\/www.terraaquatica.com\\\/it\\\/\"},{\"@type\":\"ListItem\",\"position\":2,\"name\":\"Products\",\"item\":\"https:\\\/\\\/www.terraaquatica.com\\\/it\\\/product\\\/\"},{\"@type\":\"ListItem\",\"position\":3,\"name\":\"Regolatori di pH\"}]},{\"@type\":\"WebSite\",\"@id\":\"https:\\\/\\\/www.terraaquatica.com\\\/#website\",\"url\":\"https:\\\/\\\/www.terraaquatica.com\\\/\",\"name\":\"Terra Aquatica\",\"description\":\"Engrais et syst\u00e8mes de culture depuis 1995\",\"publisher\":{\"@id\":\"https:\\\/\\\/www.terraaquatica.com\\\/#organization\"},\"potentialAction\":[{\"@type\":\"SearchAction\",\"target\":{\"@type\":\"EntryPoint\",\"urlTemplate\":\"https:\\\/\\\/www.terraaquatica.com\\\/?s={search_term_string}\"},\"query-input\":{\"@type\":\"PropertyValueSpecification\",\"valueRequired\":true,\"valueName\":\"search_term_string\"}}],\"inLanguage\":\"it-IT\"},{\"@type\":\"Organization\",\"@id\":\"https:\\\/\\\/www.terraaquatica.com\\\/#organization\",\"name\":\"Terra Aquatica\",\"url\":\"https:\\\/\\\/www.terraaquatica.com\\\/\",\"logo\":{\"@type\":\"ImageObject\",\"inLanguage\":\"it-IT\",\"@id\":\"https:\\\/\\\/www.terraaquatica.com\\\/#\\\/schema\\\/logo\\\/image\\\/\",\"url\":\"https:\\\/\\\/www.terraaquatica.com\\\/wp-content\\\/uploads\\\/2022\\\/03\\\/favicon-transpa-big.png\",\"contentUrl\":\"https:\\\/\\\/www.terraaquatica.com\\\/wp-content\\\/uploads\\\/2022\\\/03\\\/favicon-transpa-big.png\",\"width\":512,\"height\":512,\"caption\":\"Terra Aquatica\"},\"image\":{\"@id\":\"https:\\\/\\\/www.terraaquatica.com\\\/#\\\/schema\\\/logo\\\/image\\\/\"}}]}<\/script>\n<!-- \/ Yoast SEO plugin. -->","yoast_head_json":{"title":"Regolatori di pH - Terra Aquatica","robots":{"index":"index","follow":"follow","max-snippet":"max-snippet:-1","max-image-preview":"max-image-preview:large","max-video-preview":"max-video-preview:-1"},"canonical":"https:\/\/www.terraaquatica.com\/it\/controllo-ph\/regul_ph-html-5\/","og_locale":"it_IT","og_type":"article","og_title":"Regolatori di pH - Terra Aquatica","og_description":"Non esiste il pH perfetto. Valori pi\u00f9 alti facilitano l\u2019assorbimento dei cationi e valori pi\u00f9 bassi aiutano l\u2019assorbimento degli anioni [&hellip;]","og_url":"https:\/\/www.terraaquatica.com\/it\/controllo-ph\/regul_ph-html-5","og_site_name":"Terra Aquatica","article_modified_time":"2023-09-19T14:57:18+00:00","og_image":[{"width":720,"height":720,"url":"https:\/\/www.terraaquatica.com\/wp-content\/uploads\/2020\/02\/ph-duo.jpg","type":"image\/jpeg"}],"twitter_card":"summary_large_image","twitter_misc":{"Tempo di lettura stimato":"3 minuti"},"schema":{"@context":"https:\/\/schema.org","@graph":[{"@type":"WebPage","@id":"https:\/\/www.terraaquatica.com\/it\/controllo-ph\/regul_ph-html-5","url":"https:\/\/www.terraaquatica.com\/it\/controllo-ph\/regul_ph-html-5","name":"Regolatori di pH - Terra Aquatica","isPartOf":{"@id":"https:\/\/www.terraaquatica.com\/#website"},"primaryImageOfPage":{"@id":"https:\/\/www.terraaquatica.com\/it\/controllo-ph\/regul_ph-html-5#primaryimage"},"image":{"@id":"https:\/\/www.terraaquatica.com\/it\/controllo-ph\/regul_ph-html-5#primaryimage"},"thumbnailUrl":"https:\/\/www.terraaquatica.com\/wp-content\/uploads\/2020\/02\/ph-duo.jpg","datePublished":"2018-10-19T14:12:42+00:00","dateModified":"2023-09-19T14:57:18+00:00","breadcrumb":{"@id":"https:\/\/www.terraaquatica.com\/it\/controllo-ph\/regul_ph-html-5#breadcrumb"},"inLanguage":"it-IT","potentialAction":[{"@type":"ReadAction","target":["https:\/\/www.terraaquatica.com\/it\/controllo-ph\/regul_ph-html-5"]}]},{"@type":"ImageObject","inLanguage":"it-IT","@id":"https:\/\/www.terraaquatica.com\/it\/controllo-ph\/regul_ph-html-5#primaryimage","url":"https:\/\/www.terraaquatica.com\/wp-content\/uploads\/2020\/02\/ph-duo.jpg","contentUrl":"https:\/\/www.terraaquatica.com\/wp-content\/uploads\/2020\/02\/ph-duo.jpg","width":720,"height":720,"caption":"pH - - pH + 1L"},{"@type":"BreadcrumbList","@id":"https:\/\/www.terraaquatica.com\/it\/controllo-ph\/regul_ph-html-5#breadcrumb","itemListElement":[{"@type":"ListItem","position":1,"name":"Accueil","item":"https:\/\/www.terraaquatica.com\/it\/"},{"@type":"ListItem","position":2,"name":"Products","item":"https:\/\/www.terraaquatica.com\/it\/product\/"},{"@type":"ListItem","position":3,"name":"Regolatori di pH"}]},{"@type":"WebSite","@id":"https:\/\/www.terraaquatica.com\/#website","url":"https:\/\/www.terraaquatica.com\/","name":"Terra Aquatica","description":"Engrais et syst\u00e8mes de culture depuis 1995","publisher":{"@id":"https:\/\/www.terraaquatica.com\/#organization"},"potentialAction":[{"@type":"SearchAction","target":{"@type":"EntryPoint","urlTemplate":"https:\/\/www.terraaquatica.com\/?s={search_term_string}"},"query-input":{"@type":"PropertyValueSpecification","valueRequired":true,"valueName":"search_term_string"}}],"inLanguage":"it-IT"},{"@type":"Organization","@id":"https:\/\/www.terraaquatica.com\/#organization","name":"Terra Aquatica","url":"https:\/\/www.terraaquatica.com\/","logo":{"@type":"ImageObject","inLanguage":"it-IT","@id":"https:\/\/www.terraaquatica.com\/#\/schema\/logo\/image\/","url":"https:\/\/www.terraaquatica.com\/wp-content\/uploads\/2022\/03\/favicon-transpa-big.png","contentUrl":"https:\/\/www.terraaquatica.com\/wp-content\/uploads\/2022\/03\/favicon-transpa-big.png","width":512,"height":512,"caption":"Terra Aquatica"},"image":{"@id":"https:\/\/www.terraaquatica.com\/#\/schema\/logo\/image\/"}}]}},"_links":{"self":[{"href":"https:\/\/www.terraaquatica.com\/it\/wp-json\/wp\/v2\/product\/1950","targetHints":{"allow":["GET"]}}],"collection":[{"href":"https:\/\/www.terraaquatica.com\/it\/wp-json\/wp\/v2\/product"}],"about":[{"href":"https:\/\/www.terraaquatica.com\/it\/wp-json\/wp\/v2\/types\/product"}],"author":[{"embeddable":true,"href":"https:\/\/www.terraaquatica.com\/it\/wp-json\/wp\/v2\/users\/3"}],"wp:featuredmedia":[{"embeddable":true,"href":"https:\/\/www.terraaquatica.com\/it\/wp-json\/wp\/v2\/media\/1733"}],"wp:attachment":[{"href":"https:\/\/www.terraaquatica.com\/it\/wp-json\/wp\/v2\/media?parent=1950"}],"wp:term":[{"taxonomy":"m_thode_de_culture","embeddable":true,"href":"https:\/\/www.terraaquatica.com\/it\/wp-json\/wp\/v2\/m_thode_de_culture?post=1950"},{"taxonomy":"substrat","embeddable":true,"href":"https:\/\/www.terraaquatica.com\/it\/wp-json\/wp\/v2\/substrat?post=1950"},{"taxonomy":"product_category","embeddable":true,"href":"https:\/\/www.terraaquatica.com\/it\/wp-json\/wp\/v2\/product_category?post=1950"}],"curies":[{"name":"wp","href":"https:\/\/api.w.org\/{rel}","templated":true}]}}