{"id":1976,"date":"2018-10-29T15:37:13","date_gmt":"2018-10-29T14:37:13","guid":{"rendered":"https:\/\/www.terraaquatica.com\/produits\/waterfarm-html-5\/"},"modified":"2024-04-30T10:41:55","modified_gmt":"2024-04-30T08:41:55","slug":"cultimate-s-l-solar","status":"publish","type":"product","link":"https:\/\/www.terraaquatica.com\/it\/sistemi-idroponici\/cultimate-s-l-solar","title":{"rendered":"CultiMate\u00ae S, L &#038; Solar"},"content":{"rendered":"<p><em>La nostra unit\u00e0 domestica ORIGINALE. Spesso copiata, mai eguagliata.<\/em><\/p>\n<p>Creata pi\u00f9 di 30 anni fa in California dal fondatore di GH USA, Lawrence Brooke, ed \u00e8 ancora il nostro prodotto pi\u00f9 venduto, CultiMate\u00ae L ed il formato pi\u00f9 piccolo CultiMate\u00ae S hanno cresciuto centinaia di migliaia di sane, felici e spesso immense piante in tutto il mondo.<\/p>\n<p>CultiMate\u00ae S, L e Solar deve la sua longevit\u00e0 ed il suo successo al mix di performance e facilit\u00e0 d\u2019utilizzo. Veloce da montare in qualsiasi spazio, dalla serra alla cucina o balcone, CultiMate\u00ae S, L, Solar possono essere usati per coltivare piante decorative e culinarie di tutte le dimensioni, dal basilico ed altre erbe fino a piccoli alberi.<\/p>\n<p>Entrambi i sistemi funzionano sfruttando l\u2019aria per attrarre i nutrienti dalla cisterna, e lasciarli sgocciolare indietro attraverso argilla espansa e radici. Questo semplice ed affidabile design \u00e8 incredibilmente efficace nel consegnare una soluzione nutritiva perfettamente ossigenata alle piante &#8211; esattamente ci\u00f2 che \u00e8 necessario per una crescita e fioritura ottimale, ed il sistema in 2 parti ti offre un semplice accesso alla cisterna e all\u2019apparato radicale, il che pu\u00f2 essere difficile in molti sistemi.<\/p>\n<p>Adesso nella versione 3, che conta una serie di migliorie nel disegno dei suoi componenti, CultiMate\u00ae S, L e Solar :<\/p>\n<ul>\n<li>Sono roto modellati in Francia a partire da una plastica riciclata super resistente e duratura<\/li>\n<li>Proteggono le radici da luce e UV<\/li>\n<li>Sono versatili, adattabili ed estendibili<\/li>\n<li>Hanno un basso consumo energetico : meno di 2 Watt<\/li>\n<\/ul>\n<h6><strong>*La garanzia a vita copre unicamente motivi ragionevoli e si applica ai sistemi in plastica roto modellati prodotti in Francia da Terra Aquatica, escludendo gli elementi ausiliari, motori ecc.<\/strong><\/h6>\n\n\n<p class=\"has-normal-font-size\"><strong>Tutorial di montaggio<\/strong><\/p>\n\n\n\n<figure class=\"wp-block-embed is-type-video is-provider-youtube wp-block-embed-youtube wp-embed-aspect-16-9 wp-has-aspect-ratio\"><div class=\"wp-block-embed__wrapper\">\n<iframe title=\"Montage du syst\u00e8me hydroponique Cultimate de Terra Aquatica\" width=\"500\" height=\"281\" src=\"https:\/\/www.youtube.com\/embed\/vzqPRxoBgv8?feature=oembed\" frameborder=\"0\" allow=\"accelerometer; autoplay; clipboard-write; encrypted-media; gyroscope; picture-in-picture; web-share\" referrerpolicy=\"strict-origin-when-cross-origin\" allowfullscreen><\/iframe>\n<\/div><\/figure>\n","protected":false},"author":3,"template":"","meta":{"_acf_changed":false},"m_thode_de_culture":[31,32],"substrat":[],"product_category":[260],"class_list":["post-1976","product","type-product","status-publish","has-post-thumbnail","hentry","m_thode_de_culture-mineral-en","m_thode_de_culture-organic-en","product_category-sistemi-idroponici"],"acf":[],"yoast_head":"<!-- This site is optimized with the Yoast SEO plugin v27.3 - https:\/\/yoast.com\/product\/yoast-seo-wordpress\/ -->\n<title>CultiMate\u00ae S, L &amp; Solar - Terra Aquatica<\/title>\n<meta name=\"robots\" content=\"index, follow, max-snippet:-1, max-image-preview:large, max-video-preview:-1\" \/>\n<link rel=\"canonical\" href=\"https:\/\/www.terraaquatica.com\/it\/sistemi-idroponici\/cultimate-s-l-solar\/\" \/>\n<meta property=\"og:locale\" content=\"it_IT\" \/>\n<meta property=\"og:type\" content=\"article\" \/>\n<meta property=\"og:title\" content=\"CultiMate\u00ae S, L &amp; Solar - Terra Aquatica\" \/>\n<meta property=\"og:description\" content=\"La nostra unit\u00e0 domestica ORIGINALE. Spesso copiata, mai eguagliata. Creata pi\u00f9 di 30 anni fa in California dal fondatore di [&hellip;]\" \/>\n<meta property=\"og:url\" content=\"https:\/\/www.terraaquatica.com\/it\/sistemi-idroponici\/cultimate-s-l-solar\" \/>\n<meta property=\"og:site_name\" content=\"Terra Aquatica\" \/>\n<meta property=\"article:modified_time\" content=\"2024-04-30T08:41:55+00:00\" \/>\n<meta property=\"og:image\" content=\"https:\/\/www.terraaquatica.com\/wp-content\/uploads\/2017\/11\/aquafarm-2017_0.png\" \/>\n\t<meta property=\"og:image:width\" content=\"720\" \/>\n\t<meta property=\"og:image:height\" content=\"720\" \/>\n\t<meta property=\"og:image:type\" content=\"image\/png\" \/>\n<meta name=\"twitter:card\" content=\"summary_large_image\" \/>\n<meta name=\"twitter:label1\" content=\"Tempo di lettura stimato\" \/>\n\t<meta name=\"twitter:data1\" content=\"2 minuti\" \/>\n<script type=\"application\/ld+json\" class=\"yoast-schema-graph\">{\"@context\":\"https:\\\/\\\/schema.org\",\"@graph\":[{\"@type\":\"WebPage\",\"@id\":\"https:\\\/\\\/www.terraaquatica.com\\\/it\\\/sistemi-idroponici\\\/cultimate-s-l-solar\",\"url\":\"https:\\\/\\\/www.terraaquatica.com\\\/it\\\/sistemi-idroponici\\\/cultimate-s-l-solar\",\"name\":\"CultiMate\u00ae S, L & Solar - Terra Aquatica\",\"isPartOf\":{\"@id\":\"https:\\\/\\\/www.terraaquatica.com\\\/#website\"},\"primaryImageOfPage\":{\"@id\":\"https:\\\/\\\/www.terraaquatica.com\\\/it\\\/sistemi-idroponici\\\/cultimate-s-l-solar#primaryimage\"},\"image\":{\"@id\":\"https:\\\/\\\/www.terraaquatica.com\\\/it\\\/sistemi-idroponici\\\/cultimate-s-l-solar#primaryimage\"},\"thumbnailUrl\":\"https:\\\/\\\/www.terraaquatica.com\\\/wp-content\\\/uploads\\\/2017\\\/11\\\/aquafarm-2017_0.png\",\"datePublished\":\"2018-10-29T14:37:13+00:00\",\"dateModified\":\"2024-04-30T08:41:55+00:00\",\"breadcrumb\":{\"@id\":\"https:\\\/\\\/www.terraaquatica.com\\\/it\\\/sistemi-idroponici\\\/cultimate-s-l-solar#breadcrumb\"},\"inLanguage\":\"it-IT\",\"potentialAction\":[{\"@type\":\"ReadAction\",\"target\":[\"https:\\\/\\\/www.terraaquatica.com\\\/it\\\/sistemi-idroponici\\\/cultimate-s-l-solar\"]}]},{\"@type\":\"ImageObject\",\"inLanguage\":\"it-IT\",\"@id\":\"https:\\\/\\\/www.terraaquatica.com\\\/it\\\/sistemi-idroponici\\\/cultimate-s-l-solar#primaryimage\",\"url\":\"https:\\\/\\\/www.terraaquatica.com\\\/wp-content\\\/uploads\\\/2017\\\/11\\\/aquafarm-2017_0.png\",\"contentUrl\":\"https:\\\/\\\/www.terraaquatica.com\\\/wp-content\\\/uploads\\\/2017\\\/11\\\/aquafarm-2017_0.png\",\"width\":720,\"height\":720,\"caption\":\"AquaFarm\"},{\"@type\":\"BreadcrumbList\",\"@id\":\"https:\\\/\\\/www.terraaquatica.com\\\/it\\\/sistemi-idroponici\\\/cultimate-s-l-solar#breadcrumb\",\"itemListElement\":[{\"@type\":\"ListItem\",\"position\":1,\"name\":\"Accueil\",\"item\":\"https:\\\/\\\/www.terraaquatica.com\\\/it\\\/\"},{\"@type\":\"ListItem\",\"position\":2,\"name\":\"Products\",\"item\":\"https:\\\/\\\/www.terraaquatica.com\\\/it\\\/product\\\/\"},{\"@type\":\"ListItem\",\"position\":3,\"name\":\"CultiMate\u00ae S, L &#038; Solar\"}]},{\"@type\":\"WebSite\",\"@id\":\"https:\\\/\\\/www.terraaquatica.com\\\/#website\",\"url\":\"https:\\\/\\\/www.terraaquatica.com\\\/\",\"name\":\"Terra Aquatica\",\"description\":\"Engrais et syst\u00e8mes de culture depuis 1995\",\"publisher\":{\"@id\":\"https:\\\/\\\/www.terraaquatica.com\\\/#organization\"},\"potentialAction\":[{\"@type\":\"SearchAction\",\"target\":{\"@type\":\"EntryPoint\",\"urlTemplate\":\"https:\\\/\\\/www.terraaquatica.com\\\/?s={search_term_string}\"},\"query-input\":{\"@type\":\"PropertyValueSpecification\",\"valueRequired\":true,\"valueName\":\"search_term_string\"}}],\"inLanguage\":\"it-IT\"},{\"@type\":\"Organization\",\"@id\":\"https:\\\/\\\/www.terraaquatica.com\\\/#organization\",\"name\":\"Terra Aquatica\",\"url\":\"https:\\\/\\\/www.terraaquatica.com\\\/\",\"logo\":{\"@type\":\"ImageObject\",\"inLanguage\":\"it-IT\",\"@id\":\"https:\\\/\\\/www.terraaquatica.com\\\/#\\\/schema\\\/logo\\\/image\\\/\",\"url\":\"https:\\\/\\\/www.terraaquatica.com\\\/wp-content\\\/uploads\\\/2022\\\/03\\\/favicon-transpa-big.png\",\"contentUrl\":\"https:\\\/\\\/www.terraaquatica.com\\\/wp-content\\\/uploads\\\/2022\\\/03\\\/favicon-transpa-big.png\",\"width\":512,\"height\":512,\"caption\":\"Terra Aquatica\"},\"image\":{\"@id\":\"https:\\\/\\\/www.terraaquatica.com\\\/#\\\/schema\\\/logo\\\/image\\\/\"}}]}<\/script>\n<!-- \/ Yoast SEO plugin. -->","yoast_head_json":{"title":"CultiMate\u00ae S, L & Solar - Terra Aquatica","robots":{"index":"index","follow":"follow","max-snippet":"max-snippet:-1","max-image-preview":"max-image-preview:large","max-video-preview":"max-video-preview:-1"},"canonical":"https:\/\/www.terraaquatica.com\/it\/sistemi-idroponici\/cultimate-s-l-solar\/","og_locale":"it_IT","og_type":"article","og_title":"CultiMate\u00ae S, L & Solar - Terra Aquatica","og_description":"La nostra unit\u00e0 domestica ORIGINALE. Spesso copiata, mai eguagliata. Creata pi\u00f9 di 30 anni fa in California dal fondatore di [&hellip;]","og_url":"https:\/\/www.terraaquatica.com\/it\/sistemi-idroponici\/cultimate-s-l-solar","og_site_name":"Terra Aquatica","article_modified_time":"2024-04-30T08:41:55+00:00","og_image":[{"width":720,"height":720,"url":"https:\/\/www.terraaquatica.com\/wp-content\/uploads\/2017\/11\/aquafarm-2017_0.png","type":"image\/png"}],"twitter_card":"summary_large_image","twitter_misc":{"Tempo di lettura stimato":"2 minuti"},"schema":{"@context":"https:\/\/schema.org","@graph":[{"@type":"WebPage","@id":"https:\/\/www.terraaquatica.com\/it\/sistemi-idroponici\/cultimate-s-l-solar","url":"https:\/\/www.terraaquatica.com\/it\/sistemi-idroponici\/cultimate-s-l-solar","name":"CultiMate\u00ae S, L & Solar - Terra Aquatica","isPartOf":{"@id":"https:\/\/www.terraaquatica.com\/#website"},"primaryImageOfPage":{"@id":"https:\/\/www.terraaquatica.com\/it\/sistemi-idroponici\/cultimate-s-l-solar#primaryimage"},"image":{"@id":"https:\/\/www.terraaquatica.com\/it\/sistemi-idroponici\/cultimate-s-l-solar#primaryimage"},"thumbnailUrl":"https:\/\/www.terraaquatica.com\/wp-content\/uploads\/2017\/11\/aquafarm-2017_0.png","datePublished":"2018-10-29T14:37:13+00:00","dateModified":"2024-04-30T08:41:55+00:00","breadcrumb":{"@id":"https:\/\/www.terraaquatica.com\/it\/sistemi-idroponici\/cultimate-s-l-solar#breadcrumb"},"inLanguage":"it-IT","potentialAction":[{"@type":"ReadAction","target":["https:\/\/www.terraaquatica.com\/it\/sistemi-idroponici\/cultimate-s-l-solar"]}]},{"@type":"ImageObject","inLanguage":"it-IT","@id":"https:\/\/www.terraaquatica.com\/it\/sistemi-idroponici\/cultimate-s-l-solar#primaryimage","url":"https:\/\/www.terraaquatica.com\/wp-content\/uploads\/2017\/11\/aquafarm-2017_0.png","contentUrl":"https:\/\/www.terraaquatica.com\/wp-content\/uploads\/2017\/11\/aquafarm-2017_0.png","width":720,"height":720,"caption":"AquaFarm"},{"@type":"BreadcrumbList","@id":"https:\/\/www.terraaquatica.com\/it\/sistemi-idroponici\/cultimate-s-l-solar#breadcrumb","itemListElement":[{"@type":"ListItem","position":1,"name":"Accueil","item":"https:\/\/www.terraaquatica.com\/it\/"},{"@type":"ListItem","position":2,"name":"Products","item":"https:\/\/www.terraaquatica.com\/it\/product\/"},{"@type":"ListItem","position":3,"name":"CultiMate\u00ae S, L &#038; Solar"}]},{"@type":"WebSite","@id":"https:\/\/www.terraaquatica.com\/#website","url":"https:\/\/www.terraaquatica.com\/","name":"Terra Aquatica","description":"Engrais et syst\u00e8mes de culture depuis 1995","publisher":{"@id":"https:\/\/www.terraaquatica.com\/#organization"},"potentialAction":[{"@type":"SearchAction","target":{"@type":"EntryPoint","urlTemplate":"https:\/\/www.terraaquatica.com\/?s={search_term_string}"},"query-input":{"@type":"PropertyValueSpecification","valueRequired":true,"valueName":"search_term_string"}}],"inLanguage":"it-IT"},{"@type":"Organization","@id":"https:\/\/www.terraaquatica.com\/#organization","name":"Terra Aquatica","url":"https:\/\/www.terraaquatica.com\/","logo":{"@type":"ImageObject","inLanguage":"it-IT","@id":"https:\/\/www.terraaquatica.com\/#\/schema\/logo\/image\/","url":"https:\/\/www.terraaquatica.com\/wp-content\/uploads\/2022\/03\/favicon-transpa-big.png","contentUrl":"https:\/\/www.terraaquatica.com\/wp-content\/uploads\/2022\/03\/favicon-transpa-big.png","width":512,"height":512,"caption":"Terra Aquatica"},"image":{"@id":"https:\/\/www.terraaquatica.com\/#\/schema\/logo\/image\/"}}]}},"_links":{"self":[{"href":"https:\/\/www.terraaquatica.com\/it\/wp-json\/wp\/v2\/product\/1976","targetHints":{"allow":["GET"]}}],"collection":[{"href":"https:\/\/www.terraaquatica.com\/it\/wp-json\/wp\/v2\/product"}],"about":[{"href":"https:\/\/www.terraaquatica.com\/it\/wp-json\/wp\/v2\/types\/product"}],"author":[{"embeddable":true,"href":"https:\/\/www.terraaquatica.com\/it\/wp-json\/wp\/v2\/users\/3"}],"wp:featuredmedia":[{"embeddable":true,"href":"https:\/\/www.terraaquatica.com\/it\/wp-json\/wp\/v2\/media\/1744"}],"wp:attachment":[{"href":"https:\/\/www.terraaquatica.com\/it\/wp-json\/wp\/v2\/media?parent=1976"}],"wp:term":[{"taxonomy":"m_thode_de_culture","embeddable":true,"href":"https:\/\/www.terraaquatica.com\/it\/wp-json\/wp\/v2\/m_thode_de_culture?post=1976"},{"taxonomy":"substrat","embeddable":true,"href":"https:\/\/www.terraaquatica.com\/it\/wp-json\/wp\/v2\/substrat?post=1976"},{"taxonomy":"product_category","embeddable":true,"href":"https:\/\/www.terraaquatica.com\/it\/wp-json\/wp\/v2\/product_category?post=1976"}],"curies":[{"name":"wp","href":"https:\/\/api.w.org\/{rel}","templated":true}]}}