{"id":1991,"date":"2018-10-29T16:32:12","date_gmt":"2018-10-29T15:32:12","guid":{"rendered":"https:\/\/www.terraaquatica.com\/produits\/ebb-html-5\/"},"modified":"2024-05-07T08:58:38","modified_gmt":"2024-05-07T06:58:38","slug":"ebb-html-5","status":"publish","type":"product","link":"https:\/\/www.terraaquatica.com\/it\/sistemi-idroponici\/ebb-html-5","title":{"rendered":"EBB&#038;GROW\u00ae"},"content":{"rendered":"<p><em>Perfetto per balconi, piccoli giardini ed uso interno, l\u2019Ebb&amp;Grow ti permette di coltivare le tue piante in vaso, senza canaline o cavi, ma con in aggiunta i vantaggi dell\u2019idroponica.<\/em><\/p>\n<ul>\n<li>Serbatoio da 100 L<\/li>\n<li>Struttura super resistente<\/li>\n<li>Consuma solo 6.5 Watts<\/li>\n<li>Coltiva in qualsiasi vaso con cocco, argilla espansa o terra<\/li>\n<li>Produci di pi\u00f9, pi\u00f9 semplicemente, senza cavi, tubi e sistemi complicati<\/li>\n<\/ul>\n<p>Vuoi coltivare erbe aromatiche e verdure a casa, scuola o lavoro? Il sistema Ebb&amp;Grow ti permette di usare qualsiasi vaso tu voglia, in praticamente qualsiasi substrato (anche se raccomandiamo Coco Fiber con perlite), e spostare le piante a volont\u00e0. Volete mettere le erbe davanti e i pomodori e i peperoncini dietro? Nessun problema. Solo insalate questo mese e fiori da tagliare la prossima volta? Naturalmente!\u00a0Tutti i nostri sistemi idroponici sono flessibili, ma l\u2019Ebb&amp;Grow\u00a0 \u00e8 veramente il sistema pi\u00f9 adattabile che abbiamo mai prodotto, e nessun rischio di perdite o straripamenti, semplice da smontare e lavare, pu\u00f2 essere usato ovunque sia disponibile lo spazio.<\/p>\n<p>Il sistema Terra Aquatica Ebb&amp;Grow \u00e8 un modello di \u201cebb and flood\u201d : un semplice timer (non incluso) regola una pompa che manda ad intermittenza la soluzione nutritiva sopra nel piano di coltivazione, dove espelle l\u2019aria proveniente dalle radici delle tue piante, le innaffia e nutre, quindi porta aria fresca nell\u2019acqua che torna a scendere nel serbatoio.<\/p>\n<p>Questo sistema pu\u00f2 contenere fino a 32 vasi di plastica da 15 cm, 21 da 1 gallone (3.75 L) vasi di tela, oppure quanti vasi pi\u00f9 grandi puoi inserire in 95 x 95 cm di superficie coltivabile, ed un\u2019altezza di soli 36 cm, i soffitti bassi non sono un problema.<\/p>\n<p>Prodotto con la stessa plastica riciclata anti UV ultra duratura come tutti i sistemi Terra Aquatica, le parti modellate in plastica dell\u2019Ebb&amp;Grow sono garantite a vita* &#8211; unico nell\u2019industria idroponica.<\/p>\n<p><span style=\"font-size: 9px;\">*La garanzia a vita copre unicamente motivi ragionevoli e si applica ai sistemi in plastica roto modellati prodotti in Francia da Terra Aquatica, escludendo gli elementi ausiliari, motori ecc.<\/span><\/p>\n\n\n<p class=\"has-normal-font-size\"><strong>Istruzioni di montaggio<\/strong><\/p>\n\n\n\n<figure class=\"wp-block-embed is-type-video is-provider-youtube wp-block-embed-youtube wp-embed-aspect-16-9 wp-has-aspect-ratio\"><div class=\"wp-block-embed__wrapper\">\n<iframe title=\"Montage du Ebb &amp; Grow \u00ae Terra Aquatica\" width=\"500\" height=\"281\" src=\"https:\/\/www.youtube.com\/embed\/YfOZQcM7s0M?feature=oembed\" frameborder=\"0\" allow=\"accelerometer; autoplay; clipboard-write; encrypted-media; gyroscope; picture-in-picture; web-share\" referrerpolicy=\"strict-origin-when-cross-origin\" allowfullscreen><\/iframe>\n<\/div><\/figure>\n","protected":false},"author":3,"template":"","meta":{"_acf_changed":false},"m_thode_de_culture":[31,32],"substrat":[],"product_category":[260],"class_list":["post-1991","product","type-product","status-publish","has-post-thumbnail","hentry","m_thode_de_culture-mineral-en","m_thode_de_culture-organic-en","product_category-sistemi-idroponici"],"acf":[],"yoast_head":"<!-- This site is optimized with the Yoast SEO plugin v27.3 - https:\/\/yoast.com\/product\/yoast-seo-wordpress\/ -->\n<title>EBB&amp;GROW\u00ae - Terra Aquatica<\/title>\n<meta name=\"robots\" content=\"index, follow, max-snippet:-1, max-image-preview:large, max-video-preview:-1\" \/>\n<link rel=\"canonical\" href=\"https:\/\/www.terraaquatica.com\/it\/sistemi-idroponici\/ebb-html-5\/\" \/>\n<meta property=\"og:locale\" content=\"it_IT\" \/>\n<meta property=\"og:type\" content=\"article\" \/>\n<meta property=\"og:title\" content=\"EBB&amp;GROW\u00ae - Terra Aquatica\" \/>\n<meta property=\"og:description\" content=\"Perfetto per balconi, piccoli giardini ed uso interno, l\u2019Ebb&amp;Grow ti permette di coltivare le tue piante in vaso, senza canaline [&hellip;]\" \/>\n<meta property=\"og:url\" content=\"https:\/\/www.terraaquatica.com\/it\/sistemi-idroponici\/ebb-html-5\" \/>\n<meta property=\"og:site_name\" content=\"Terra Aquatica\" \/>\n<meta property=\"article:modified_time\" content=\"2024-05-07T06:58:38+00:00\" \/>\n<meta property=\"og:image\" content=\"https:\/\/www.terraaquatica.com\/wp-content\/uploads\/2017\/11\/ebbgrow_0.png\" \/>\n\t<meta property=\"og:image:width\" content=\"720\" \/>\n\t<meta property=\"og:image:height\" content=\"720\" \/>\n\t<meta property=\"og:image:type\" content=\"image\/png\" \/>\n<meta name=\"twitter:card\" content=\"summary_large_image\" \/>\n<meta name=\"twitter:label1\" content=\"Tempo di lettura stimato\" \/>\n\t<meta name=\"twitter:data1\" content=\"2 minuti\" \/>\n<script type=\"application\/ld+json\" class=\"yoast-schema-graph\">{\"@context\":\"https:\\\/\\\/schema.org\",\"@graph\":[{\"@type\":\"WebPage\",\"@id\":\"https:\\\/\\\/www.terraaquatica.com\\\/it\\\/sistemi-idroponici\\\/ebb-html-5\",\"url\":\"https:\\\/\\\/www.terraaquatica.com\\\/it\\\/sistemi-idroponici\\\/ebb-html-5\",\"name\":\"EBB&GROW\u00ae - Terra Aquatica\",\"isPartOf\":{\"@id\":\"https:\\\/\\\/www.terraaquatica.com\\\/#website\"},\"primaryImageOfPage\":{\"@id\":\"https:\\\/\\\/www.terraaquatica.com\\\/it\\\/sistemi-idroponici\\\/ebb-html-5#primaryimage\"},\"image\":{\"@id\":\"https:\\\/\\\/www.terraaquatica.com\\\/it\\\/sistemi-idroponici\\\/ebb-html-5#primaryimage\"},\"thumbnailUrl\":\"https:\\\/\\\/www.terraaquatica.com\\\/wp-content\\\/uploads\\\/2017\\\/11\\\/ebbgrow_0.png\",\"datePublished\":\"2018-10-29T15:32:12+00:00\",\"dateModified\":\"2024-05-07T06:58:38+00:00\",\"breadcrumb\":{\"@id\":\"https:\\\/\\\/www.terraaquatica.com\\\/it\\\/sistemi-idroponici\\\/ebb-html-5#breadcrumb\"},\"inLanguage\":\"it-IT\",\"potentialAction\":[{\"@type\":\"ReadAction\",\"target\":[\"https:\\\/\\\/www.terraaquatica.com\\\/it\\\/sistemi-idroponici\\\/ebb-html-5\"]}]},{\"@type\":\"ImageObject\",\"inLanguage\":\"it-IT\",\"@id\":\"https:\\\/\\\/www.terraaquatica.com\\\/it\\\/sistemi-idroponici\\\/ebb-html-5#primaryimage\",\"url\":\"https:\\\/\\\/www.terraaquatica.com\\\/wp-content\\\/uploads\\\/2017\\\/11\\\/ebbgrow_0.png\",\"contentUrl\":\"https:\\\/\\\/www.terraaquatica.com\\\/wp-content\\\/uploads\\\/2017\\\/11\\\/ebbgrow_0.png\",\"width\":720,\"height\":720,\"caption\":\"Ebb&Grow\"},{\"@type\":\"BreadcrumbList\",\"@id\":\"https:\\\/\\\/www.terraaquatica.com\\\/it\\\/sistemi-idroponici\\\/ebb-html-5#breadcrumb\",\"itemListElement\":[{\"@type\":\"ListItem\",\"position\":1,\"name\":\"Accueil\",\"item\":\"https:\\\/\\\/www.terraaquatica.com\\\/it\\\/\"},{\"@type\":\"ListItem\",\"position\":2,\"name\":\"Products\",\"item\":\"https:\\\/\\\/www.terraaquatica.com\\\/it\\\/product\\\/\"},{\"@type\":\"ListItem\",\"position\":3,\"name\":\"EBB&#038;GROW\u00ae\"}]},{\"@type\":\"WebSite\",\"@id\":\"https:\\\/\\\/www.terraaquatica.com\\\/#website\",\"url\":\"https:\\\/\\\/www.terraaquatica.com\\\/\",\"name\":\"Terra Aquatica\",\"description\":\"Engrais et syst\u00e8mes de culture depuis 1995\",\"publisher\":{\"@id\":\"https:\\\/\\\/www.terraaquatica.com\\\/#organization\"},\"potentialAction\":[{\"@type\":\"SearchAction\",\"target\":{\"@type\":\"EntryPoint\",\"urlTemplate\":\"https:\\\/\\\/www.terraaquatica.com\\\/?s={search_term_string}\"},\"query-input\":{\"@type\":\"PropertyValueSpecification\",\"valueRequired\":true,\"valueName\":\"search_term_string\"}}],\"inLanguage\":\"it-IT\"},{\"@type\":\"Organization\",\"@id\":\"https:\\\/\\\/www.terraaquatica.com\\\/#organization\",\"name\":\"Terra Aquatica\",\"url\":\"https:\\\/\\\/www.terraaquatica.com\\\/\",\"logo\":{\"@type\":\"ImageObject\",\"inLanguage\":\"it-IT\",\"@id\":\"https:\\\/\\\/www.terraaquatica.com\\\/#\\\/schema\\\/logo\\\/image\\\/\",\"url\":\"https:\\\/\\\/www.terraaquatica.com\\\/wp-content\\\/uploads\\\/2022\\\/03\\\/favicon-transpa-big.png\",\"contentUrl\":\"https:\\\/\\\/www.terraaquatica.com\\\/wp-content\\\/uploads\\\/2022\\\/03\\\/favicon-transpa-big.png\",\"width\":512,\"height\":512,\"caption\":\"Terra Aquatica\"},\"image\":{\"@id\":\"https:\\\/\\\/www.terraaquatica.com\\\/#\\\/schema\\\/logo\\\/image\\\/\"}}]}<\/script>\n<!-- \/ Yoast SEO plugin. -->","yoast_head_json":{"title":"EBB&GROW\u00ae - Terra Aquatica","robots":{"index":"index","follow":"follow","max-snippet":"max-snippet:-1","max-image-preview":"max-image-preview:large","max-video-preview":"max-video-preview:-1"},"canonical":"https:\/\/www.terraaquatica.com\/it\/sistemi-idroponici\/ebb-html-5\/","og_locale":"it_IT","og_type":"article","og_title":"EBB&GROW\u00ae - Terra Aquatica","og_description":"Perfetto per balconi, piccoli giardini ed uso interno, l\u2019Ebb&amp;Grow ti permette di coltivare le tue piante in vaso, senza canaline [&hellip;]","og_url":"https:\/\/www.terraaquatica.com\/it\/sistemi-idroponici\/ebb-html-5","og_site_name":"Terra Aquatica","article_modified_time":"2024-05-07T06:58:38+00:00","og_image":[{"width":720,"height":720,"url":"https:\/\/www.terraaquatica.com\/wp-content\/uploads\/2017\/11\/ebbgrow_0.png","type":"image\/png"}],"twitter_card":"summary_large_image","twitter_misc":{"Tempo di lettura stimato":"2 minuti"},"schema":{"@context":"https:\/\/schema.org","@graph":[{"@type":"WebPage","@id":"https:\/\/www.terraaquatica.com\/it\/sistemi-idroponici\/ebb-html-5","url":"https:\/\/www.terraaquatica.com\/it\/sistemi-idroponici\/ebb-html-5","name":"EBB&GROW\u00ae - Terra Aquatica","isPartOf":{"@id":"https:\/\/www.terraaquatica.com\/#website"},"primaryImageOfPage":{"@id":"https:\/\/www.terraaquatica.com\/it\/sistemi-idroponici\/ebb-html-5#primaryimage"},"image":{"@id":"https:\/\/www.terraaquatica.com\/it\/sistemi-idroponici\/ebb-html-5#primaryimage"},"thumbnailUrl":"https:\/\/www.terraaquatica.com\/wp-content\/uploads\/2017\/11\/ebbgrow_0.png","datePublished":"2018-10-29T15:32:12+00:00","dateModified":"2024-05-07T06:58:38+00:00","breadcrumb":{"@id":"https:\/\/www.terraaquatica.com\/it\/sistemi-idroponici\/ebb-html-5#breadcrumb"},"inLanguage":"it-IT","potentialAction":[{"@type":"ReadAction","target":["https:\/\/www.terraaquatica.com\/it\/sistemi-idroponici\/ebb-html-5"]}]},{"@type":"ImageObject","inLanguage":"it-IT","@id":"https:\/\/www.terraaquatica.com\/it\/sistemi-idroponici\/ebb-html-5#primaryimage","url":"https:\/\/www.terraaquatica.com\/wp-content\/uploads\/2017\/11\/ebbgrow_0.png","contentUrl":"https:\/\/www.terraaquatica.com\/wp-content\/uploads\/2017\/11\/ebbgrow_0.png","width":720,"height":720,"caption":"Ebb&Grow"},{"@type":"BreadcrumbList","@id":"https:\/\/www.terraaquatica.com\/it\/sistemi-idroponici\/ebb-html-5#breadcrumb","itemListElement":[{"@type":"ListItem","position":1,"name":"Accueil","item":"https:\/\/www.terraaquatica.com\/it\/"},{"@type":"ListItem","position":2,"name":"Products","item":"https:\/\/www.terraaquatica.com\/it\/product\/"},{"@type":"ListItem","position":3,"name":"EBB&#038;GROW\u00ae"}]},{"@type":"WebSite","@id":"https:\/\/www.terraaquatica.com\/#website","url":"https:\/\/www.terraaquatica.com\/","name":"Terra Aquatica","description":"Engrais et syst\u00e8mes de culture depuis 1995","publisher":{"@id":"https:\/\/www.terraaquatica.com\/#organization"},"potentialAction":[{"@type":"SearchAction","target":{"@type":"EntryPoint","urlTemplate":"https:\/\/www.terraaquatica.com\/?s={search_term_string}"},"query-input":{"@type":"PropertyValueSpecification","valueRequired":true,"valueName":"search_term_string"}}],"inLanguage":"it-IT"},{"@type":"Organization","@id":"https:\/\/www.terraaquatica.com\/#organization","name":"Terra Aquatica","url":"https:\/\/www.terraaquatica.com\/","logo":{"@type":"ImageObject","inLanguage":"it-IT","@id":"https:\/\/www.terraaquatica.com\/#\/schema\/logo\/image\/","url":"https:\/\/www.terraaquatica.com\/wp-content\/uploads\/2022\/03\/favicon-transpa-big.png","contentUrl":"https:\/\/www.terraaquatica.com\/wp-content\/uploads\/2022\/03\/favicon-transpa-big.png","width":512,"height":512,"caption":"Terra Aquatica"},"image":{"@id":"https:\/\/www.terraaquatica.com\/#\/schema\/logo\/image\/"}}]}},"_links":{"self":[{"href":"https:\/\/www.terraaquatica.com\/it\/wp-json\/wp\/v2\/product\/1991","targetHints":{"allow":["GET"]}}],"collection":[{"href":"https:\/\/www.terraaquatica.com\/it\/wp-json\/wp\/v2\/product"}],"about":[{"href":"https:\/\/www.terraaquatica.com\/it\/wp-json\/wp\/v2\/types\/product"}],"author":[{"embeddable":true,"href":"https:\/\/www.terraaquatica.com\/it\/wp-json\/wp\/v2\/users\/3"}],"wp:featuredmedia":[{"embeddable":true,"href":"https:\/\/www.terraaquatica.com\/it\/wp-json\/wp\/v2\/media\/1635"}],"wp:attachment":[{"href":"https:\/\/www.terraaquatica.com\/it\/wp-json\/wp\/v2\/media?parent=1991"}],"wp:term":[{"taxonomy":"m_thode_de_culture","embeddable":true,"href":"https:\/\/www.terraaquatica.com\/it\/wp-json\/wp\/v2\/m_thode_de_culture?post=1991"},{"taxonomy":"substrat","embeddable":true,"href":"https:\/\/www.terraaquatica.com\/it\/wp-json\/wp\/v2\/substrat?post=1991"},{"taxonomy":"product_category","embeddable":true,"href":"https:\/\/www.terraaquatica.com\/it\/wp-json\/wp\/v2\/product_category?post=1991"}],"curies":[{"name":"wp","href":"https:\/\/api.w.org\/{rel}","templated":true}]}}