{"id":2018,"date":"2018-12-12T08:27:03","date_gmt":"2018-12-12T07:27:03","guid":{"rendered":"https:\/\/www.terraaquatica.com\/produits\/silicate-5\/"},"modified":"2024-10-17T17:04:43","modified_gmt":"2024-10-17T15:04:43","slug":"silicate-5","status":"publish","type":"product","link":"https:\/\/www.terraaquatica.com\/it\/biostimolanti-organici-universali\/silicate-5","title":{"rendered":"Silicate"},"content":{"rendered":"<p>Il silicato \u00e8 un elemento molto importante per la salute delle piante pi\u00f9 sviluppate, soprattutto se coltivate in sola acqua. Il nuovo Silicate a pH neutro \u00e8 composto da sostanza organica, sottoposta a un lungo processo biologico di trasformazione, e da argilla naturale contenente acido silicico.<\/p>\n<p>I colloidi naturali di Silicate potenziano la capacit\u00e0 di scambio cationico all\u2019interno della soluzione nutriva, aumentando cos\u00ec la disponibilit\u00e0 di nutrienti per le piante.<\/p>\n<p>Silicate stabilizza il pH e la conducibilit\u00e0 elettrica della soluzione nutritiva, riducendo lo stress delle piante a crescita rapida.<\/p>\n<p>Silicate, inoltre, protegge le piante dagli effetti tossici dei metalli.<\/p>\n<p>Non meno importante, Silicate contiene pi\u00f9 di 60 minerali che arricchiscono le sostanze nutritive per una crescita rigogliosa delle piante.<\/p>\n<p>Il nuovo Silicate \u00e8 prodotto \u2013 come il vecchio \u2013 a partire da antichi depositi di sostanza organica ma aggiunge alcuni vantaggi :<\/p>\n<ul>\n<li>un maggiore contenuto di silicato<\/li>\n<li>particelle pi\u00f9 piccole per un migliore assorbimento<\/li>\n<li>pi\u00f9 carbonati per un pH pi\u00f9 stabile<\/li>\n<li>offre calcio alla pianta<\/li>\n<\/ul>\n","protected":false},"author":3,"template":"","meta":{"_acf_changed":true},"m_thode_de_culture":[31,32],"substrat":[302,299,300,301,303],"product_category":[257],"class_list":["post-2018","product","type-product","status-publish","has-post-thumbnail","hentry","m_thode_de_culture-mineral-en","m_thode_de_culture-organic-en","substrat-bioponics","substrat-coco","substrat-hydro","substrat-soil","substrat-spray","product_category-biostimolanti-organici-universali"],"acf":[],"yoast_head":"<!-- This site is optimized with the Yoast SEO plugin v27.3 - https:\/\/yoast.com\/product\/yoast-seo-wordpress\/ -->\n<title>Silicate - Terra Aquatica<\/title>\n<meta name=\"robots\" content=\"index, follow, max-snippet:-1, max-image-preview:large, max-video-preview:-1\" \/>\n<link rel=\"canonical\" href=\"https:\/\/www.terraaquatica.com\/it\/biostimolanti-organici-universali\/silicate-5\/\" \/>\n<meta property=\"og:locale\" content=\"it_IT\" \/>\n<meta property=\"og:type\" content=\"article\" \/>\n<meta property=\"og:title\" content=\"Silicate - Terra Aquatica\" \/>\n<meta property=\"og:description\" content=\"Il silicato \u00e8 un elemento molto importante per la salute delle piante pi\u00f9 sviluppate, soprattutto se coltivate in sola acqua. [&hellip;]\" \/>\n<meta property=\"og:url\" content=\"https:\/\/www.terraaquatica.com\/it\/biostimolanti-organici-universali\/silicate-5\" \/>\n<meta property=\"og:site_name\" content=\"Terra Aquatica\" \/>\n<meta property=\"article:modified_time\" content=\"2024-10-17T15:04:43+00:00\" \/>\n<meta property=\"og:image\" content=\"https:\/\/www.terraaquatica.com\/wp-content\/uploads\/2019\/03\/silicate-1l.jpg\" \/>\n\t<meta property=\"og:image:width\" content=\"720\" \/>\n\t<meta property=\"og:image:height\" content=\"720\" \/>\n\t<meta property=\"og:image:type\" content=\"image\/jpeg\" \/>\n<meta name=\"twitter:card\" content=\"summary_large_image\" \/>\n<meta name=\"twitter:label1\" content=\"Tempo di lettura stimato\" \/>\n\t<meta name=\"twitter:data1\" content=\"1 minuto\" \/>\n<script type=\"application\/ld+json\" class=\"yoast-schema-graph\">{\"@context\":\"https:\\\/\\\/schema.org\",\"@graph\":[{\"@type\":\"WebPage\",\"@id\":\"https:\\\/\\\/www.terraaquatica.com\\\/it\\\/biostimolanti-organici-universali\\\/silicate-5\",\"url\":\"https:\\\/\\\/www.terraaquatica.com\\\/it\\\/biostimolanti-organici-universali\\\/silicate-5\",\"name\":\"Silicate - Terra Aquatica\",\"isPartOf\":{\"@id\":\"https:\\\/\\\/www.terraaquatica.com\\\/#website\"},\"primaryImageOfPage\":{\"@id\":\"https:\\\/\\\/www.terraaquatica.com\\\/it\\\/biostimolanti-organici-universali\\\/silicate-5#primaryimage\"},\"image\":{\"@id\":\"https:\\\/\\\/www.terraaquatica.com\\\/it\\\/biostimolanti-organici-universali\\\/silicate-5#primaryimage\"},\"thumbnailUrl\":\"https:\\\/\\\/www.terraaquatica.com\\\/wp-content\\\/uploads\\\/2019\\\/03\\\/silicate-1l.jpg\",\"datePublished\":\"2018-12-12T07:27:03+00:00\",\"dateModified\":\"2024-10-17T15:04:43+00:00\",\"breadcrumb\":{\"@id\":\"https:\\\/\\\/www.terraaquatica.com\\\/it\\\/biostimolanti-organici-universali\\\/silicate-5#breadcrumb\"},\"inLanguage\":\"it-IT\",\"potentialAction\":[{\"@type\":\"ReadAction\",\"target\":[\"https:\\\/\\\/www.terraaquatica.com\\\/it\\\/biostimolanti-organici-universali\\\/silicate-5\"]}]},{\"@type\":\"ImageObject\",\"inLanguage\":\"it-IT\",\"@id\":\"https:\\\/\\\/www.terraaquatica.com\\\/it\\\/biostimolanti-organici-universali\\\/silicate-5#primaryimage\",\"url\":\"https:\\\/\\\/www.terraaquatica.com\\\/wp-content\\\/uploads\\\/2019\\\/03\\\/silicate-1l.jpg\",\"contentUrl\":\"https:\\\/\\\/www.terraaquatica.com\\\/wp-content\\\/uploads\\\/2019\\\/03\\\/silicate-1l.jpg\",\"width\":720,\"height\":720,\"caption\":\"Silicate\"},{\"@type\":\"BreadcrumbList\",\"@id\":\"https:\\\/\\\/www.terraaquatica.com\\\/it\\\/biostimolanti-organici-universali\\\/silicate-5#breadcrumb\",\"itemListElement\":[{\"@type\":\"ListItem\",\"position\":1,\"name\":\"Accueil\",\"item\":\"https:\\\/\\\/www.terraaquatica.com\\\/it\\\/\"},{\"@type\":\"ListItem\",\"position\":2,\"name\":\"Products\",\"item\":\"https:\\\/\\\/www.terraaquatica.com\\\/it\\\/product\\\/\"},{\"@type\":\"ListItem\",\"position\":3,\"name\":\"Silicate\"}]},{\"@type\":\"WebSite\",\"@id\":\"https:\\\/\\\/www.terraaquatica.com\\\/#website\",\"url\":\"https:\\\/\\\/www.terraaquatica.com\\\/\",\"name\":\"Terra Aquatica\",\"description\":\"Engrais et syst\u00e8mes de culture depuis 1995\",\"publisher\":{\"@id\":\"https:\\\/\\\/www.terraaquatica.com\\\/#organization\"},\"potentialAction\":[{\"@type\":\"SearchAction\",\"target\":{\"@type\":\"EntryPoint\",\"urlTemplate\":\"https:\\\/\\\/www.terraaquatica.com\\\/?s={search_term_string}\"},\"query-input\":{\"@type\":\"PropertyValueSpecification\",\"valueRequired\":true,\"valueName\":\"search_term_string\"}}],\"inLanguage\":\"it-IT\"},{\"@type\":\"Organization\",\"@id\":\"https:\\\/\\\/www.terraaquatica.com\\\/#organization\",\"name\":\"Terra Aquatica\",\"url\":\"https:\\\/\\\/www.terraaquatica.com\\\/\",\"logo\":{\"@type\":\"ImageObject\",\"inLanguage\":\"it-IT\",\"@id\":\"https:\\\/\\\/www.terraaquatica.com\\\/#\\\/schema\\\/logo\\\/image\\\/\",\"url\":\"https:\\\/\\\/www.terraaquatica.com\\\/wp-content\\\/uploads\\\/2022\\\/03\\\/favicon-transpa-big.png\",\"contentUrl\":\"https:\\\/\\\/www.terraaquatica.com\\\/wp-content\\\/uploads\\\/2022\\\/03\\\/favicon-transpa-big.png\",\"width\":512,\"height\":512,\"caption\":\"Terra Aquatica\"},\"image\":{\"@id\":\"https:\\\/\\\/www.terraaquatica.com\\\/#\\\/schema\\\/logo\\\/image\\\/\"}}]}<\/script>\n<!-- \/ Yoast SEO plugin. -->","yoast_head_json":{"title":"Silicate - Terra Aquatica","robots":{"index":"index","follow":"follow","max-snippet":"max-snippet:-1","max-image-preview":"max-image-preview:large","max-video-preview":"max-video-preview:-1"},"canonical":"https:\/\/www.terraaquatica.com\/it\/biostimolanti-organici-universali\/silicate-5\/","og_locale":"it_IT","og_type":"article","og_title":"Silicate - Terra Aquatica","og_description":"Il silicato \u00e8 un elemento molto importante per la salute delle piante pi\u00f9 sviluppate, soprattutto se coltivate in sola acqua. [&hellip;]","og_url":"https:\/\/www.terraaquatica.com\/it\/biostimolanti-organici-universali\/silicate-5","og_site_name":"Terra Aquatica","article_modified_time":"2024-10-17T15:04:43+00:00","og_image":[{"width":720,"height":720,"url":"https:\/\/www.terraaquatica.com\/wp-content\/uploads\/2019\/03\/silicate-1l.jpg","type":"image\/jpeg"}],"twitter_card":"summary_large_image","twitter_misc":{"Tempo di lettura stimato":"1 minuto"},"schema":{"@context":"https:\/\/schema.org","@graph":[{"@type":"WebPage","@id":"https:\/\/www.terraaquatica.com\/it\/biostimolanti-organici-universali\/silicate-5","url":"https:\/\/www.terraaquatica.com\/it\/biostimolanti-organici-universali\/silicate-5","name":"Silicate - Terra Aquatica","isPartOf":{"@id":"https:\/\/www.terraaquatica.com\/#website"},"primaryImageOfPage":{"@id":"https:\/\/www.terraaquatica.com\/it\/biostimolanti-organici-universali\/silicate-5#primaryimage"},"image":{"@id":"https:\/\/www.terraaquatica.com\/it\/biostimolanti-organici-universali\/silicate-5#primaryimage"},"thumbnailUrl":"https:\/\/www.terraaquatica.com\/wp-content\/uploads\/2019\/03\/silicate-1l.jpg","datePublished":"2018-12-12T07:27:03+00:00","dateModified":"2024-10-17T15:04:43+00:00","breadcrumb":{"@id":"https:\/\/www.terraaquatica.com\/it\/biostimolanti-organici-universali\/silicate-5#breadcrumb"},"inLanguage":"it-IT","potentialAction":[{"@type":"ReadAction","target":["https:\/\/www.terraaquatica.com\/it\/biostimolanti-organici-universali\/silicate-5"]}]},{"@type":"ImageObject","inLanguage":"it-IT","@id":"https:\/\/www.terraaquatica.com\/it\/biostimolanti-organici-universali\/silicate-5#primaryimage","url":"https:\/\/www.terraaquatica.com\/wp-content\/uploads\/2019\/03\/silicate-1l.jpg","contentUrl":"https:\/\/www.terraaquatica.com\/wp-content\/uploads\/2019\/03\/silicate-1l.jpg","width":720,"height":720,"caption":"Silicate"},{"@type":"BreadcrumbList","@id":"https:\/\/www.terraaquatica.com\/it\/biostimolanti-organici-universali\/silicate-5#breadcrumb","itemListElement":[{"@type":"ListItem","position":1,"name":"Accueil","item":"https:\/\/www.terraaquatica.com\/it\/"},{"@type":"ListItem","position":2,"name":"Products","item":"https:\/\/www.terraaquatica.com\/it\/product\/"},{"@type":"ListItem","position":3,"name":"Silicate"}]},{"@type":"WebSite","@id":"https:\/\/www.terraaquatica.com\/#website","url":"https:\/\/www.terraaquatica.com\/","name":"Terra Aquatica","description":"Engrais et syst\u00e8mes de culture depuis 1995","publisher":{"@id":"https:\/\/www.terraaquatica.com\/#organization"},"potentialAction":[{"@type":"SearchAction","target":{"@type":"EntryPoint","urlTemplate":"https:\/\/www.terraaquatica.com\/?s={search_term_string}"},"query-input":{"@type":"PropertyValueSpecification","valueRequired":true,"valueName":"search_term_string"}}],"inLanguage":"it-IT"},{"@type":"Organization","@id":"https:\/\/www.terraaquatica.com\/#organization","name":"Terra Aquatica","url":"https:\/\/www.terraaquatica.com\/","logo":{"@type":"ImageObject","inLanguage":"it-IT","@id":"https:\/\/www.terraaquatica.com\/#\/schema\/logo\/image\/","url":"https:\/\/www.terraaquatica.com\/wp-content\/uploads\/2022\/03\/favicon-transpa-big.png","contentUrl":"https:\/\/www.terraaquatica.com\/wp-content\/uploads\/2022\/03\/favicon-transpa-big.png","width":512,"height":512,"caption":"Terra Aquatica"},"image":{"@id":"https:\/\/www.terraaquatica.com\/#\/schema\/logo\/image\/"}}]}},"_links":{"self":[{"href":"https:\/\/www.terraaquatica.com\/it\/wp-json\/wp\/v2\/product\/2018","targetHints":{"allow":["GET"]}}],"collection":[{"href":"https:\/\/www.terraaquatica.com\/it\/wp-json\/wp\/v2\/product"}],"about":[{"href":"https:\/\/www.terraaquatica.com\/it\/wp-json\/wp\/v2\/types\/product"}],"author":[{"embeddable":true,"href":"https:\/\/www.terraaquatica.com\/it\/wp-json\/wp\/v2\/users\/3"}],"wp:featuredmedia":[{"embeddable":true,"href":"https:\/\/www.terraaquatica.com\/it\/wp-json\/wp\/v2\/media\/2013"}],"wp:attachment":[{"href":"https:\/\/www.terraaquatica.com\/it\/wp-json\/wp\/v2\/media?parent=2018"}],"wp:term":[{"taxonomy":"m_thode_de_culture","embeddable":true,"href":"https:\/\/www.terraaquatica.com\/it\/wp-json\/wp\/v2\/m_thode_de_culture?post=2018"},{"taxonomy":"substrat","embeddable":true,"href":"https:\/\/www.terraaquatica.com\/it\/wp-json\/wp\/v2\/substrat?post=2018"},{"taxonomy":"product_category","embeddable":true,"href":"https:\/\/www.terraaquatica.com\/it\/wp-json\/wp\/v2\/product_category?post=2018"}],"curies":[{"name":"wp","href":"https:\/\/api.w.org\/{rel}","templated":true}]}}