{"id":2025,"date":"2019-03-04T13:20:49","date_gmt":"2019-03-04T12:20:49","guid":{"rendered":"https:\/\/www.terraaquatica.com\/produits\/organic-soil-light-mix-4\/"},"modified":"2023-09-19T16:54:26","modified_gmt":"2023-09-19T14:54:26","slug":"organic-soil-light-mix-4","status":"publish","type":"product","link":"https:\/\/www.terraaquatica.com\/it\/substrati\/organic-soil-light-mix-4","title":{"rendered":"T.A Organic soil light-mix"},"content":{"rendered":"<p><span class=\"fontstyle0\">L\u2019estrazione della torba distrugge uno dei nostri pi\u00f9 preziosi ecosistemi, ed importante sink biosferico. Le torbiere filtrano aria ed acqua, ed ospitiano specie rare a rischio estinzione; \u00e8 tempo di trovare un\u2019alternativa ai substrati tradizionali: noi l\u2019abbiamo fatto! T.A Organic soil light-mix offre a coltivatori amatoriali e professionali :<\/span><\/p>\n<ul>\n<li><span class=\"fontstyle3\">Le qualit\u00e0 di un classico terriccio senza il costo&nbsp;<\/span>ambientale della torba<\/li>\n<li><span class=\"fontstyle3\">Un\u2019ottima ritenzione di acqua ed ossigeno<\/span><\/li>\n<li><span class=\"fontstyle3\"><span class=\"fontstyle3\">Minimo restringimento fra le irrigazioni<\/span><\/span><\/li>\n<\/ul>\n<p><span class=\"fontstyle0\">T.A. Organic soil light-mix \u00e8 un terriccio leggero di qualit\u00e0 professionale, adatto a plantule, talee e colture in vaso ma utile anche quando si voglia migliorare la qualit\u00e0 del terriccio.<br \/>\nT.A. Organic soil light-mix comprende corteccia di pino marittimo compostata, fibra di legno, fibra di cocco, ricco di micro-organismi benefici, \u00e8 particolarmente consigliato nelle coltivazioni biologiche ma si adatta bene anche all\u2019impiego di fertilizzanti minerali. La struttura leggera lascia passare l\u2019aria grazie alla fibra di cocco e alla perlite, rendendolo un substrato di qualit\u00e0 per le coltivazioni indoor e outdoor.<br \/>\nInfine, T.A. Organic soil light-mix non contiene torba perch\u00e9 si \u00e8 scelto di salvaguardare l\u2019ambiente e l\u2019equilibrio delle torbiere.<\/span><\/p>\n","protected":false},"author":3,"template":"","meta":{"_acf_changed":false},"m_thode_de_culture":[31,32],"substrat":[],"product_category":[261],"class_list":["post-2025","product","type-product","status-publish","has-post-thumbnail","hentry","m_thode_de_culture-mineral-en","m_thode_de_culture-organic-en","product_category-substrati"],"acf":[],"yoast_head":"<!-- This site is optimized with the Yoast SEO plugin v27.3 - https:\/\/yoast.com\/product\/yoast-seo-wordpress\/ -->\n<title>T.A Organic soil light-mix - Terra Aquatica<\/title>\n<meta name=\"robots\" content=\"index, follow, max-snippet:-1, max-image-preview:large, max-video-preview:-1\" \/>\n<link rel=\"canonical\" href=\"https:\/\/www.terraaquatica.com\/it\/substrati\/organic-soil-light-mix-4\/\" \/>\n<meta property=\"og:locale\" content=\"it_IT\" \/>\n<meta property=\"og:type\" content=\"article\" \/>\n<meta property=\"og:title\" content=\"T.A Organic soil light-mix - Terra Aquatica\" \/>\n<meta property=\"og:description\" content=\"L\u2019estrazione della torba distrugge uno dei nostri pi\u00f9 preziosi ecosistemi, ed importante sink biosferico. Le torbiere filtrano aria ed acqua, [&hellip;]\" \/>\n<meta property=\"og:url\" content=\"https:\/\/www.terraaquatica.com\/it\/substrati\/organic-soil-light-mix-4\" \/>\n<meta property=\"og:site_name\" content=\"Terra Aquatica\" \/>\n<meta property=\"article:modified_time\" content=\"2023-09-19T14:54:26+00:00\" \/>\n<meta property=\"og:image\" content=\"https:\/\/www.terraaquatica.com\/wp-content\/uploads\/2020\/05\/soil_v2_1.png\" \/>\n\t<meta property=\"og:image:width\" content=\"634\" \/>\n\t<meta property=\"og:image:height\" content=\"1158\" \/>\n\t<meta property=\"og:image:type\" content=\"image\/png\" \/>\n<meta name=\"twitter:card\" content=\"summary_large_image\" \/>\n<meta name=\"twitter:label1\" content=\"Tempo di lettura stimato\" \/>\n\t<meta name=\"twitter:data1\" content=\"1 minuto\" \/>\n<script type=\"application\/ld+json\" class=\"yoast-schema-graph\">{\"@context\":\"https:\\\/\\\/schema.org\",\"@graph\":[{\"@type\":\"WebPage\",\"@id\":\"https:\\\/\\\/www.terraaquatica.com\\\/it\\\/substrati\\\/organic-soil-light-mix-4\",\"url\":\"https:\\\/\\\/www.terraaquatica.com\\\/it\\\/substrati\\\/organic-soil-light-mix-4\",\"name\":\"T.A Organic soil light-mix - Terra Aquatica\",\"isPartOf\":{\"@id\":\"https:\\\/\\\/www.terraaquatica.com\\\/#website\"},\"primaryImageOfPage\":{\"@id\":\"https:\\\/\\\/www.terraaquatica.com\\\/it\\\/substrati\\\/organic-soil-light-mix-4#primaryimage\"},\"image\":{\"@id\":\"https:\\\/\\\/www.terraaquatica.com\\\/it\\\/substrati\\\/organic-soil-light-mix-4#primaryimage\"},\"thumbnailUrl\":\"https:\\\/\\\/www.terraaquatica.com\\\/wp-content\\\/uploads\\\/2020\\\/05\\\/soil_v2_1.png\",\"datePublished\":\"2019-03-04T12:20:49+00:00\",\"dateModified\":\"2023-09-19T14:54:26+00:00\",\"breadcrumb\":{\"@id\":\"https:\\\/\\\/www.terraaquatica.com\\\/it\\\/substrati\\\/organic-soil-light-mix-4#breadcrumb\"},\"inLanguage\":\"it-IT\",\"potentialAction\":[{\"@type\":\"ReadAction\",\"target\":[\"https:\\\/\\\/www.terraaquatica.com\\\/it\\\/substrati\\\/organic-soil-light-mix-4\"]}]},{\"@type\":\"ImageObject\",\"inLanguage\":\"it-IT\",\"@id\":\"https:\\\/\\\/www.terraaquatica.com\\\/it\\\/substrati\\\/organic-soil-light-mix-4#primaryimage\",\"url\":\"https:\\\/\\\/www.terraaquatica.com\\\/wp-content\\\/uploads\\\/2020\\\/05\\\/soil_v2_1.png\",\"contentUrl\":\"https:\\\/\\\/www.terraaquatica.com\\\/wp-content\\\/uploads\\\/2020\\\/05\\\/soil_v2_1.png\",\"width\":634,\"height\":1158,\"caption\":\"soil_v2\"},{\"@type\":\"BreadcrumbList\",\"@id\":\"https:\\\/\\\/www.terraaquatica.com\\\/it\\\/substrati\\\/organic-soil-light-mix-4#breadcrumb\",\"itemListElement\":[{\"@type\":\"ListItem\",\"position\":1,\"name\":\"Accueil\",\"item\":\"https:\\\/\\\/www.terraaquatica.com\\\/it\\\/\"},{\"@type\":\"ListItem\",\"position\":2,\"name\":\"Products\",\"item\":\"https:\\\/\\\/www.terraaquatica.com\\\/it\\\/product\\\/\"},{\"@type\":\"ListItem\",\"position\":3,\"name\":\"T.A Organic soil light-mix\"}]},{\"@type\":\"WebSite\",\"@id\":\"https:\\\/\\\/www.terraaquatica.com\\\/#website\",\"url\":\"https:\\\/\\\/www.terraaquatica.com\\\/\",\"name\":\"Terra Aquatica\",\"description\":\"Engrais et syst\u00e8mes de culture depuis 1995\",\"publisher\":{\"@id\":\"https:\\\/\\\/www.terraaquatica.com\\\/#organization\"},\"potentialAction\":[{\"@type\":\"SearchAction\",\"target\":{\"@type\":\"EntryPoint\",\"urlTemplate\":\"https:\\\/\\\/www.terraaquatica.com\\\/?s={search_term_string}\"},\"query-input\":{\"@type\":\"PropertyValueSpecification\",\"valueRequired\":true,\"valueName\":\"search_term_string\"}}],\"inLanguage\":\"it-IT\"},{\"@type\":\"Organization\",\"@id\":\"https:\\\/\\\/www.terraaquatica.com\\\/#organization\",\"name\":\"Terra Aquatica\",\"url\":\"https:\\\/\\\/www.terraaquatica.com\\\/\",\"logo\":{\"@type\":\"ImageObject\",\"inLanguage\":\"it-IT\",\"@id\":\"https:\\\/\\\/www.terraaquatica.com\\\/#\\\/schema\\\/logo\\\/image\\\/\",\"url\":\"https:\\\/\\\/www.terraaquatica.com\\\/wp-content\\\/uploads\\\/2022\\\/03\\\/favicon-transpa-big.png\",\"contentUrl\":\"https:\\\/\\\/www.terraaquatica.com\\\/wp-content\\\/uploads\\\/2022\\\/03\\\/favicon-transpa-big.png\",\"width\":512,\"height\":512,\"caption\":\"Terra Aquatica\"},\"image\":{\"@id\":\"https:\\\/\\\/www.terraaquatica.com\\\/#\\\/schema\\\/logo\\\/image\\\/\"}}]}<\/script>\n<!-- \/ Yoast SEO plugin. -->","yoast_head_json":{"title":"T.A Organic soil light-mix - Terra Aquatica","robots":{"index":"index","follow":"follow","max-snippet":"max-snippet:-1","max-image-preview":"max-image-preview:large","max-video-preview":"max-video-preview:-1"},"canonical":"https:\/\/www.terraaquatica.com\/it\/substrati\/organic-soil-light-mix-4\/","og_locale":"it_IT","og_type":"article","og_title":"T.A Organic soil light-mix - Terra Aquatica","og_description":"L\u2019estrazione della torba distrugge uno dei nostri pi\u00f9 preziosi ecosistemi, ed importante sink biosferico. Le torbiere filtrano aria ed acqua, [&hellip;]","og_url":"https:\/\/www.terraaquatica.com\/it\/substrati\/organic-soil-light-mix-4","og_site_name":"Terra Aquatica","article_modified_time":"2023-09-19T14:54:26+00:00","og_image":[{"width":634,"height":1158,"url":"https:\/\/www.terraaquatica.com\/wp-content\/uploads\/2020\/05\/soil_v2_1.png","type":"image\/png"}],"twitter_card":"summary_large_image","twitter_misc":{"Tempo di lettura stimato":"1 minuto"},"schema":{"@context":"https:\/\/schema.org","@graph":[{"@type":"WebPage","@id":"https:\/\/www.terraaquatica.com\/it\/substrati\/organic-soil-light-mix-4","url":"https:\/\/www.terraaquatica.com\/it\/substrati\/organic-soil-light-mix-4","name":"T.A Organic soil light-mix - Terra Aquatica","isPartOf":{"@id":"https:\/\/www.terraaquatica.com\/#website"},"primaryImageOfPage":{"@id":"https:\/\/www.terraaquatica.com\/it\/substrati\/organic-soil-light-mix-4#primaryimage"},"image":{"@id":"https:\/\/www.terraaquatica.com\/it\/substrati\/organic-soil-light-mix-4#primaryimage"},"thumbnailUrl":"https:\/\/www.terraaquatica.com\/wp-content\/uploads\/2020\/05\/soil_v2_1.png","datePublished":"2019-03-04T12:20:49+00:00","dateModified":"2023-09-19T14:54:26+00:00","breadcrumb":{"@id":"https:\/\/www.terraaquatica.com\/it\/substrati\/organic-soil-light-mix-4#breadcrumb"},"inLanguage":"it-IT","potentialAction":[{"@type":"ReadAction","target":["https:\/\/www.terraaquatica.com\/it\/substrati\/organic-soil-light-mix-4"]}]},{"@type":"ImageObject","inLanguage":"it-IT","@id":"https:\/\/www.terraaquatica.com\/it\/substrati\/organic-soil-light-mix-4#primaryimage","url":"https:\/\/www.terraaquatica.com\/wp-content\/uploads\/2020\/05\/soil_v2_1.png","contentUrl":"https:\/\/www.terraaquatica.com\/wp-content\/uploads\/2020\/05\/soil_v2_1.png","width":634,"height":1158,"caption":"soil_v2"},{"@type":"BreadcrumbList","@id":"https:\/\/www.terraaquatica.com\/it\/substrati\/organic-soil-light-mix-4#breadcrumb","itemListElement":[{"@type":"ListItem","position":1,"name":"Accueil","item":"https:\/\/www.terraaquatica.com\/it\/"},{"@type":"ListItem","position":2,"name":"Products","item":"https:\/\/www.terraaquatica.com\/it\/product\/"},{"@type":"ListItem","position":3,"name":"T.A Organic soil light-mix"}]},{"@type":"WebSite","@id":"https:\/\/www.terraaquatica.com\/#website","url":"https:\/\/www.terraaquatica.com\/","name":"Terra Aquatica","description":"Engrais et syst\u00e8mes de culture depuis 1995","publisher":{"@id":"https:\/\/www.terraaquatica.com\/#organization"},"potentialAction":[{"@type":"SearchAction","target":{"@type":"EntryPoint","urlTemplate":"https:\/\/www.terraaquatica.com\/?s={search_term_string}"},"query-input":{"@type":"PropertyValueSpecification","valueRequired":true,"valueName":"search_term_string"}}],"inLanguage":"it-IT"},{"@type":"Organization","@id":"https:\/\/www.terraaquatica.com\/#organization","name":"Terra Aquatica","url":"https:\/\/www.terraaquatica.com\/","logo":{"@type":"ImageObject","inLanguage":"it-IT","@id":"https:\/\/www.terraaquatica.com\/#\/schema\/logo\/image\/","url":"https:\/\/www.terraaquatica.com\/wp-content\/uploads\/2022\/03\/favicon-transpa-big.png","contentUrl":"https:\/\/www.terraaquatica.com\/wp-content\/uploads\/2022\/03\/favicon-transpa-big.png","width":512,"height":512,"caption":"Terra Aquatica"},"image":{"@id":"https:\/\/www.terraaquatica.com\/#\/schema\/logo\/image\/"}}]}},"_links":{"self":[{"href":"https:\/\/www.terraaquatica.com\/it\/wp-json\/wp\/v2\/product\/2025","targetHints":{"allow":["GET"]}}],"collection":[{"href":"https:\/\/www.terraaquatica.com\/it\/wp-json\/wp\/v2\/product"}],"about":[{"href":"https:\/\/www.terraaquatica.com\/it\/wp-json\/wp\/v2\/types\/product"}],"author":[{"embeddable":true,"href":"https:\/\/www.terraaquatica.com\/it\/wp-json\/wp\/v2\/users\/3"}],"wp:featuredmedia":[{"embeddable":true,"href":"https:\/\/www.terraaquatica.com\/it\/wp-json\/wp\/v2\/media\/2022"}],"wp:attachment":[{"href":"https:\/\/www.terraaquatica.com\/it\/wp-json\/wp\/v2\/media?parent=2025"}],"wp:term":[{"taxonomy":"m_thode_de_culture","embeddable":true,"href":"https:\/\/www.terraaquatica.com\/it\/wp-json\/wp\/v2\/m_thode_de_culture?post=2025"},{"taxonomy":"substrat","embeddable":true,"href":"https:\/\/www.terraaquatica.com\/it\/wp-json\/wp\/v2\/substrat?post=2025"},{"taxonomy":"product_category","embeddable":true,"href":"https:\/\/www.terraaquatica.com\/it\/wp-json\/wp\/v2\/product_category?post=2025"}],"curies":[{"name":"wp","href":"https:\/\/api.w.org\/{rel}","templated":true}]}}